{"id":29563,"date":"2024-11-23T15:26:13","date_gmt":"2024-11-23T14:26:13","guid":{"rendered":"https:\/\/serviclean.be\/produit\/toilettenpapier-3-lagig-72-xxl-rollen\/"},"modified":"2024-11-23T15:26:13","modified_gmt":"2024-11-23T14:26:13","slug":"toilettenpapier-3-lagig-72-xxl-rollen","status":"publish","type":"product","link":"https:\/\/serviclean.be\/de\/produit\/toilettenpapier-3-lagig-72-xxl-rollen\/","title":{"rendered":"Toilettenpapier 3-lagig \u2013 72 XXL-Rollen"},"content":{"rendered":"<p>G\u00f6nnen Sie sich ultimativen Komfort mit dem Toilettenpapier 3-lagig, verkauft im XXL-Pack mit 72 Rollen. Ideal f\u00fcr gro\u00dfe Haushalte, Gewerbetreibende oder alle, die gerne vorausplanen \u2013 dieses Gro\u00dfformat erm\u00f6glicht es Ihnen, Ihre Eink\u00e4ufe zu reduzieren und zu sparen. Sie m\u00fcssen nicht mehr jede Woche zum Supermarkt laufen, mit diesem Pack sind Sie f\u00fcr lange Zeit versorgt!  <\/p>\n<p>Ultraweich bietet dieses Toilettenpapier eine dreifache Lage f\u00fcr optimale Rei\u00dffestigkeit und ein au\u00dfergew\u00f6hnlich weiches Hautgef\u00fchl, selbst f\u00fcr empfindlichste Haut. Perfekt f\u00fcr den t\u00e4glichen Gebrauch, vereint es Praktikabilit\u00e4t, Komfort und Qualit\u00e4t. <\/p>\n<p><strong>Technisches Datenblatt:<\/strong><\/p>\n<ul>\n<li>Typ: Toilettenpapier 3-lagig<\/li>\n<li>Verpackung: 72 Rollen<\/li>\n<li>Lagen: 3-lagig f\u00fcr mehr Weichheit und Rei\u00dffestigkeit<\/li>\n<li>Qualit\u00e4t: Ultraweich und rei\u00dffest<\/li>\n<li>Format: XXL-Pack f\u00fcr maximale Ersparnis<\/li>\n<\/ul>\n<p><strong>Eigenschaften:<\/strong><\/p>\n<ul>\n<li>Dreifache Lage f\u00fcr optimale Saugf\u00e4higkeit<\/li>\n<li>Au\u00dfergew\u00f6hnliche Weichheit f\u00fcr t\u00e4glichen Komfort<\/li>\n<li>Ideal f\u00fcr gro\u00dfe Haushalte, B\u00fcros oder Einrichtungen mit hohem Verbrauch<\/li>\n<\/ul>\n","protected":false},"excerpt":{"rendered":"<p>Toilettenpapier 3-lagig, 72 Rollen. Ultraweich und rei\u00dffest, ideal f\u00fcr gro\u00dfe Familien und Umgebungen mit hohem Verbrauch. Komfort und Ersparnis garantiert.  <\/p>\n<p><span style=\"color: #008000;\"><strong>Art.-Nr.: 1997<\/strong><\/span><\/p>\n","protected":false},"featured_media":19619,"template":"","meta":[],"product_brand":[],"product_cat":[588],"product_tag":[],"class_list":{"0":"post-29563","1":"product","2":"type-product","3":"status-publish","4":"has-post-thumbnail","6":"product_cat-spender-und-toilettenpapier","8":"first","9":"instock","10":"taxable","11":"shipping-taxable","12":"purchasable","13":"product-type-simple"},"acf":[],"_links":{"self":[{"href":"https:\/\/serviclean.be\/de\/wp-json\/wp\/v2\/product\/29563","targetHints":{"allow":["GET"]}}],"collection":[{"href":"https:\/\/serviclean.be\/de\/wp-json\/wp\/v2\/product"}],"about":[{"href":"https:\/\/serviclean.be\/de\/wp-json\/wp\/v2\/types\/product"}],"wp:featuredmedia":[{"embeddable":true,"href":"https:\/\/serviclean.be\/de\/wp-json\/wp\/v2\/media\/19619"}],"wp:attachment":[{"href":"https:\/\/serviclean.be\/de\/wp-json\/wp\/v2\/media?parent=29563"}],"wp:term":[{"taxonomy":"product_brand","embeddable":true,"href":"https:\/\/serviclean.be\/de\/wp-json\/wp\/v2\/product_brand?post=29563"},{"taxonomy":"product_cat","embeddable":true,"href":"https:\/\/serviclean.be\/de\/wp-json\/wp\/v2\/product_cat?post=29563"},{"taxonomy":"product_tag","embeddable":true,"href":"https:\/\/serviclean.be\/de\/wp-json\/wp\/v2\/product_tag?post=29563"}],"curies":[{"name":"wp","href":"https:\/\/api.w.org\/{rel}","templated":true}]}}