{"id":29548,"date":"2026-03-11T16:11:41","date_gmt":"2026-03-11T15:11:41","guid":{"rendered":"https:\/\/serviclean.be\/produit\/alco-cid-a-5l-oberflaechendesinfektionsmittel-mit-80-alkohol\/"},"modified":"2026-03-11T16:11:41","modified_gmt":"2026-03-11T15:11:41","slug":"alco-cid-a-5l-oberflaechendesinfektionsmittel-mit-80-alkohol","status":"publish","type":"product","link":"https:\/\/serviclean.be\/de\/produit\/alco-cid-a-5l-oberflaechendesinfektionsmittel-mit-80-alkohol\/","title":{"rendered":"Alco Cid A 5L \u2013 Oberfl\u00e4chendesinfektionsmittel mit 80 % Alkohol"},"content":{"rendered":"<div>Alco Cid A 5L ist eine gebrauchsfertige Desinfektionsl\u00f6sung mit 80 % Alkohol. Ideal zur schnellen Desinfektion kleiner Fl\u00e4chen, eliminiert sie effektiv Bakterien, Hefen und Viren. Ihre schnelle Wirkung (5 Minuten Kontaktzeit) und sp\u00fclfreie Anwendung machen sie zu einem perfekten Verb\u00fcndeten f\u00fcr professionelle, medizinische und h\u00e4usliche Umgebungen. Einfach aufspr\u00fchen und trocknen lassen.   <\/div>\n<div><\/div>\n<div class=\"pane-header\"><a href=\"https:\/\/www.cidlines.com\/fr-BE\/produits\/alco-cid-0#pane-technical-info\" target=\"_blank\" rel=\"noopener\">Technische Informationen<\/a><\/div>\n<div class=\"col-md-12 product_technicalinformation pane-main\">\n<div class=\"field field-name-field-technical-information field-type-text-long field-label-hidden\">\n<div class=\"field-items\">\n<div class=\"field-item even\">\n<ul>\n<li>Zusammensetzung: 80 % Alkohol<\/li>\n<li>Anwendung: Auf kleine Fl\u00e4chen spr\u00fchen und trocknen lassen<\/li>\n<li>Eigenschaften: Bakterizid, levurozid, viruzid<\/li>\n<li>Kontaktzeit: 5 Minuten<\/li>\n<li>Verwendung: Sp\u00fclfrei, professioneller oder h\u00e4uslicher Gebrauch<\/li>\n<\/ul>\n<\/div>\n<\/div>\n<\/div>\n<\/div>\n","protected":false},"excerpt":{"rendered":"<p>Alco Cid A ist ein gebrauchsfertiges Oberfl\u00e4chendesinfektionsmittel mit 80 % Alkohol, das in nur 5 Minuten eine bakterizide, levurozide und viruzide Wirkung bietet, ohne Absp\u00fclen. Dieses Produkt ist ideal f\u00fcr die schnelle Desinfektion kleiner Fl\u00e4chen. <\/p>\n<p><strong><span style=\"color: #008000;\">Art.-Nr.: 6136<\/span><\/strong><\/p>\n","protected":false},"featured_media":29552,"template":"","meta":[],"product_brand":[],"product_cat":[574,619],"product_tag":[],"class_list":{"0":"post-29548","1":"product","2":"type-product","3":"status-publish","4":"has-post-thumbnail","6":"product_cat-hand-und-flachendesinfektion","7":"product_cat-medizinische-hygiene","9":"first","10":"instock","11":"taxable","12":"shipping-taxable","13":"purchasable","14":"product-type-simple"},"acf":[],"_links":{"self":[{"href":"https:\/\/serviclean.be\/de\/wp-json\/wp\/v2\/product\/29548","targetHints":{"allow":["GET"]}}],"collection":[{"href":"https:\/\/serviclean.be\/de\/wp-json\/wp\/v2\/product"}],"about":[{"href":"https:\/\/serviclean.be\/de\/wp-json\/wp\/v2\/types\/product"}],"wp:featuredmedia":[{"embeddable":true,"href":"https:\/\/serviclean.be\/de\/wp-json\/wp\/v2\/media\/29552"}],"wp:attachment":[{"href":"https:\/\/serviclean.be\/de\/wp-json\/wp\/v2\/media?parent=29548"}],"wp:term":[{"taxonomy":"product_brand","embeddable":true,"href":"https:\/\/serviclean.be\/de\/wp-json\/wp\/v2\/product_brand?post=29548"},{"taxonomy":"product_cat","embeddable":true,"href":"https:\/\/serviclean.be\/de\/wp-json\/wp\/v2\/product_cat?post=29548"},{"taxonomy":"product_tag","embeddable":true,"href":"https:\/\/serviclean.be\/de\/wp-json\/wp\/v2\/product_tag?post=29548"}],"curies":[{"name":"wp","href":"https:\/\/api.w.org\/{rel}","templated":true}]}}