{"id":29547,"date":"2026-04-18T16:57:57","date_gmt":"2026-04-18T14:57:57","guid":{"rendered":"https:\/\/serviclean.be\/produit\/zitronen-fingerreinigungstuecher-500-stk\/"},"modified":"2026-04-18T16:57:57","modified_gmt":"2026-04-18T14:57:57","slug":"zitronen-fingerreinigungstuecher-500-stk","status":"publish","type":"product","link":"https:\/\/serviclean.be\/de\/produit\/zitronen-fingerreinigungstuecher-500-stk\/","title":{"rendered":"Zitronen-Fingerreinigungst\u00fccher, 500 Stk."},"content":{"rendered":"<p>Praktische und hygienische L\u00f6sung f\u00fcr Gastronomie, Veranstaltungen und Lieferservices. Diese Packung enth\u00e4lt Zitronen-Fingerreinigungst\u00fccher, die ideal sind, um Ihren G\u00e4sten nach dem Essen ein Gef\u00fchl von Sauberkeit und Frische zu bieten. <\/p>\n<h2 data-section-id=\"1rbuel6\" data-start=\"818\" data-end=\"836\">Anwendungsbereiche:<\/h2>\n<ul data-start=\"837\" data-end=\"945\">\n<li data-section-id=\"6hul1z\" data-start=\"837\" data-end=\"861\">Restaurants &amp; Snacks<\/li>\n<li data-section-id=\"103lyex\" data-start=\"862\" data-end=\"888\">Catering &amp; Veranstaltungen<\/li>\n<li data-section-id=\"1hhsc5j\" data-start=\"889\" data-end=\"911\">Speisenlieferung<\/li>\n<li data-section-id=\"13mi476\" data-start=\"912\" data-end=\"927\">Food Trucks<\/li>\n<li data-section-id=\"1tg6ya6\" data-start=\"928\" data-end=\"945\">\u00d6ffentliche Einrichtungen<\/li>\n<\/ul>\n","protected":false},"excerpt":{"rendered":"<p>Einzeln verpackte Zitronen-Fingerreinigungst\u00fccher, ideal f\u00fcr HoReCa und Lieferservices.<br data-start=\"117\" data-end=\"120\">Praktisch, hygienisch und sofort einsatzbereit \u2013 sie bieten nach jeder Mahlzeit ein Gef\u00fchl von Frische.<\/p>\n<p><span style=\"color: #008000;\"><strong>Ref.: 2281<\/strong><\/span><\/p>\n","protected":false},"featured_media":29549,"template":"","meta":[],"product_brand":[],"product_cat":[624,626,709],"product_tag":[],"class_list":{"0":"post-29547","1":"product","2":"type-product","3":"status-publish","4":"has-post-thumbnail","6":"product_cat-catering","7":"product_cat-aluminium-und-schalen","8":"product_cat-fingerreinigungstucher","10":"first","11":"instock","12":"taxable","13":"shipping-taxable","14":"purchasable","15":"product-type-simple"},"acf":[],"_links":{"self":[{"href":"https:\/\/serviclean.be\/de\/wp-json\/wp\/v2\/product\/29547","targetHints":{"allow":["GET"]}}],"collection":[{"href":"https:\/\/serviclean.be\/de\/wp-json\/wp\/v2\/product"}],"about":[{"href":"https:\/\/serviclean.be\/de\/wp-json\/wp\/v2\/types\/product"}],"wp:featuredmedia":[{"embeddable":true,"href":"https:\/\/serviclean.be\/de\/wp-json\/wp\/v2\/media\/29549"}],"wp:attachment":[{"href":"https:\/\/serviclean.be\/de\/wp-json\/wp\/v2\/media?parent=29547"}],"wp:term":[{"taxonomy":"product_brand","embeddable":true,"href":"https:\/\/serviclean.be\/de\/wp-json\/wp\/v2\/product_brand?post=29547"},{"taxonomy":"product_cat","embeddable":true,"href":"https:\/\/serviclean.be\/de\/wp-json\/wp\/v2\/product_cat?post=29547"},{"taxonomy":"product_tag","embeddable":true,"href":"https:\/\/serviclean.be\/de\/wp-json\/wp\/v2\/product_tag?post=29547"}],"curies":[{"name":"wp","href":"https:\/\/api.w.org\/{rel}","templated":true}]}}