{"id":29514,"date":"2025-04-26T18:10:07","date_gmt":"2025-04-26T16:10:07","guid":{"rendered":"https:\/\/serviclean.be\/produit\/vanish-oxi-action-gel-1-l\/"},"modified":"2025-04-26T18:10:07","modified_gmt":"2025-04-26T16:10:07","slug":"vanish-oxi-action-gel-1-l","status":"publish","type":"product","link":"https:\/\/serviclean.be\/de\/produit\/vanish-oxi-action-gel-1-l\/","title":{"rendered":"Vanish Oxi Action Gel 1 l"},"content":{"rendered":"<p>Vanish Oxi Action Gel \u2013 1 l ist ein leistungsstarker, vielseitig einsetzbarer Fleckenentferner, der hartn\u00e4ckige Flecken effektiv beseitigt und dabei Ihre Textilien schont. Dank seiner Technologie auf Basis von Aktivsauerstoff dringt er tief in die Fasern ein, um selbst stark eingetrocknete R\u00fcckst\u00e4nde zu entfernen. <\/p>\n<p>F\u00fcr alle Textilien geeignet, f\u00fcr Wei\u00dfes und Buntes: Dieses Gel ist auch bei niedrigen Temperaturen wirksam und bleibt auch nach 50 W\u00e4schen leistungsstark.<\/p>\n<p><strong>Eigenschaften:<\/strong><\/p>\n<ul>\n<li>Entfernt hartn\u00e4ckige Flecken, selbst in kaltem Wasser (ab 20 \u00b0C)<\/li>\n<li>Bringt Wei\u00df wieder zum Strahlen, auch bei niedriger Temperatur<\/li>\n<li>Wirksam bis nach 50 W\u00e4schen, ohne Leistungsverlust<\/li>\n<li>Entfernt starke Ger\u00fcche (Schwei\u00df, Rauch, K\u00fcche usw.)<\/li>\n<li>Sorgt f\u00fcr perfekte Hygiene f\u00fcr eine ges\u00fcndere W\u00e4sche<\/li>\n<li>Frischt Farben auf, ohne sie zu besch\u00e4digen<\/li>\n<li>Anwendbar zur Vorbehandlung, zum Einweichen oder als Zusatz zum Waschmittel<\/li>\n<\/ul>\n","protected":false},"excerpt":{"rendered":"<p>Vanish Oxi Action Gel 1 l. Leistungsstarker Fleckenentferner, der Flecken und Ger\u00fcche ab 20 \u00b0C entfernt. Wirksam bis zu 50 W\u00e4schen. Bleibt und desinfiziert.   <\/p>\n<p><span style=\"color: #008000;\"><strong>Ref.: 9989<\/strong><\/span><\/p>\n","protected":false},"featured_media":20434,"template":"","meta":[],"product_brand":[],"product_cat":[602],"product_tag":[],"class_list":{"0":"post-29514","1":"product","2":"type-product","3":"status-publish","4":"has-post-thumbnail","6":"product_cat-waschmittel-und-weichspuler","8":"first","9":"instock","10":"taxable","11":"shipping-taxable","12":"purchasable","13":"product-type-simple"},"acf":[],"_links":{"self":[{"href":"https:\/\/serviclean.be\/de\/wp-json\/wp\/v2\/product\/29514","targetHints":{"allow":["GET"]}}],"collection":[{"href":"https:\/\/serviclean.be\/de\/wp-json\/wp\/v2\/product"}],"about":[{"href":"https:\/\/serviclean.be\/de\/wp-json\/wp\/v2\/types\/product"}],"wp:featuredmedia":[{"embeddable":true,"href":"https:\/\/serviclean.be\/de\/wp-json\/wp\/v2\/media\/20434"}],"wp:attachment":[{"href":"https:\/\/serviclean.be\/de\/wp-json\/wp\/v2\/media?parent=29514"}],"wp:term":[{"taxonomy":"product_brand","embeddable":true,"href":"https:\/\/serviclean.be\/de\/wp-json\/wp\/v2\/product_brand?post=29514"},{"taxonomy":"product_cat","embeddable":true,"href":"https:\/\/serviclean.be\/de\/wp-json\/wp\/v2\/product_cat?post=29514"},{"taxonomy":"product_tag","embeddable":true,"href":"https:\/\/serviclean.be\/de\/wp-json\/wp\/v2\/product_tag?post=29514"}],"curies":[{"name":"wp","href":"https:\/\/api.w.org\/{rel}","templated":true}]}}