{"id":29510,"date":"2025-05-01T18:06:13","date_gmt":"2025-05-01T16:06:13","guid":{"rendered":"https:\/\/serviclean.be\/produit\/dr-beckmann-fleckenseife-100-g\/"},"modified":"2025-05-01T18:06:13","modified_gmt":"2025-05-01T16:06:13","slug":"dr-beckmann-fleckenseife-100-g","status":"publish","type":"product","link":"https:\/\/serviclean.be\/de\/produit\/dr-beckmann-fleckenseife-100-g\/","title":{"rendered":"Dr. Beckmann Fleckenseife \u2013 100 g"},"content":{"rendered":"<p>Dr. Beckmann Fleckenseife \u2013 100 g ist eine kraftvolle und praktische Seife, um hartn\u00e4ckige Flecken auf allen Textilarten, selbst den empfindlichsten, effektiv zu entfernen. Die angereicherte Formel wirkt tiefenwirksam gegen Fett-, \u00d6l-, Make-up-, Obst-, Wein-, Blut- und viele weitere Flecken.  <\/p>\n<p>Einfach in der Anwendung: Reiben Sie die angefeuchtete Seife vor dem Waschen auf den Fleck. Ideal f\u00fcr eine gezielte Behandlung, von Hand oder in der Maschine. Geeignet f\u00fcr Wei\u00dfes und Buntes.  <\/p>\n","protected":false},"excerpt":{"rendered":"<p>Dr. Beckmann Fleckenseife 100 g. Entfernt hartn\u00e4ckige Flecken auf allen Textilien. Wirksam, schonend und einfach vor dem Waschen anzuwenden.   <\/p>\n<p><strong><span style=\"color: #008000;\">Ref.: 0102<\/span><\/strong><\/p>\n","protected":false},"featured_media":20525,"template":"","meta":[],"product_brand":[],"product_cat":[650,602],"product_tag":[],"class_list":{"0":"post-29510","1":"product","2":"type-product","3":"status-publish","4":"has-post-thumbnail","6":"product_cat-fleckenentferner","7":"product_cat-waschmittel-und-weichspuler","9":"first","10":"instock","11":"taxable","12":"shipping-taxable","13":"purchasable","14":"product-type-simple"},"acf":[],"_links":{"self":[{"href":"https:\/\/serviclean.be\/de\/wp-json\/wp\/v2\/product\/29510","targetHints":{"allow":["GET"]}}],"collection":[{"href":"https:\/\/serviclean.be\/de\/wp-json\/wp\/v2\/product"}],"about":[{"href":"https:\/\/serviclean.be\/de\/wp-json\/wp\/v2\/types\/product"}],"wp:featuredmedia":[{"embeddable":true,"href":"https:\/\/serviclean.be\/de\/wp-json\/wp\/v2\/media\/20525"}],"wp:attachment":[{"href":"https:\/\/serviclean.be\/de\/wp-json\/wp\/v2\/media?parent=29510"}],"wp:term":[{"taxonomy":"product_brand","embeddable":true,"href":"https:\/\/serviclean.be\/de\/wp-json\/wp\/v2\/product_brand?post=29510"},{"taxonomy":"product_cat","embeddable":true,"href":"https:\/\/serviclean.be\/de\/wp-json\/wp\/v2\/product_cat?post=29510"},{"taxonomy":"product_tag","embeddable":true,"href":"https:\/\/serviclean.be\/de\/wp-json\/wp\/v2\/product_tag?post=29510"}],"curies":[{"name":"wp","href":"https:\/\/api.w.org\/{rel}","templated":true}]}}