{"id":29506,"date":"2025-05-01T18:22:03","date_gmt":"2025-05-01T16:22:03","guid":{"rendered":"https:\/\/serviclean.be\/produit\/dr-beckmann-active-white-15-tuecher\/"},"modified":"2025-05-01T18:22:03","modified_gmt":"2025-05-01T16:22:03","slug":"dr-beckmann-active-white-15-tuecher","status":"publish","type":"product","link":"https:\/\/serviclean.be\/de\/produit\/dr-beckmann-active-white-15-tuecher\/","title":{"rendered":"DR. BECKMANN ACTIVE WHITE 15 T\u00dcCHER"},"content":{"rendered":"<p>Dr. Beckmann Aktiv-Wei\u00df \u2013 15 T\u00fccher ist eine gezielte Behandlung, die entwickelt wurde, um Gelbstich und Schwei\u00dfr\u00fcckst\u00e4nde auf wei\u00dfen Textilien effektiv zu entfernen. Diese einfach anzuwendenden T\u00fccher wirken schnell, um Ihrer wei\u00dfen W\u00e4sche ihre volle Leuchtkraft zur\u00fcckzugeben, ohne die Fasern zu besch\u00e4digen. <\/p>\n<p>Ideal f\u00fcr wei\u00dfe Kleidung: Sie beugen Vergilbung vor und verl\u00e4ngern die Lebensdauer der Textilien, w\u00e4hrend sie ein sauberes und strahlendes Aussehen garantieren.<\/p>\n","protected":false},"excerpt":{"rendered":"<p>15 Dr. Beckmann Aktiv-Wei\u00df T\u00fccher zur Entfernung von Gelbstich und Vergilbung auf wei\u00dfen Textilien. Verleiht der W\u00e4sche neuen Glanz und Sauberkeit. <\/p>\n<p><strong><span style=\"color: #008000;\">Ref.: 0129<\/span><\/strong><\/p>\n","protected":false},"featured_media":20529,"template":"","meta":[],"product_brand":[],"product_cat":[602,615],"product_tag":[],"class_list":{"0":"post-29506","1":"product","2":"type-product","3":"status-publish","4":"has-post-thumbnail","6":"product_cat-waschmittel-und-weichspuler","7":"product_cat-waschepflege","9":"first","10":"instock","11":"taxable","12":"shipping-taxable","13":"purchasable","14":"product-type-simple"},"acf":[],"_links":{"self":[{"href":"https:\/\/serviclean.be\/de\/wp-json\/wp\/v2\/product\/29506","targetHints":{"allow":["GET"]}}],"collection":[{"href":"https:\/\/serviclean.be\/de\/wp-json\/wp\/v2\/product"}],"about":[{"href":"https:\/\/serviclean.be\/de\/wp-json\/wp\/v2\/types\/product"}],"wp:featuredmedia":[{"embeddable":true,"href":"https:\/\/serviclean.be\/de\/wp-json\/wp\/v2\/media\/20529"}],"wp:attachment":[{"href":"https:\/\/serviclean.be\/de\/wp-json\/wp\/v2\/media?parent=29506"}],"wp:term":[{"taxonomy":"product_brand","embeddable":true,"href":"https:\/\/serviclean.be\/de\/wp-json\/wp\/v2\/product_brand?post=29506"},{"taxonomy":"product_cat","embeddable":true,"href":"https:\/\/serviclean.be\/de\/wp-json\/wp\/v2\/product_cat?post=29506"},{"taxonomy":"product_tag","embeddable":true,"href":"https:\/\/serviclean.be\/de\/wp-json\/wp\/v2\/product_tag?post=29506"}],"curies":[{"name":"wp","href":"https:\/\/api.w.org\/{rel}","templated":true}]}}