{"id":29505,"date":"2025-04-28T13:32:02","date_gmt":"2025-04-28T11:32:02","guid":{"rendered":"https:\/\/serviclean.be\/produit\/unger-ergotec-guertel-fuer-koecher-zubehoer\/"},"modified":"2025-04-28T13:32:02","modified_gmt":"2025-04-28T11:32:02","slug":"unger-ergotec-guertel-fuer-koecher-zubehoer","status":"publish","type":"product","link":"https:\/\/serviclean.be\/de\/produit\/unger-ergotec-guertel-fuer-koecher-zubehoer\/","title":{"rendered":"Unger ErgoTec G\u00fcrtel \u2013 F\u00fcr K\u00f6cher &amp; Zubeh\u00f6r"},"content":{"rendered":"<p>Der Unger ErgoTec G\u00fcrtel ist f\u00fcr Komfort und Praktikabilit\u00e4t f\u00fcr professionelle Fensterputzer konzipiert. Leicht, robust und verstellbar erm\u00f6glicht er die sichere Befestigung von Unger K\u00f6chern sowie verschiedenem unverzichtbarem Fensterreinigungszubeh\u00f6r. <\/p>\n<p>Sein Schnellverschlusssystem erleichtert das An- und Ablegen, w\u00e4hrend der robuste Riemen eine hervorragende Widerstandsf\u00e4higkeit bei intensiver Nutzung gew\u00e4hrleistet. F\u00fcr dauerhaften Tragekomfort konzipiert, erm\u00f6glicht er es, alle Werkzeuge griffbereit zu halten und die Produktivit\u00e4t vor Ort zu optimieren. <\/p>\n<p>Ideal zur Erg\u00e4nzung der Unger Ninja oder Classic K\u00f6cher passt sich dieser G\u00fcrtel dank seiner verstellbaren L\u00e4nge den meisten K\u00f6rperformen an.<\/p>\n<p><strong>Technisches Datenblatt;<\/strong><\/p>\n<ul>\n<li>Produkt: G\u00fcrtel f\u00fcr K\u00f6cher und Zubeh\u00f6r<\/li>\n<li>Marke: Unger ErgoTec<\/li>\n<li>Material: Strapazierf\u00e4higes Nylon<\/li>\n<li>Verschluss: Schnellverschlussschnalle<\/li>\n<li>L\u00e4nge: Verstellbar bis ca. 120 cm<\/li>\n<\/ul>\n<p><strong>Eigenschaften:<\/strong><\/p>\n<ul>\n<li>Kompatibel mit allen Unger K\u00f6chern<\/li>\n<li>Strapazierf\u00e4hig und leicht<\/li>\n<li>Komfortabel bei l\u00e4ngerem Tragen<\/li>\n<li>Stabile Befestigung f\u00fcr Reinigungswerkzeuge<\/li>\n<\/ul>\n<p><strong>Gebrauchsanweisung:<\/strong><\/p>\n<ul>\n<li>G\u00fcrtel auf die gew\u00fcnschte Gr\u00f6\u00dfe einstellen.<\/li>\n<li>K\u00f6cher oder kompatibles Zubeh\u00f6r befestigen.<\/li>\n<li>Sicherheitsschnalle schlie\u00dfen.<\/li>\n<li>Um die Taille tragen, um Werkzeuge griffbereit zu halten.<\/li>\n<\/ul>\n","protected":false},"excerpt":{"rendered":"<p>Unger ErgoTec G\u00fcrtel verstellbar. Komfortabel und strapazierf\u00e4hig, ideal zur Befestigung von K\u00f6chern und Fensterreinigungszubeh\u00f6r. <\/p>\n<p><strong><span style=\"color: #008000;\">Art.-Nr.: 5923<\/span><\/strong><\/p>\n","protected":false},"featured_media":29507,"template":"","meta":[],"product_brand":[],"product_cat":[576],"product_tag":[577],"class_list":{"0":"post-29505","1":"product","2":"type-product","3":"status-publish","4":"has-post-thumbnail","6":"product_cat-fensterreinigungszubehor","7":"product_tag-unger","9":"first","10":"instock","11":"taxable","12":"shipping-taxable","13":"purchasable","14":"product-type-simple"},"acf":[],"_links":{"self":[{"href":"https:\/\/serviclean.be\/de\/wp-json\/wp\/v2\/product\/29505","targetHints":{"allow":["GET"]}}],"collection":[{"href":"https:\/\/serviclean.be\/de\/wp-json\/wp\/v2\/product"}],"about":[{"href":"https:\/\/serviclean.be\/de\/wp-json\/wp\/v2\/types\/product"}],"wp:featuredmedia":[{"embeddable":true,"href":"https:\/\/serviclean.be\/de\/wp-json\/wp\/v2\/media\/29507"}],"wp:attachment":[{"href":"https:\/\/serviclean.be\/de\/wp-json\/wp\/v2\/media?parent=29505"}],"wp:term":[{"taxonomy":"product_brand","embeddable":true,"href":"https:\/\/serviclean.be\/de\/wp-json\/wp\/v2\/product_brand?post=29505"},{"taxonomy":"product_cat","embeddable":true,"href":"https:\/\/serviclean.be\/de\/wp-json\/wp\/v2\/product_cat?post=29505"},{"taxonomy":"product_tag","embeddable":true,"href":"https:\/\/serviclean.be\/de\/wp-json\/wp\/v2\/product_tag?post=29505"}],"curies":[{"name":"wp","href":"https:\/\/api.w.org\/{rel}","templated":true}]}}