{"id":29502,"date":"2025-04-30T12:33:42","date_gmt":"2025-04-30T10:33:42","guid":{"rendered":"https:\/\/serviclean.be\/produit\/moerman-combinator-2-0-griff\/"},"modified":"2025-04-30T12:33:42","modified_gmt":"2025-04-30T10:33:42","slug":"moerman-combinator-2-0-griff","status":"publish","type":"product","link":"https:\/\/serviclean.be\/de\/produit\/moerman-combinator-2-0-griff\/","title":{"rendered":"Moerman Combinator 2.0 Griff"},"content":{"rendered":"<h2>Eigenschaften:<\/h2>\n<ul>\n<li class=\"bullet-checkmark\">Ideal f\u00fcr den Einsatz in gro\u00dfer oder geringer Reichweite<\/li>\n<li class=\"bullet-checkmark\">Passend f\u00fcr alle Moerman-Schienen und die meisten anderen g\u00e4ngigen Schienen<\/li>\n<li class=\"bullet-checkmark\">Erzielen Sie beste Ergebnisse mit unserem Combinator 2.0<\/li>\n<\/ul>\n","protected":false},"excerpt":{"rendered":"<p>Der Combinator 2.0 Griff ist Teil des Combinator-Kits, kann aber auch als eigenst\u00e4ndiger Griff verwendet werden. Er ist leicht und aus langlebigem Polypropylen gefertigt. Passend f\u00fcr alle Moerman-Schienen und die g\u00e4ngigsten Marken.  <\/p>\n<p><span style=\"color: #008000;\"><strong>Ref: 2103<\/strong><\/span><\/p>\n","protected":false},"featured_media":29503,"template":"","meta":[],"product_brand":[],"product_cat":[576],"product_tag":[608],"class_list":{"0":"post-29502","1":"product","2":"type-product","3":"status-publish","4":"has-post-thumbnail","6":"product_cat-fensterreinigungszubehor","7":"product_tag-moerman","9":"first","10":"instock","11":"taxable","12":"shipping-taxable","13":"purchasable","14":"product-type-simple"},"acf":[],"_links":{"self":[{"href":"https:\/\/serviclean.be\/de\/wp-json\/wp\/v2\/product\/29502","targetHints":{"allow":["GET"]}}],"collection":[{"href":"https:\/\/serviclean.be\/de\/wp-json\/wp\/v2\/product"}],"about":[{"href":"https:\/\/serviclean.be\/de\/wp-json\/wp\/v2\/types\/product"}],"wp:featuredmedia":[{"embeddable":true,"href":"https:\/\/serviclean.be\/de\/wp-json\/wp\/v2\/media\/29503"}],"wp:attachment":[{"href":"https:\/\/serviclean.be\/de\/wp-json\/wp\/v2\/media?parent=29502"}],"wp:term":[{"taxonomy":"product_brand","embeddable":true,"href":"https:\/\/serviclean.be\/de\/wp-json\/wp\/v2\/product_brand?post=29502"},{"taxonomy":"product_cat","embeddable":true,"href":"https:\/\/serviclean.be\/de\/wp-json\/wp\/v2\/product_cat?post=29502"},{"taxonomy":"product_tag","embeddable":true,"href":"https:\/\/serviclean.be\/de\/wp-json\/wp\/v2\/product_tag?post=29502"}],"curies":[{"name":"wp","href":"https:\/\/api.w.org\/{rel}","templated":true}]}}