{"id":29490,"date":"2025-05-03T15:45:52","date_gmt":"2025-05-03T13:45:52","guid":{"rendered":"https:\/\/serviclean.be\/produit\/dr-beckmann-farbschutz-tuecher\/"},"modified":"2025-05-03T15:45:52","modified_gmt":"2025-05-03T13:45:52","slug":"dr-beckmann-farbschutz-tuecher","status":"publish","type":"product","link":"https:\/\/serviclean.be\/de\/produit\/dr-beckmann-farbschutz-tuecher\/","title":{"rendered":"DR. BECKMANN FARBSCHUTZ-T\u00dcCHER"},"content":{"rendered":"<p>Dr. Beckmann Farb-  Schmutzf\u00e4nger sind die ideale L\u00f6sung, um Verf\u00e4rbungen beim W\u00e4schewaschen zu vermeiden. Dank ihrer absorbierenden Technologie fangen diese T\u00fccher die in das Wasser abgegebenen Farben w\u00e4hrend des Waschgangs auf und verhindern so deren \u00dcbertragung auf andere Kleidungsst\u00fccke.  <\/p>\n<p>So k\u00f6nnen Sie W\u00e4sche verschiedener Farben sicher zusammen waschen. Praktisch und effektiv sch\u00fctzen sie Ihre Kleidung, bewahren deren Glanz und verl\u00e4ngern ihre Lebensdauer. <\/p>\n","protected":false},"excerpt":{"rendered":"<p>Dr. Beckmann Farb-  Schmutzf\u00e4nger. Verhindert Farb\u00fcbertragung w\u00e4hrend des Waschens. Gesch\u00fctzte W\u00e4sche, bewahrte Farben.   <\/p>\n<p><strong><span style=\"color: #008000;\">Art.-Nr.: 0078<\/span><\/strong><\/p>\n","protected":false},"featured_media":20553,"template":"","meta":[],"product_brand":[],"product_cat":[602],"product_tag":[],"class_list":{"0":"post-29490","1":"product","2":"type-product","3":"status-publish","4":"has-post-thumbnail","6":"product_cat-waschmittel-und-weichspuler","8":"first","9":"instock","10":"taxable","11":"shipping-taxable","12":"purchasable","13":"product-type-simple"},"acf":[],"_links":{"self":[{"href":"https:\/\/serviclean.be\/de\/wp-json\/wp\/v2\/product\/29490","targetHints":{"allow":["GET"]}}],"collection":[{"href":"https:\/\/serviclean.be\/de\/wp-json\/wp\/v2\/product"}],"about":[{"href":"https:\/\/serviclean.be\/de\/wp-json\/wp\/v2\/types\/product"}],"wp:featuredmedia":[{"embeddable":true,"href":"https:\/\/serviclean.be\/de\/wp-json\/wp\/v2\/media\/20553"}],"wp:attachment":[{"href":"https:\/\/serviclean.be\/de\/wp-json\/wp\/v2\/media?parent=29490"}],"wp:term":[{"taxonomy":"product_brand","embeddable":true,"href":"https:\/\/serviclean.be\/de\/wp-json\/wp\/v2\/product_brand?post=29490"},{"taxonomy":"product_cat","embeddable":true,"href":"https:\/\/serviclean.be\/de\/wp-json\/wp\/v2\/product_cat?post=29490"},{"taxonomy":"product_tag","embeddable":true,"href":"https:\/\/serviclean.be\/de\/wp-json\/wp\/v2\/product_tag?post=29490"}],"curies":[{"name":"wp","href":"https:\/\/api.w.org\/{rel}","templated":true}]}}