{"id":29489,"date":"2025-06-25T18:34:36","date_gmt":"2025-06-25T16:34:36","guid":{"rendered":"https:\/\/serviclean.be\/produit\/heizkoerperbuerste-reines-rosshaar-flexibel-85-35-cm-durchm-65-cm\/"},"modified":"2025-06-25T18:34:36","modified_gmt":"2025-06-25T16:34:36","slug":"heizkoerperbuerste-reines-rosshaar-flexibel-85-35-cm-durchm-65-cm","status":"publish","type":"product","link":"https:\/\/serviclean.be\/de\/produit\/heizkoerperbuerste-reines-rosshaar-flexibel-85-35-cm-durchm-65-cm\/","title":{"rendered":"Heizk\u00f6rperb\u00fcrste reines Rosshaar flexibel 85\/35 cm Durchm. 6,5 cm"},"content":{"rendered":"<p>Diese Heizk\u00f6rperb\u00fcrste aus reinem Naturrosshaar ist ideal f\u00fcr eine pr\u00e4zise und sanfte Reinigung und wurde entwickelt, um schwer zug\u00e4ngliche Stellen, insbesondere zwischen den Heizk\u00f6rperlamellen, m\u00fchelos zu erreichen. Sie ist flexibel, passt sich geschwungenen Formen an und garantiert ein effizientes Entstauben, ohne Oberfl\u00e4chen zu verkratzen. Gesamtl\u00e4nge: 85 cm, Nutzl\u00e4nge: 35 cm, Durchmesser: 6,5 cm.  <\/p>\n","protected":false},"excerpt":{"rendered":"<p>Diese Heizk\u00f6rperb\u00fcrste aus reinem <strong>Naturrosshaar<\/strong> ist ideal f\u00fcr eine pr\u00e4zise und sanfte Reinigung und wurde entwickelt, um schwer zug\u00e4ngliche Stellen m\u00fchelos zu erreichen.<\/p>\n<p><span style=\"color: #00a859;\"><strong>Art.-Nr.: 0359<\/strong><\/span><\/p>\n","protected":false},"featured_media":29491,"template":"","meta":[],"product_brand":[],"product_cat":[600],"product_tag":[],"class_list":{"0":"post-29489","1":"product","2":"type-product","3":"status-publish","4":"has-post-thumbnail","6":"product_cat-kehren-entstauben","8":"first","9":"instock","10":"taxable","11":"shipping-taxable","12":"purchasable","13":"product-type-simple"},"acf":[],"_links":{"self":[{"href":"https:\/\/serviclean.be\/de\/wp-json\/wp\/v2\/product\/29489","targetHints":{"allow":["GET"]}}],"collection":[{"href":"https:\/\/serviclean.be\/de\/wp-json\/wp\/v2\/product"}],"about":[{"href":"https:\/\/serviclean.be\/de\/wp-json\/wp\/v2\/types\/product"}],"wp:featuredmedia":[{"embeddable":true,"href":"https:\/\/serviclean.be\/de\/wp-json\/wp\/v2\/media\/29491"}],"wp:attachment":[{"href":"https:\/\/serviclean.be\/de\/wp-json\/wp\/v2\/media?parent=29489"}],"wp:term":[{"taxonomy":"product_brand","embeddable":true,"href":"https:\/\/serviclean.be\/de\/wp-json\/wp\/v2\/product_brand?post=29489"},{"taxonomy":"product_cat","embeddable":true,"href":"https:\/\/serviclean.be\/de\/wp-json\/wp\/v2\/product_cat?post=29489"},{"taxonomy":"product_tag","embeddable":true,"href":"https:\/\/serviclean.be\/de\/wp-json\/wp\/v2\/product_tag?post=29489"}],"curies":[{"name":"wp","href":"https:\/\/api.w.org\/{rel}","templated":true}]}}