{"id":29484,"date":"2025-05-03T16:11:45","date_gmt":"2025-05-03T14:11:45","guid":{"rendered":"https:\/\/serviclean.be\/produit\/febreze-morgenfrische-300-ml\/"},"modified":"2025-05-03T16:11:45","modified_gmt":"2025-05-03T14:11:45","slug":"febreze-morgenfrische-300-ml","status":"publish","type":"product","link":"https:\/\/serviclean.be\/de\/produit\/febreze-morgenfrische-300-ml\/","title":{"rendered":"FEBREZE MORGENFRISCHE 300 ml"},"content":{"rendered":"<p>Das Febreze Spray Morgenfrische 300 ml bringt eine zarte, belebende Frische in Ihre R\u00e4ume. Seine einzigartige Formel neutralisiert unangenehme Ger\u00fcche und hinterl\u00e4sst einen leichten, erfrischenden Duft, inspiriert vom Morgentau. Einfach in der Anwendung \u2013 dieses Spray ist ideal f\u00fcr alle R\u00e4ume im Haus, B\u00fcros oder \u00f6ffentliche Bereiche und sorgt im Handumdrehen f\u00fcr eine angenehme, saubere Atmosph\u00e4re.  <\/p>\n","protected":false},"excerpt":{"rendered":"<p>Febreze Spray Morgenfrische 300 ml, neutralisiert Ger\u00fcche und parf\u00fcmiert Ihre R\u00e4ume dezent.<\/p>\n<p><strong><span style=\"color: #008000;\">Ref.: 1229<\/span><\/strong><\/p>\n","protected":false},"featured_media":20557,"template":"","meta":[],"product_brand":[],"product_cat":[651],"product_tag":[],"class_list":{"0":"post-29484","1":"product","2":"type-product","3":"status-publish","4":"has-post-thumbnail","6":"product_cat-lufterfrischer","8":"first","9":"instock","10":"taxable","11":"shipping-taxable","12":"purchasable","13":"product-type-simple"},"acf":[],"_links":{"self":[{"href":"https:\/\/serviclean.be\/de\/wp-json\/wp\/v2\/product\/29484","targetHints":{"allow":["GET"]}}],"collection":[{"href":"https:\/\/serviclean.be\/de\/wp-json\/wp\/v2\/product"}],"about":[{"href":"https:\/\/serviclean.be\/de\/wp-json\/wp\/v2\/types\/product"}],"wp:featuredmedia":[{"embeddable":true,"href":"https:\/\/serviclean.be\/de\/wp-json\/wp\/v2\/media\/20557"}],"wp:attachment":[{"href":"https:\/\/serviclean.be\/de\/wp-json\/wp\/v2\/media?parent=29484"}],"wp:term":[{"taxonomy":"product_brand","embeddable":true,"href":"https:\/\/serviclean.be\/de\/wp-json\/wp\/v2\/product_brand?post=29484"},{"taxonomy":"product_cat","embeddable":true,"href":"https:\/\/serviclean.be\/de\/wp-json\/wp\/v2\/product_cat?post=29484"},{"taxonomy":"product_tag","embeddable":true,"href":"https:\/\/serviclean.be\/de\/wp-json\/wp\/v2\/product_tag?post=29484"}],"curies":[{"name":"wp","href":"https:\/\/api.w.org\/{rel}","templated":true}]}}