{"id":29483,"date":"2025-09-04T15:14:42","date_gmt":"2025-09-04T13:14:42","guid":{"rendered":"https:\/\/serviclean.be\/produit\/brasso-fluessige-kupferpolitur-175-ml\/"},"modified":"2025-09-04T15:14:42","modified_gmt":"2025-09-04T13:14:42","slug":"brasso-fluessige-kupferpolitur-175-ml","status":"publish","type":"product","link":"https:\/\/serviclean.be\/de\/produit\/brasso-fluessige-kupferpolitur-175-ml\/","title":{"rendered":"Brasso Fl\u00fcssige Kupferpolitur \u2013 175 ml"},"content":{"rendered":"<p>Brasso Kupfer reinigt m\u00fchelos und sorgt f\u00fcr langanhaltenden Glanz. F\u00fcr Kupfer, Messing, Bronze, Aluminium, Stahl. Brasso Kupfer reinigt gr\u00fcndlich und bringt Rotkupfer, Gelbkupfer (Messing), Bronze, Aluminium, Stahl und Zink dauerhaft zum Gl\u00e4nzen.<br \/>\nDank seiner antioxidativen Formel entfernt Brasso Ablagerungen und verlangsamt die Reoxidation \u00fcber mehrere Monate.<br \/>\nDie Kupferformel wird auch zur Reinigung von Auto- und Motorradfelgen, Fahrradspeichen, Gasherdplatten, Kaminb\u00f6cken, Hartplastik (Plexiglas) sowie lackierten oder emaillierten Oberfl\u00e4chen empfohlen.<br \/>\nFlasche mit 175 ml.<br \/>\n<span style=\"color: #008000;\"><strong>Art.-Nr.: 5890<\/strong><\/span><\/p>\n","protected":false},"excerpt":{"rendered":"<p>Miror reinigt Kupfer, Aluminium und viele andere Metalle und hinterl\u00e4sst einen sch\u00f6nen Glanz<\/p>\n<p><span style=\"color: #008000;\"><strong>Art.-Nr.: 5890<\/strong><\/span><\/p>\n","protected":false},"featured_media":29485,"template":"","meta":[],"product_brand":[],"product_cat":[668],"product_tag":[],"class_list":{"0":"post-29483","1":"product","2":"type-product","3":"status-publish","4":"has-post-thumbnail","6":"product_cat-pflege-fur-silber-kupfer","8":"first","9":"instock","10":"taxable","11":"shipping-taxable","12":"purchasable","13":"product-type-simple"},"acf":[],"_links":{"self":[{"href":"https:\/\/serviclean.be\/de\/wp-json\/wp\/v2\/product\/29483","targetHints":{"allow":["GET"]}}],"collection":[{"href":"https:\/\/serviclean.be\/de\/wp-json\/wp\/v2\/product"}],"about":[{"href":"https:\/\/serviclean.be\/de\/wp-json\/wp\/v2\/types\/product"}],"wp:featuredmedia":[{"embeddable":true,"href":"https:\/\/serviclean.be\/de\/wp-json\/wp\/v2\/media\/29485"}],"wp:attachment":[{"href":"https:\/\/serviclean.be\/de\/wp-json\/wp\/v2\/media?parent=29483"}],"wp:term":[{"taxonomy":"product_brand","embeddable":true,"href":"https:\/\/serviclean.be\/de\/wp-json\/wp\/v2\/product_brand?post=29483"},{"taxonomy":"product_cat","embeddable":true,"href":"https:\/\/serviclean.be\/de\/wp-json\/wp\/v2\/product_cat?post=29483"},{"taxonomy":"product_tag","embeddable":true,"href":"https:\/\/serviclean.be\/de\/wp-json\/wp\/v2\/product_tag?post=29483"}],"curies":[{"name":"wp","href":"https:\/\/api.w.org\/{rel}","templated":true}]}}