{"id":29477,"date":"2025-05-05T12:08:47","date_gmt":"2025-05-05T10:08:47","guid":{"rendered":"https:\/\/serviclean.be\/produit\/moerman-premium-mikrofaser-wischbezug-35-45-cm\/"},"modified":"2025-05-05T12:08:47","modified_gmt":"2025-05-05T10:08:47","slug":"moerman-premium-mikrofaser-wischbezug-35-45-cm","status":"publish","type":"product","link":"https:\/\/serviclean.be\/de\/produit\/moerman-premium-mikrofaser-wischbezug-35-45-cm\/","title":{"rendered":"Moerman Premium Mikrofaser-Wischbezug 35\/45 cm"},"content":{"rendered":"<ul>\n<li>\n<p data-start=\"499\" data-end=\"521\"><strong data-start=\"499\" data-end=\"521\">Eigenschaften:<\/strong><\/p>\n<ul data-start=\"522\" data-end=\"1068\">\n<li data-start=\"522\" data-end=\"659\">\n<p data-start=\"524\" data-end=\"659\"><strong data-start=\"524\" data-end=\"552\">Hochwertige Mikrofaser<\/strong>: Nimmt Schmutz, Staub und R\u00fcckst\u00e4nde effektiv auf f\u00fcr eine m\u00fchelose Tiefenreinigung.<\/p>\n<\/li>\n<li data-start=\"660\" data-end=\"786\">\n<p data-start=\"662\" data-end=\"786\"><strong data-start=\"662\" data-end=\"687\">Hervorragende Saugf\u00e4higkeit<\/strong>: H\u00e4lt gro\u00dfe Mengen Wasser und Reinigungsl\u00f6sung zur\u00fcck, wodurch h\u00e4ufiges Nachf\u00fcllen reduziert wird.<\/p>\n<\/li>\n<li data-start=\"787\" data-end=\"897\">\n<p data-start=\"789\" data-end=\"897\"><strong data-start=\"789\" data-end=\"816\">Integrierter Schrubberstreifen<\/strong>: Erleichtert das Entfernen hartn\u00e4ckiger Verschmutzungen, ohne Glasfl\u00e4chen zu zerkratzen.<\/p>\n<\/li>\n<li data-start=\"898\" data-end=\"997\">\n<p data-start=\"900\" data-end=\"997\"><strong data-start=\"900\" data-end=\"928\">Widerstandsf\u00e4higkeit und Langlebigkeit<\/strong>: Verst\u00e4rkte N\u00e4hte f\u00fcr intensiven Gebrauch und lange Lebensdauer.<\/p>\n<\/li>\n<li data-start=\"998\" data-end=\"1068\">\n<p data-start=\"1000\" data-end=\"1068\"><strong data-start=\"1000\" data-end=\"1020\">Einfache Pflege<\/strong>: Maschinenwaschbar ohne Leistungsverlust.<\/p>\n<\/li>\n<\/ul>\n<\/li>\n<\/ul>\n","protected":false},"excerpt":{"rendered":"<p>Der Moerman Premium Mikrofaser-Wischbezug wurde f\u00fcr Reinigungsfachkr\u00e4fte entwickelt und bietet eine au\u00dfergew\u00f6hnliche Reinigungsleistung. Dieser Bezug ist mit Standard-Einwaschhaltern kompatibel und in zwei L\u00e4ngen (35 cm und 45 cm) erh\u00e4ltlich, um Ihren Anforderungen gerecht zu werden. <\/p>\n<p><span style=\"color: #008000;\"><strong>Art.-Nr.: 1506, 1495<\/strong><\/span><\/p>\n","protected":false},"featured_media":29479,"template":"","meta":[],"product_brand":[],"product_cat":[576],"product_tag":[],"class_list":{"0":"post-29477","1":"product","2":"type-product","3":"status-publish","4":"has-post-thumbnail","6":"product_cat-fensterreinigungszubehor","8":"first","9":"instock","10":"taxable","11":"shipping-taxable","12":"purchasable","13":"product-type-variable"},"acf":[],"_links":{"self":[{"href":"https:\/\/serviclean.be\/de\/wp-json\/wp\/v2\/product\/29477","targetHints":{"allow":["GET"]}}],"collection":[{"href":"https:\/\/serviclean.be\/de\/wp-json\/wp\/v2\/product"}],"about":[{"href":"https:\/\/serviclean.be\/de\/wp-json\/wp\/v2\/types\/product"}],"wp:featuredmedia":[{"embeddable":true,"href":"https:\/\/serviclean.be\/de\/wp-json\/wp\/v2\/media\/29479"}],"wp:attachment":[{"href":"https:\/\/serviclean.be\/de\/wp-json\/wp\/v2\/media?parent=29477"}],"wp:term":[{"taxonomy":"product_brand","embeddable":true,"href":"https:\/\/serviclean.be\/de\/wp-json\/wp\/v2\/product_brand?post=29477"},{"taxonomy":"product_cat","embeddable":true,"href":"https:\/\/serviclean.be\/de\/wp-json\/wp\/v2\/product_cat?post=29477"},{"taxonomy":"product_tag","embeddable":true,"href":"https:\/\/serviclean.be\/de\/wp-json\/wp\/v2\/product_tag?post=29477"}],"curies":[{"name":"wp","href":"https:\/\/api.w.org\/{rel}","templated":true}]}}