{"id":29471,"date":"2025-09-05T14:26:34","date_gmt":"2025-09-05T12:26:34","guid":{"rendered":"https:\/\/serviclean.be\/produit\/numatic-nass-und-trockensauger-wvd900\/"},"modified":"2025-09-05T14:26:34","modified_gmt":"2025-09-05T12:26:34","slug":"numatic-nass-und-trockensauger-wvd900","status":"publish","type":"product","link":"https:\/\/serviclean.be\/de\/produit\/numatic-nass-und-trockensauger-wvd900\/","title":{"rendered":"NUMATIC Nass- und Trockensauger WVD900"},"content":{"rendered":"<h3><strong>Die Leistung des Staubsaugers entfernt m\u00fchelos hartn\u00e4ckige Haare aus dem Teppich und nimmt Tierhaare im Auto oder auf Treppen in Angriff.<\/strong><\/h3>\n<h3><strong>Beschreibung<\/strong><\/h3>\n<p>Die Vielseitigkeit des Nass- und Trockensaugers WVD900 macht ihn ebenso effektiv beim Entfernen von festen wie fl\u00fcssigen Abf\u00e4llen. Ausgestattet mit 2 sehr leistungsstarken 2-stufigen By-pass-Turbinenmotoren. NUPLUG-System f\u00fcr einen schnellen, werkzeuglosen Kabelwechsel. Er verf\u00fcgt \u00fcber einen gro\u00dfvolumigen Structofoam-Beh\u00e4lter mit einem einzigartigen Deichselsystem zum Kippen und m\u00fchelosen Entleeren, um Muskel-Skelett-Erkrankungen zu reduzieren.   <\/p>\n<ul>\n<li><strong>Kapazit\u00e4t<\/strong> : 40\/32 l<\/li>\n<li><strong>Unterdruck<\/strong> : 2500 mm\/WS<\/li>\n<li><strong>Luftdurchsatz<\/strong> : 80 l\/s<\/li>\n<li><strong>Gewicht<\/strong> : 26 kg<\/li>\n<li><strong>Abmessungen (mm)<\/strong> : 800 x 490 x 880<\/li>\n<\/ul>\n","protected":false},"excerpt":{"rendered":"<p><strong data-start=\"60\" data-end=\"98\">Nass- und Trockensauger WVD900<\/strong><br data-start=\"98\" data-end=\"101\">Ultra leistungsstark und vielseitig: Der WVD900 entfernt m\u00fchelos Tierhaare, Staub und Fl\u00fcssigkeiten \u2013 auch auf Teppich oder im Auto. Ausgestattet mit zwei By-pass-Motoren, einem kippbaren Gro\u00dfbeh\u00e4lter und dem NUPLUG-System bietet er Leistung, Bedienkomfort und Robustheit. <\/p>\n<p><span data-text-color=\"success\"><strong>Ref.: 0162<\/strong><\/span><\/p>\n","protected":false},"featured_media":29473,"template":"","meta":[],"product_brand":[],"product_cat":[606],"product_tag":[623],"class_list":{"0":"post-29471","1":"product","2":"type-product","3":"status-publish","4":"has-post-thumbnail","6":"product_cat-reinigungswagen-staubsauger","7":"product_tag-numatic","9":"first","10":"onbackorder","11":"taxable","12":"shipping-taxable","13":"purchasable","14":"product-type-simple"},"acf":[],"_links":{"self":[{"href":"https:\/\/serviclean.be\/de\/wp-json\/wp\/v2\/product\/29471","targetHints":{"allow":["GET"]}}],"collection":[{"href":"https:\/\/serviclean.be\/de\/wp-json\/wp\/v2\/product"}],"about":[{"href":"https:\/\/serviclean.be\/de\/wp-json\/wp\/v2\/types\/product"}],"wp:featuredmedia":[{"embeddable":true,"href":"https:\/\/serviclean.be\/de\/wp-json\/wp\/v2\/media\/29473"}],"wp:attachment":[{"href":"https:\/\/serviclean.be\/de\/wp-json\/wp\/v2\/media?parent=29471"}],"wp:term":[{"taxonomy":"product_brand","embeddable":true,"href":"https:\/\/serviclean.be\/de\/wp-json\/wp\/v2\/product_brand?post=29471"},{"taxonomy":"product_cat","embeddable":true,"href":"https:\/\/serviclean.be\/de\/wp-json\/wp\/v2\/product_cat?post=29471"},{"taxonomy":"product_tag","embeddable":true,"href":"https:\/\/serviclean.be\/de\/wp-json\/wp\/v2\/product_tag?post=29471"}],"curies":[{"name":"wp","href":"https:\/\/api.w.org\/{rel}","templated":true}]}}