{"id":29467,"date":"2025-09-05T16:09:08","date_gmt":"2025-09-05T14:09:08","guid":{"rendered":"https:\/\/serviclean.be\/produit\/numatic-staubsauger-nass-und-trockensauger-wvd570\/"},"modified":"2025-09-05T16:09:08","modified_gmt":"2025-09-05T14:09:08","slug":"numatic-staubsauger-nass-und-trockensauger-wvd570","status":"publish","type":"product","link":"https:\/\/serviclean.be\/de\/produit\/numatic-staubsauger-nass-und-trockensauger-wvd570\/","title":{"rendered":"Numatic Staubsauger \u2013 Nass- und Trockensauger \u2013 WVD570"},"content":{"rendered":"<h3 data-start=\"0\" data-end=\"25\">Produktbeschreibung:<\/h3>\n<p data-start=\"27\" data-end=\"543\">Der Nass- und Trockensauger vereint Leistung, Zuverl\u00e4ssigkeit und Kompaktheit. Entwickelt f\u00fcr die effiziente Bearbeitung gro\u00dfer Mengen, ist er mit einem Bypass-Motor oder 2 zweistufigen Turbinenmotoren (WVD) ausgestattet. Seine NUPLUG-Technologie erm\u00f6glicht einen schnellen und werkzeuglosen Kabelwechsel f\u00fcr eine vereinfachte Nutzung. Hergestellt aus Structofoam, einem korrosionsbest\u00e4ndigen Material, ist dieser Staubsauger leicht, robust und rostet nicht.   <\/p>\n<p data-start=\"545\" data-end=\"578\"><strong data-start=\"545\" data-end=\"578\">Technische Eigenschaften:<\/strong><\/p>\n<ul data-start=\"579\" data-end=\"721\">\n<li data-start=\"579\" data-end=\"602\">\n<p data-start=\"581\" data-end=\"602\"><strong data-start=\"581\" data-end=\"593\">Kapazit\u00e4t<\/strong>: 23\/15 L<\/p>\n<\/li>\n<li data-start=\"603\" data-end=\"632\">\n<p data-start=\"605\" data-end=\"632\"><strong data-start=\"605\" data-end=\"619\">Unterdruck<\/strong>: 2500 mm\/WS<\/p>\n<\/li>\n<li data-start=\"633\" data-end=\"661\">\n<p data-start=\"635\" data-end=\"661\"><strong data-start=\"635\" data-end=\"650\">Luftstrom<\/strong>: 80 L\/Sek.<\/p>\n<\/li>\n<li data-start=\"662\" data-end=\"683\">\n<p data-start=\"664\" data-end=\"683\"><strong data-start=\"664\" data-end=\"673\">Gewicht<\/strong>: 16,5 kg<\/p>\n<\/li>\n<li data-start=\"684\" data-end=\"721\">\n<p data-start=\"686\" data-end=\"721\"><strong data-start=\"686\" data-end=\"700\">Abmessungen<\/strong>: 415 x 415 x 645 mm<\/p>\n<\/li>\n<\/ul>\n","protected":false},"excerpt":{"rendered":"<p>Kompakter, leistungsstarker und zuverl\u00e4ssiger Nass- und Trockensauger mit zweistufigem Turbinen-Bypass-Motor. NUPLUG-System f\u00fcr schnellen Kabelwechsel. Hergestellt aus widerstandsf\u00e4higem und leichtem Structofoam. Kapazit\u00e4t: 23\/15 L, Unterdruck: 2500 mm\/WS, Gewicht: 16,5 kg.   <\/p>\n<p><span data-text-color=\"success\"><strong>Art.-Nr.: 0160<\/strong><\/span><\/p>\n","protected":false},"featured_media":29469,"template":"","meta":[],"product_brand":[],"product_cat":[606],"product_tag":[623],"class_list":{"0":"post-29467","1":"product","2":"type-product","3":"status-publish","4":"has-post-thumbnail","6":"product_cat-reinigungswagen-staubsauger","7":"product_tag-numatic","9":"first","10":"onbackorder","11":"taxable","12":"shipping-taxable","13":"purchasable","14":"product-type-simple"},"acf":[],"_links":{"self":[{"href":"https:\/\/serviclean.be\/de\/wp-json\/wp\/v2\/product\/29467","targetHints":{"allow":["GET"]}}],"collection":[{"href":"https:\/\/serviclean.be\/de\/wp-json\/wp\/v2\/product"}],"about":[{"href":"https:\/\/serviclean.be\/de\/wp-json\/wp\/v2\/types\/product"}],"wp:featuredmedia":[{"embeddable":true,"href":"https:\/\/serviclean.be\/de\/wp-json\/wp\/v2\/media\/29469"}],"wp:attachment":[{"href":"https:\/\/serviclean.be\/de\/wp-json\/wp\/v2\/media?parent=29467"}],"wp:term":[{"taxonomy":"product_brand","embeddable":true,"href":"https:\/\/serviclean.be\/de\/wp-json\/wp\/v2\/product_brand?post=29467"},{"taxonomy":"product_cat","embeddable":true,"href":"https:\/\/serviclean.be\/de\/wp-json\/wp\/v2\/product_cat?post=29467"},{"taxonomy":"product_tag","embeddable":true,"href":"https:\/\/serviclean.be\/de\/wp-json\/wp\/v2\/product_tag?post=29467"}],"curies":[{"name":"wp","href":"https:\/\/api.w.org\/{rel}","templated":true}]}}