{"id":29454,"date":"2025-09-05T17:25:16","date_gmt":"2025-09-05T15:25:16","guid":{"rendered":"https:\/\/serviclean.be\/produit\/muelleimer-aus-kunststoff-90-l-grau-professionell\/"},"modified":"2025-09-05T17:25:16","modified_gmt":"2025-09-05T15:25:16","slug":"muelleimer-aus-kunststoff-90-l-grau-professionell","status":"publish","type":"product","link":"https:\/\/serviclean.be\/de\/produit\/muelleimer-aus-kunststoff-90-l-grau-professionell\/","title":{"rendered":"M\u00fclleimer aus Kunststoff 90 L GRAU &#8211; Professionell"},"content":{"rendered":"<p data-start=\"65\" data-end=\"90\"><strong data-start=\"65\" data-end=\"90\">Produktbeschreibung:<\/strong><\/p>\n<p data-start=\"92\" data-end=\"440\">Dieser 90 L M\u00fclleimer aus hochwertigem Kunststoff ist ideal f\u00fcr den intensiven Gebrauch. Ausgestattet mit robusten Griffen, bietet er einen einfachen Halt f\u00fcr den Transport. Seine 17 cm \u00d6ffnung erm\u00f6glicht einen leichten Zugang zum Inhalt. Er ist langlebig und widerstandsf\u00e4hig konzipiert und somit perfekt f\u00fcr anspruchsvolle Umgebungen geeignet.   <\/p>\n<p data-start=\"442\" data-end=\"475\"><strong data-start=\"442\" data-end=\"475\">Technische Eigenschaften:<\/strong><\/p>\n<ul data-start=\"476\" data-end=\"674\">\n<li data-start=\"476\" data-end=\"496\">\n<p data-start=\"478\" data-end=\"496\"><strong data-start=\"478\" data-end=\"489\">Inhalt<\/strong>: 90 L<\/p>\n<\/li>\n<li data-start=\"522\" data-end=\"571\">\n<p data-start=\"524\" data-end=\"571\"><strong data-start=\"524\" data-end=\"538\">Abmessungen<\/strong>: L x T x H: 520 x 520 x 760 mm<\/p>\n<\/li>\n<li data-start=\"572\" data-end=\"606\">\n<p data-start=\"574\" data-end=\"606\"><strong data-start=\"574\" data-end=\"598\">\u00d6ffnungsdurchmesser<\/strong>: 17 cm<\/p>\n<\/li>\n<li data-start=\"607\" data-end=\"627\">\n<p data-start=\"609\" data-end=\"627\"><strong data-start=\"609\" data-end=\"620\">Farbe<\/strong>: Grau<\/p>\n<\/li>\n<li data-start=\"628\" data-end=\"674\">\n<p data-start=\"630\" data-end=\"674\"><strong data-start=\"630\" data-end=\"642\">Griffe<\/strong>: Ja, f\u00fcr einfachen Transport<\/p>\n<\/li>\n<\/ul>\n","protected":false},"excerpt":{"rendered":"<p>Robuster 90 L M\u00fclleimer aus Kunststoff, ausgestattet mit Griffen f\u00fcr einfachen Transport. 17 cm \u00d6ffnung. Farbe: Grau.<br \/>\n<strong><span style=\"color: #d83131;\">Ohne mobilen Untersatz (separat erh\u00e4ltlich).<\/span><\/strong><\/p>\n<p><span data-text-color=\"success\"><strong>Art.-Nr.: 2125<\/strong><\/span><\/p>\n<p>&nbsp;<\/p>\n","protected":false},"featured_media":27192,"template":"","meta":[],"product_brand":[],"product_cat":[572],"product_tag":[],"class_list":{"0":"post-29454","1":"product","2":"type-product","3":"status-publish","4":"has-post-thumbnail","6":"product_cat-mulleimer","8":"first","9":"instock","10":"taxable","11":"shipping-taxable","12":"purchasable","13":"product-type-simple"},"acf":[],"_links":{"self":[{"href":"https:\/\/serviclean.be\/de\/wp-json\/wp\/v2\/product\/29454","targetHints":{"allow":["GET"]}}],"collection":[{"href":"https:\/\/serviclean.be\/de\/wp-json\/wp\/v2\/product"}],"about":[{"href":"https:\/\/serviclean.be\/de\/wp-json\/wp\/v2\/types\/product"}],"wp:featuredmedia":[{"embeddable":true,"href":"https:\/\/serviclean.be\/de\/wp-json\/wp\/v2\/media\/27192"}],"wp:attachment":[{"href":"https:\/\/serviclean.be\/de\/wp-json\/wp\/v2\/media?parent=29454"}],"wp:term":[{"taxonomy":"product_brand","embeddable":true,"href":"https:\/\/serviclean.be\/de\/wp-json\/wp\/v2\/product_brand?post=29454"},{"taxonomy":"product_cat","embeddable":true,"href":"https:\/\/serviclean.be\/de\/wp-json\/wp\/v2\/product_cat?post=29454"},{"taxonomy":"product_tag","embeddable":true,"href":"https:\/\/serviclean.be\/de\/wp-json\/wp\/v2\/product_tag?post=29454"}],"curies":[{"name":"wp","href":"https:\/\/api.w.org\/{rel}","templated":true}]}}