{"id":29437,"date":"2025-09-16T15:30:01","date_gmt":"2025-09-16T13:30:01","guid":{"rendered":"https:\/\/serviclean.be\/produit\/profi-bodenstaender-fuer-putztuchrollen\/"},"modified":"2025-09-16T15:30:01","modified_gmt":"2025-09-16T13:30:01","slug":"profi-bodenstaender-fuer-putztuchrollen","status":"publish","type":"product","link":"https:\/\/serviclean.be\/de\/produit\/profi-bodenstaender-fuer-putztuchrollen\/","title":{"rendered":"Profi-Bodenst\u00e4nder f\u00fcr Putztuchrollen"},"content":{"rendered":"<p>Der Losdi Bodenst\u00e4nder f\u00fcr Industrierollen aus der Ocean-Linie wurde entwickelt, um den Anforderungen anspruchsvoller professioneller Umgebungen gerecht zu werden. Seine robuste und stabile Struktur erm\u00f6glicht eine intensive Nutzung und bleibt gleichzeitig leicht beweglich, um den Anforderungen der Arbeitsbereiche gerecht zu werden. <\/p>\n<p>Hergestellt aus hochwertigen Materialien, verf\u00fcgt er \u00fcber eine widerstandsf\u00e4hige ABS-Abrei\u00dfkante und ein verzinktes Stahlrohr mit Epoxidlackierung. Diese Kombination garantiert Solidit\u00e4t und Langlebigkeit, selbst in den am st\u00e4rksten beanspruchten Industrieumgebungen. <\/p>\n<p>Im Gegensatz zum Wandmodell ben\u00f6tigt dieser Bodenst\u00e4nder keine feste Installation. Er kann je nach Bedarf schnell aufgestellt und verschoben werden, was ihn besonders praktisch in hochfrequentierten Bereichen wie Werkst\u00e4tten, K\u00fcchen oder Wartungszonen macht. <\/p>\n<p>Seine hohe Feuchtigkeitsbest\u00e4ndigkeit macht ihn sowohl f\u00fcr den Innen- als auch f\u00fcr den Au\u00dfenbereich geeignet. Dank seines ergonomischen und mobilen Designs bietet der Losdi Bodenst\u00e4nder eine zuverl\u00e4ssige und hygienische professionelle L\u00f6sung f\u00fcr die Ausgabe von Industriepapier. <\/p>\n<p>&nbsp;<\/p>\n<p><span style=\"color: #00a859;\"><strong>Art.-Nr.: 6092<\/strong><\/span><\/p>\n","protected":false},"excerpt":{"rendered":"<p>Losdi Bodenst\u00e4nder f\u00fcr Industrierollen, robust und stabil. Aus ABS und epoxidverzinktem Stahl gefertigt, feuchtigkeitsbest\u00e4ndig und einfach ohne Wandbefestigung aufzustellen. Ideal f\u00fcr Werkst\u00e4tten, Tankstellen, Krankenh\u00e4user, K\u00fcchen und Bereiche, die Mobilit\u00e4t und Praktikabilit\u00e4t erfordern.  <\/p>\n<p><span style=\"color: #00a859;\"><strong>Art.-Nr.: 6092<\/strong><\/span><\/p>\n","protected":false},"featured_media":21214,"template":"","meta":[],"product_brand":[],"product_cat":[585,598,588],"product_tag":[705],"class_list":{"0":"post-29437","1":"product","2":"type-product","3":"status-publish","4":"has-post-thumbnail","6":"product_cat-handtuchspender","7":"product_cat-hygiene-reinigung","8":"product_cat-spender-und-toilettenpapier","9":"product_tag-losdi","11":"first","12":"instock","13":"sale","14":"taxable","15":"shipping-taxable","16":"purchasable","17":"product-type-simple"},"acf":[],"_links":{"self":[{"href":"https:\/\/serviclean.be\/de\/wp-json\/wp\/v2\/product\/29437","targetHints":{"allow":["GET"]}}],"collection":[{"href":"https:\/\/serviclean.be\/de\/wp-json\/wp\/v2\/product"}],"about":[{"href":"https:\/\/serviclean.be\/de\/wp-json\/wp\/v2\/types\/product"}],"wp:featuredmedia":[{"embeddable":true,"href":"https:\/\/serviclean.be\/de\/wp-json\/wp\/v2\/media\/21214"}],"wp:attachment":[{"href":"https:\/\/serviclean.be\/de\/wp-json\/wp\/v2\/media?parent=29437"}],"wp:term":[{"taxonomy":"product_brand","embeddable":true,"href":"https:\/\/serviclean.be\/de\/wp-json\/wp\/v2\/product_brand?post=29437"},{"taxonomy":"product_cat","embeddable":true,"href":"https:\/\/serviclean.be\/de\/wp-json\/wp\/v2\/product_cat?post=29437"},{"taxonomy":"product_tag","embeddable":true,"href":"https:\/\/serviclean.be\/de\/wp-json\/wp\/v2\/product_tag?post=29437"}],"curies":[{"name":"wp","href":"https:\/\/api.w.org\/{rel}","templated":true}]}}