{"id":29425,"date":"2026-01-15T15:19:45","date_gmt":"2026-01-15T14:19:45","guid":{"rendered":"https:\/\/serviclean.be\/produit\/einzelblatt-toilettenpapier-2-lagig-pro-36-packungen\/"},"modified":"2026-01-15T15:19:45","modified_gmt":"2026-01-15T14:19:45","slug":"einzelblatt-toilettenpapier-2-lagig-pro-36-packungen","status":"publish","type":"product","link":"https:\/\/serviclean.be\/de\/produit\/einzelblatt-toilettenpapier-2-lagig-pro-36-packungen\/","title":{"rendered":"Einzelblatt-Toilettenpapier 2-LAGIG PRO \u2013 36 Packungen"},"content":{"rendered":"<p data-start=\"42\" data-end=\"374\">Das Einzelblatt-Toilettenpapier wird in <strong data-start=\"388\" data-end=\"398\">Italien<\/strong> aus <strong data-start=\"411\" data-end=\"438\">100 % reiner Zellulose<\/strong> hergestellt. Dieses <strong data-start=\"459\" data-end=\"469\">2-lagige<\/strong> Einzelblatt-Toilettenpapier bietet hervorragende Weichheit, gute Rei\u00dffestigkeit und <strong data-start=\"527\" data-end=\"556\">optimale Saugf\u00e4higkeit<\/strong>. Als Teil der <strong data-start=\"575\" data-end=\"586\">Premium<\/strong>-Serie von <span class=\"hover:entity-accent entity-underline inline cursor-pointer align-baseline\"><span class=\"whitespace-normal\">BulkySoft<\/span><\/span> erf\u00fcllt es die Anforderungen von Unternehmen, die Wert auf Benutzerkomfort und Umweltschutz legen. <\/p>\n<h2 data-start=\"743\" data-end=\"761\">Technisches Datenblatt<\/h2>\n<p data-start=\"763\" data-end=\"970\"><strong data-start=\"763\" data-end=\"775\">Marke:<\/strong> BulkySoft<br data-start=\"785\" data-end=\"788\"><strong data-start=\"788\" data-end=\"799\">Serie:<\/strong> Premium<br data-start=\"807\" data-end=\"810\"><strong data-start=\"810\" data-end=\"820\">Typ:<\/strong> Interfalz-Toilettenpapier (Einzelblatt)<br data-start=\"866\" data-end=\"869\"><strong data-start=\"869\" data-end=\"892\">Papierqualit\u00e4t:<\/strong> 100 % Zellulose<br data-start=\"908\" data-end=\"911\"><strong data-start=\"911\" data-end=\"921\">Lagen:<\/strong> 2<br data-start=\"923\" data-end=\"926\"><strong data-start=\"926\" data-end=\"939\">Farbe:<\/strong> Wei\u00df<br data-start=\"945\" data-end=\"948\"><strong data-start=\"948\" data-end=\"962\">Pr\u00e4gung:<\/strong> Keine<\/p>\n<h2 data-start=\"977\" data-end=\"1008\">Ma\u00dfe &amp; Verpackung<\/h2>\n<ul data-start=\"1010\" data-end=\"1161\">\n<li data-start=\"1010\" data-end=\"1042\">\n<p data-start=\"1012\" data-end=\"1042\"><strong data-start=\"1012\" data-end=\"1033\">Blattbreite:<\/strong> 110 mm<\/p>\n<\/li>\n<li data-start=\"1043\" data-end=\"1076\">\n<p data-start=\"1045\" data-end=\"1076\"><strong data-start=\"1045\" data-end=\"1067\">Blattl\u00e4nge:<\/strong> 190 mm<\/p>\n<\/li>\n<li data-start=\"1077\" data-end=\"1120\">\n<p data-start=\"1079\" data-end=\"1120\"><strong data-start=\"1079\" data-end=\"1114\">Blattanzahl pro Packung:<\/strong> 250<\/p>\n<\/li>\n<li data-start=\"1121\" data-end=\"1161\">\n<p data-start=\"1123\" data-end=\"1161\"><strong data-start=\"1123\" data-end=\"1156\">Packungsanzahl pro Karton:<\/strong> 36<\/p>\n<\/li>\n<\/ul>\n<h2 data-start=\"1168\" data-end=\"1199\">Zertifizierungen &amp; Engagement<\/h2>\n<ul data-start=\"1201\" data-end=\"1348\">\n<li data-start=\"1201\" data-end=\"1223\">\n<p data-start=\"1203\" data-end=\"1223\"><strong data-start=\"1203\" data-end=\"1217\">Ecolabel:<\/strong> Ja<\/p>\n<\/li>\n<li data-start=\"1224\" data-end=\"1242\">\n<p data-start=\"1226\" data-end=\"1242\"><strong data-start=\"1226\" data-end=\"1236\">PEFC:<\/strong> Ja<\/p>\n<\/li>\n<li data-start=\"1243\" data-end=\"1267\">\n<p data-start=\"1245\" data-end=\"1267\"><strong data-start=\"1245\" data-end=\"1261\">Blauer Engel:<\/strong> Nein<\/p>\n<\/li>\n<li data-start=\"1268\" data-end=\"1298\">\n<p data-start=\"1270\" data-end=\"1298\"><strong data-start=\"1270\" data-end=\"1296\">Frei von fossilen Ressourcen<\/strong><\/p>\n<\/li>\n<li data-start=\"1299\" data-end=\"1348\">\n<p data-start=\"1301\" data-end=\"1348\"><strong data-start=\"1301\" data-end=\"1348\">Zertifiziert nach EKO Marka &amp; Laurel of the Consumer<\/strong><\/p>\n<\/li>\n<\/ul>\n<h2 data-start=\"1355\" data-end=\"1386\">Eigenschaften &amp; Vorteile<\/h2>\n<ul data-start=\"1388\" data-end=\"1648\">\n<li data-start=\"1388\" data-end=\"1464\">\n<p data-start=\"1390\" data-end=\"1464\"><strong data-start=\"1390\" data-end=\"1420\">Hygienisch und wirtschaftlich:<\/strong> Interfalz-Einzelblattentnahme<\/p>\n<\/li>\n<li data-start=\"1465\" data-end=\"1528\">\n<p data-start=\"1467\" data-end=\"1528\"><strong data-start=\"1467\" data-end=\"1488\">Premium-Komfort:<\/strong> 2-lagig, weich, rei\u00dffest und saugstark<\/p>\n<\/li>\n<li data-start=\"1529\" data-end=\"1589\">\n<p data-start=\"1531\" data-end=\"1589\"><strong data-start=\"1531\" data-end=\"1547\">Nachhaltigkeit:<\/strong> Zellulose aus verantwortungsvollen Quellen<\/p>\n<\/li>\n<li data-start=\"1590\" data-end=\"1648\">\n<p data-start=\"1592\" data-end=\"1648\"><strong data-start=\"1592\" data-end=\"1611\">Kompatibilit\u00e4t:<\/strong> passend f\u00fcr BulkySoft-Spender<\/p>\n<\/li>\n<\/ul>\n<h3 data-start=\"1655\" data-end=\"1669\">Ideal f\u00fcr<\/h3>\n<p data-start=\"1670\" data-end=\"1844\">Hotels, Restaurants, Kliniken, B\u00fcros, Arbeitsbereiche, \u00f6ffentliche Sanit\u00e4ranlagen und alle Einrichtungen, die Wert auf <strong data-start=\"1784\" data-end=\"1843\">Leistung, Hygiene und Umweltverantwortung<\/strong> legen.<\/p>\n","protected":false},"excerpt":{"rendered":"<p><span style=\"color: #282828;\">Das Einzelblatt-Toilettenpapier ist eine hygienische, praktische und nachhaltige L\u00f6sung, die speziell f\u00fcr hochfrequentierte Sanit\u00e4rbereiche entwickelt wurde. Es reduziert Abfall, verbessert die Hygiene und optimiert die Verwaltung von Verbrauchsmaterialien in gewerblichen R\u00e4umen. Ideal f\u00fcr Hotels, Restaurants, Kliniken, B\u00fcros, Arbeitsbereiche, \u00f6ffentliche Sanit\u00e4ranlagen und alle Einrichtungen, die Wert auf Leistung, Hygiene und Umweltverantwortung legen.  <\/span><\/p>\n<p><span style=\"color: #008000;\"><strong>Art.-Nr.: 10632<\/strong><\/span><\/p>\n","protected":false},"featured_media":29430,"template":"","meta":[],"product_brand":[],"product_cat":[588,603],"product_tag":[],"class_list":{"0":"post-29425","1":"product","2":"type-product","3":"status-publish","4":"has-post-thumbnail","6":"product_cat-spender-und-toilettenpapier","7":"product_cat-ecolabel-papier","9":"first","10":"instock","11":"taxable","12":"shipping-taxable","13":"purchasable","14":"product-type-simple"},"acf":[],"_links":{"self":[{"href":"https:\/\/serviclean.be\/de\/wp-json\/wp\/v2\/product\/29425","targetHints":{"allow":["GET"]}}],"collection":[{"href":"https:\/\/serviclean.be\/de\/wp-json\/wp\/v2\/product"}],"about":[{"href":"https:\/\/serviclean.be\/de\/wp-json\/wp\/v2\/types\/product"}],"wp:featuredmedia":[{"embeddable":true,"href":"https:\/\/serviclean.be\/de\/wp-json\/wp\/v2\/media\/29430"}],"wp:attachment":[{"href":"https:\/\/serviclean.be\/de\/wp-json\/wp\/v2\/media?parent=29425"}],"wp:term":[{"taxonomy":"product_brand","embeddable":true,"href":"https:\/\/serviclean.be\/de\/wp-json\/wp\/v2\/product_brand?post=29425"},{"taxonomy":"product_cat","embeddable":true,"href":"https:\/\/serviclean.be\/de\/wp-json\/wp\/v2\/product_cat?post=29425"},{"taxonomy":"product_tag","embeddable":true,"href":"https:\/\/serviclean.be\/de\/wp-json\/wp\/v2\/product_tag?post=29425"}],"curies":[{"name":"wp","href":"https:\/\/api.w.org\/{rel}","templated":true}]}}