{"id":29382,"date":"2023-04-17T21:43:17","date_gmt":"2023-04-17T19:43:17","guid":{"rendered":"https:\/\/serviclean.be\/produit\/ariel-professional-pulver-13-kg-130-waschladungen\/"},"modified":"2023-04-17T21:43:17","modified_gmt":"2023-04-17T19:43:17","slug":"ariel-professional-pulver-13-kg-130-waschladungen","status":"publish","type":"product","link":"https:\/\/serviclean.be\/de\/produit\/ariel-professional-pulver-13-kg-130-waschladungen\/","title":{"rendered":"Ariel Professional+ Pulver 13 kg \u2013 130 Waschladungen"},"content":{"rendered":"<p>Ariel Professional+ Pulver 13 kg ist ein hochwirksames Waschmittel, ideal f\u00fcr wei\u00dfe und bunte W\u00e4sche. Dank seiner 5-Action-Formel entfernt es Flecken tiefenrein und verhindert deren Festsetzen in den Fasern. Dieses hochwertige Waschmittel garantiert eine tadellose und hygienische Reinigung ab der ersten W\u00e4sche, selbst bei hartn\u00e4ckigsten Flecken. Mit 130 Waschladungen bietet dieser 13-kg-Sack eine wirtschaftliche und leistungsstarke L\u00f6sung f\u00fcr strahlende Ergebnisse, W\u00e4sche f\u00fcr W\u00e4sche.   <\/p>\n<p><strong>Technische Daten:<\/strong><\/p>\n<ul>\n<li>Marke: Ariel<\/li>\n<li>Produkttyp: Waschpulver<\/li>\n<li>Gewicht: 13 kg (130 Waschladungen)<\/li>\n<li>Anwendung: Wei\u00dfe und bunte W\u00e4sche<\/li>\n<\/ul>\n<p><strong>Eigenschaften:<\/strong><\/p>\n<ul>\n<li>5-Action-Formel f\u00fcr eine umfassende Reinigung<\/li>\n<li>Entfernt Flecken und beugt deren Festsetzen in den Fasern vor<\/li>\n<li>Geeignet f\u00fcr Waschg\u00e4nge bei hohen und niedrigen Temperaturen<\/li>\n<li>130 Waschladungen pro Sack<\/li>\n<li>Hygienische Ergebnisse ab der ersten W\u00e4sche<\/li>\n<li>Perfekt f\u00fcr den professionellen oder intensiven Gebrauch<\/li>\n<\/ul>\n<p><strong>Anwendungshinweise:<\/strong><\/p>\n<ul>\n<li>Verwenden Sie es je nach Verschmutzungsgrad und Kapazit\u00e4t Ihrer Waschmaschine.<\/li>\n<li>F\u00fcr eine optimale Reinigung folgen Sie den Dosieranweisungen auf der Verpackung.<\/li>\n<\/ul>\n<p><strong>Gebrauchsanweisung:<\/strong><\/p>\n<ul>\n<li>Messen Sie die Pulvermenge je nach Verschmutzungsgrad mit der Dosierkappe ab.<\/li>\n<li>Geben Sie das Pulver in die Trommel Ihrer Waschmaschine.<\/li>\n<li>Starten Sie den Waschgang bei der entsprechenden Temperatur f\u00fcr eine perfekte Reinigung (30 \u00b0C bis 95 \u00b0C).<\/li>\n<li>Ergebnis: Genie\u00dfen Sie saubere, fleckenfreie und strahlende W\u00e4sche.<\/li>\n<li>Trocknen wie gewohnt.<\/li>\n<\/ul>\n","protected":false},"excerpt":{"rendered":"<p>Ariel Professional+ Pulver 13 kg bietet eine perfekte Reinigung in 130 Waschladungen. Entfernt Flecken und verhindert deren Festsetzen in den Fasern f\u00fcr tadellose W\u00e4sche. <\/p>\n<p><span style=\"color: #008000;\"><strong>Ref: 0106<\/strong><\/span><\/p>\n","protected":false},"featured_media":29383,"template":"","meta":[],"product_brand":[],"product_cat":[602],"product_tag":[],"class_list":{"0":"post-29382","1":"product","2":"type-product","3":"status-publish","4":"has-post-thumbnail","6":"product_cat-waschmittel-und-weichspuler","8":"first","9":"instock","10":"taxable","11":"shipping-taxable","12":"purchasable","13":"product-type-simple"},"acf":[],"_links":{"self":[{"href":"https:\/\/serviclean.be\/de\/wp-json\/wp\/v2\/product\/29382","targetHints":{"allow":["GET"]}}],"collection":[{"href":"https:\/\/serviclean.be\/de\/wp-json\/wp\/v2\/product"}],"about":[{"href":"https:\/\/serviclean.be\/de\/wp-json\/wp\/v2\/types\/product"}],"wp:featuredmedia":[{"embeddable":true,"href":"https:\/\/serviclean.be\/de\/wp-json\/wp\/v2\/media\/29383"}],"wp:attachment":[{"href":"https:\/\/serviclean.be\/de\/wp-json\/wp\/v2\/media?parent=29382"}],"wp:term":[{"taxonomy":"product_brand","embeddable":true,"href":"https:\/\/serviclean.be\/de\/wp-json\/wp\/v2\/product_brand?post=29382"},{"taxonomy":"product_cat","embeddable":true,"href":"https:\/\/serviclean.be\/de\/wp-json\/wp\/v2\/product_cat?post=29382"},{"taxonomy":"product_tag","embeddable":true,"href":"https:\/\/serviclean.be\/de\/wp-json\/wp\/v2\/product_tag?post=29382"}],"curies":[{"name":"wp","href":"https:\/\/api.w.org\/{rel}","templated":true}]}}