{"id":29378,"date":"2023-02-22T18:37:18","date_gmt":"2023-02-22T17:37:18","guid":{"rendered":"https:\/\/serviclean.be\/produit\/zentralabrollrolle-mono-pro-120-2-lagig-12-rollen-a-60-m\/"},"modified":"2023-02-22T18:37:18","modified_gmt":"2023-02-22T17:37:18","slug":"zentralabrollrolle-mono-pro-120-2-lagig-12-rollen-a-60-m","status":"publish","type":"product","link":"https:\/\/serviclean.be\/de\/produit\/zentralabrollrolle-mono-pro-120-2-lagig-12-rollen-a-60-m\/","title":{"rendered":"Zentralabrollrolle Mono Pro 120, 2-lagig \u2013 12 Rollen \u00e0 60 m"},"content":{"rendered":"<p>Die Mono Pro 120 Zentralabrollrolle, zu 100 % aus nachhaltiger Zellulose gefertigt, ist ideal f\u00fcr den professionellen Einsatz. Mit 2 Lagen f\u00fcr optimale Saugf\u00e4higkeit misst jede Rolle 60 Meter und bietet 260 Abrisse pro Rolle. Perfekt f\u00fcr stark frequentierte Umgebungen, garantiert sie eine wirtschaftliche und hygienische Nutzung bei gleichzeitiger Abfallreduzierung. Diese Packung mit 12 Rollen ist kompatibel mit T60 Spendern f\u00fcr eine einfache und effiziente Papierverwaltung.   <\/p>\n<p><strong>Technisches Datenblatt:<\/strong><\/p>\n<ul>\n<li>Produkt: Zentralabrollrolle Mono Pro 120<\/li>\n<li>Material: 100 % Zellulose (nachhaltige Quelle)<\/li>\n<li>Anzahl Lagen: 2<\/li>\n<li>Breite: 20,5 cm<\/li>\n<li>L\u00e4nge: 23 cm<\/li>\n<li>Rollenl\u00e4nge in Metern: 60 m<\/li>\n<li>Anzahl Abrisse pro Rolle: 260<\/li>\n<li>Menge pro Packung: 12 Rollen<\/li>\n<li>Kompatibilit\u00e4t: T60 Spender<\/li>\n<\/ul>\n","protected":false},"excerpt":{"rendered":"<p><strong>Zentralabrollrolle Mono Pro<\/strong> 120 \u2013 2-lagig, 60 m pro Rolle, 12 Rollen. 100 % nachhaltige Zellulose, kompatibel mit T60 Spendern. Wirtschaftlich und umweltfreundlich f\u00fcr professionelle Umgebungen.<br \/>\n<span style=\"color: #008000;\"><strong>Art.-Nr.: 0905<\/strong><\/span><\/p>\n","protected":false},"featured_media":29379,"template":"","meta":[],"product_brand":[],"product_cat":[603,583],"product_tag":[704],"class_list":{"0":"post-29378","1":"product","2":"type-product","3":"status-publish","4":"has-post-thumbnail","6":"product_cat-ecolabel-papier","7":"product_cat-papierrollen-handtucher","8":"product_tag-tubeless","10":"first","11":"instock","12":"taxable","13":"shipping-taxable","14":"purchasable","15":"product-type-simple"},"acf":[],"_links":{"self":[{"href":"https:\/\/serviclean.be\/de\/wp-json\/wp\/v2\/product\/29378","targetHints":{"allow":["GET"]}}],"collection":[{"href":"https:\/\/serviclean.be\/de\/wp-json\/wp\/v2\/product"}],"about":[{"href":"https:\/\/serviclean.be\/de\/wp-json\/wp\/v2\/types\/product"}],"wp:featuredmedia":[{"embeddable":true,"href":"https:\/\/serviclean.be\/de\/wp-json\/wp\/v2\/media\/29379"}],"wp:attachment":[{"href":"https:\/\/serviclean.be\/de\/wp-json\/wp\/v2\/media?parent=29378"}],"wp:term":[{"taxonomy":"product_brand","embeddable":true,"href":"https:\/\/serviclean.be\/de\/wp-json\/wp\/v2\/product_brand?post=29378"},{"taxonomy":"product_cat","embeddable":true,"href":"https:\/\/serviclean.be\/de\/wp-json\/wp\/v2\/product_cat?post=29378"},{"taxonomy":"product_tag","embeddable":true,"href":"https:\/\/serviclean.be\/de\/wp-json\/wp\/v2\/product_tag?post=29378"}],"curies":[{"name":"wp","href":"https:\/\/api.w.org\/{rel}","templated":true}]}}