{"id":29372,"date":"2023-02-22T18:37:18","date_gmt":"2023-02-22T17:37:18","guid":{"rendered":"https:\/\/serviclean.be\/produit\/bulkysoft-handtuchrollen-blau-1-lagig-6-x-300-m\/"},"modified":"2023-02-22T18:37:18","modified_gmt":"2023-02-22T17:37:18","slug":"bulkysoft-handtuchrollen-blau-1-lagig-6-x-300-m","status":"publish","type":"product","link":"https:\/\/serviclean.be\/de\/produit\/bulkysoft-handtuchrollen-blau-1-lagig-6-x-300-m\/","title":{"rendered":"BulkySoft Handtuchrollen Blau 1-lagig \u2013 6 x 300 m"},"content":{"rendered":"<p>Die gepr\u00e4gten blauen Handtuchrollen BulkySoft 1-lagig sind speziell f\u00fcr schnelle und effiziente Absorption in professionellen Umgebungen konzipiert. Ihre gepr\u00e4gte Textur garantiert optimale Abwischleistung und ist dank des 1-lagigen Formats wirtschaftlich. Ideal f\u00fcr die Lebensmittel- und Industriebereiche, erm\u00f6glicht die blaue Farbe eine HACCP-konforme R\u00fcckverfolgbarkeit. Diese Rollen sind perfekt f\u00fcr die Verwendung in Innenabrollspendern.   <\/p>\n<p>Jede Packung enth\u00e4lt 6 Rollen \u00e0 300 Meter und garantiert eine langanhaltende Nutzung und wirtschaftliche Papierverwaltung.<\/p>\n<p><strong>Technisches Datenblatt:<\/strong><\/p>\n<ul>\n<li>Marke: BulkySoft<\/li>\n<li>Typ: Perforierte Handtuchrollen<\/li>\n<li>Anzahl der Lagen: 1-lagig gepr\u00e4gt<\/li>\n<li>Farbe: Blau (HACCP-konform \u2013 ideal f\u00fcr Lebensmittel-\/Industriebereich)<\/li>\n<li>Breite: 18 cm<\/li>\n<li>L\u00e4nge pro Rolle: 300 Meter<\/li>\n<li>Verpackung: 6 Rollen pro Karton<\/li>\n<li>Kompatibilit\u00e4t: Innenabrollspender<\/li>\n<li>Vorteile: Hohe Saugf\u00e4higkeit, wirtschaftlich, hygienisch, visuelle R\u00fcckverfolgbarkeit gem\u00e4\u00df HACCP-Normen<\/li>\n<\/ul>\n","protected":false},"excerpt":{"rendered":"<p>BulkySoft Handtuchrollen blau 1-lagig, gepr\u00e4gt und perforiert \u2013 300 m x 18 cm. Ideal f\u00fcr Lebensmittel- und Industrieumgebungen. Karton mit 6 Rollen.  <\/p>\n<p><span style=\"color: #008000;\"><strong>Art.-Nr. 5790<\/strong><\/span><\/p>\n","protected":false},"featured_media":29376,"template":"","meta":[],"product_brand":[],"product_cat":[603,583],"product_tag":[704],"class_list":{"0":"post-29372","1":"product","2":"type-product","3":"status-publish","4":"has-post-thumbnail","6":"product_cat-ecolabel-papier","7":"product_cat-papierrollen-handtucher","8":"product_tag-tubeless","10":"first","11":"instock","12":"taxable","13":"shipping-taxable","14":"purchasable","15":"product-type-simple"},"acf":[],"_links":{"self":[{"href":"https:\/\/serviclean.be\/de\/wp-json\/wp\/v2\/product\/29372","targetHints":{"allow":["GET"]}}],"collection":[{"href":"https:\/\/serviclean.be\/de\/wp-json\/wp\/v2\/product"}],"about":[{"href":"https:\/\/serviclean.be\/de\/wp-json\/wp\/v2\/types\/product"}],"wp:featuredmedia":[{"embeddable":true,"href":"https:\/\/serviclean.be\/de\/wp-json\/wp\/v2\/media\/29376"}],"wp:attachment":[{"href":"https:\/\/serviclean.be\/de\/wp-json\/wp\/v2\/media?parent=29372"}],"wp:term":[{"taxonomy":"product_brand","embeddable":true,"href":"https:\/\/serviclean.be\/de\/wp-json\/wp\/v2\/product_brand?post=29372"},{"taxonomy":"product_cat","embeddable":true,"href":"https:\/\/serviclean.be\/de\/wp-json\/wp\/v2\/product_cat?post=29372"},{"taxonomy":"product_tag","embeddable":true,"href":"https:\/\/serviclean.be\/de\/wp-json\/wp\/v2\/product_tag?post=29372"}],"curies":[{"name":"wp","href":"https:\/\/api.w.org\/{rel}","templated":true}]}}