{"id":29371,"date":"2023-04-17T21:43:34","date_gmt":"2023-04-17T19:43:34","guid":{"rendered":"https:\/\/serviclean.be\/produit\/ariel-revitablack-17-l-waschmittel-intensiv-schwarz-34-waschladungen\/"},"modified":"2023-04-17T21:43:34","modified_gmt":"2023-04-17T19:43:34","slug":"ariel-revitablack-17-l-waschmittel-intensiv-schwarz-34-waschladungen","status":"publish","type":"product","link":"https:\/\/serviclean.be\/de\/produit\/ariel-revitablack-17-l-waschmittel-intensiv-schwarz-34-waschladungen\/","title":{"rendered":"Ariel RevitaBlack 1,7 L \u2013 Waschmittel Intensiv Schwarz 34 Waschladungen"},"content":{"rendered":"<p>Ariel +RevitaBlack 1,7 L ist ein Hochleistungs-Fl\u00fcssigwaschmittel, speziell entwickelt, um schwarze und dunkle Kleidung aufzufrischen und zu sch\u00fctzen. Seine Fasererneuerungstechnologie verleiht dunklen Farben wieder Glanz und Intensit\u00e4t und sorgt gleichzeitig f\u00fcr makellose Sauberkeit, selbst bei Kaltw\u00e4sche. <\/p>\n<p>Es l\u00e4sst sich einfach anwenden, indem die Dosis in die Dosierkappe gegossen und direkt in die W\u00e4schetrommel gegeben wird. Bei sehr hartn\u00e4ckigen Flecken kann das Waschmittel auch zur Vorbehandlung verwendet werden. <\/p>\n<p><strong>Technische Daten:<\/strong><\/p>\n<ul>\n<li>Produktname: Ariel +RevitaBlack Liquid<\/li>\n<li>Typ: Fl\u00fcssigwaschmittel<\/li>\n<li>Inhalt: 1,7 L<\/li>\n<li>Anzahl Waschladungen: 34<\/li>\n<li>Geeignete Textilien: Schwarze und dunkle Kleidung<\/li>\n<li>Technologie: Fasererneuerung<\/li>\n<li>Wirksamkeit: Auch bei Kaltw\u00e4sche, ohne Vorw\u00e4sche<\/li>\n<li>Zus\u00e4tzliche Anwendung: Vorbehandlung m\u00f6glich<\/li>\n<li>Anwendung: Dosis in Kappe in die Trommel geben<\/li>\n<li>Duft: Frisch und angenehm<\/li>\n<li>Verpackung: 100 % recycelbare Flasche<\/li>\n<li>\u00d6kologie: Dosierkappe nicht standardm\u00e4\u00dfig mitgeliefert<\/li>\n<\/ul>\n","protected":false},"excerpt":{"rendered":"<p>Ariel RevitaBlack 1,7 L: Fl\u00fcssigwaschmittel 34 Waschladungen. Frischt schwarze und dunkle Kleidung auf, wirksam bei Kaltw\u00e4sche, recycelbare Flasche. <\/p>\n<p><strong><span style=\"color: #008000;\">Art.-Nr.: 0690<\/span><\/strong><\/p>\n","protected":false},"featured_media":29374,"template":"","meta":[],"product_brand":[],"product_cat":[602],"product_tag":[],"class_list":{"0":"post-29371","1":"product","2":"type-product","3":"status-publish","4":"has-post-thumbnail","6":"product_cat-waschmittel-und-weichspuler","8":"first","9":"outofstock","10":"taxable","11":"shipping-taxable","12":"purchasable","13":"product-type-simple"},"acf":[],"_links":{"self":[{"href":"https:\/\/serviclean.be\/de\/wp-json\/wp\/v2\/product\/29371","targetHints":{"allow":["GET"]}}],"collection":[{"href":"https:\/\/serviclean.be\/de\/wp-json\/wp\/v2\/product"}],"about":[{"href":"https:\/\/serviclean.be\/de\/wp-json\/wp\/v2\/types\/product"}],"wp:featuredmedia":[{"embeddable":true,"href":"https:\/\/serviclean.be\/de\/wp-json\/wp\/v2\/media\/29374"}],"wp:attachment":[{"href":"https:\/\/serviclean.be\/de\/wp-json\/wp\/v2\/media?parent=29371"}],"wp:term":[{"taxonomy":"product_brand","embeddable":true,"href":"https:\/\/serviclean.be\/de\/wp-json\/wp\/v2\/product_brand?post=29371"},{"taxonomy":"product_cat","embeddable":true,"href":"https:\/\/serviclean.be\/de\/wp-json\/wp\/v2\/product_cat?post=29371"},{"taxonomy":"product_tag","embeddable":true,"href":"https:\/\/serviclean.be\/de\/wp-json\/wp\/v2\/product_tag?post=29371"}],"curies":[{"name":"wp","href":"https:\/\/api.w.org\/{rel}","templated":true}]}}