{"id":29354,"date":"2023-05-20T16:01:35","date_gmt":"2023-05-20T14:01:35","guid":{"rendered":"https:\/\/serviclean.be\/produit\/toilettenpapier-2-lagig-56-rollen\/"},"modified":"2023-05-20T16:01:35","modified_gmt":"2023-05-20T14:01:35","slug":"toilettenpapier-2-lagig-56-rollen","status":"publish","type":"product","link":"https:\/\/serviclean.be\/de\/produit\/toilettenpapier-2-lagig-56-rollen\/","title":{"rendered":"Toilettenpapier 2-lagig 56 Rollen"},"content":{"rendered":"<p>Entdecken Sie das Toilettenpapier Ola\u2019la \u2013 eine echte Revolution in Ihrem Badezimmer! Mit seinen luxuri\u00f6sen 2 Lagen ist dieses Paket mit 56 Rollen darauf ausgelegt, Ihnen ein ultimatives Sauberkeits- und Komforterlebnis zu bieten. Das Toilettenpapier Ola\u2019la wird aus 100 % hochwertiger Zellulose hergestellt, die sorgf\u00e4ltig aufgrund ihrer Weichheit und Rei\u00dffestigkeit ausgew\u00e4hlt wurde.  <\/p>\n<p><strong><span style=\"color: #008000;\">Ref.: 1984<\/span><\/strong><\/p>\n<p>&nbsp;<\/p>\n<p>Dank seiner 56 Rollen ist dieses Toilettenpapierpaket auf eine lange Nutzungsdauer ausgelegt und bietet Ihnen eine zuverl\u00e4ssige und praktische Versorgung. Sie m\u00fcssen sich keine Sorgen mehr machen, dass Ihnen Toilettenpapier ausgeht \u2013 so meistern Sie alle Herausforderungen des Alltags ganz entspannt. <\/p>\n<p>Das Toilettenpapier Ola\u2019la ist au\u00dferdem umweltfreundlich. Es ist nach strengen Standards in Bezug auf Nachhaltigkeit und \u00f6kologische Verantwortung zertifiziert. So genie\u00dfen Sie ein Qualit\u00e4tsprodukt und tragen gleichzeitig zum Schutz unseres Planeten bei.  <\/p>\n<p>\u00dcberlassen Sie Ihren Komfort nicht dem Zufall. Entscheiden Sie sich f\u00fcr das 2-lagige Toilettenpapier Ola\u2019la und machen Sie jeden Toilettengang zu einem angenehmen und hygienischen Erlebnis. Mit seiner Weichheit, Rei\u00dffestigkeit und gro\u00dfz\u00fcgigen Vorratsmenge erf\u00fcllt es all Ihre Bed\u00fcrfnisse in Sachen pers\u00f6nliche Hygiene.  <\/p>\n<p><strong>Eigenschaften:<\/strong><\/p>\n<p>Zusammensetzung: 100 % Zellulose<br \/>\nPapier: 2&#215;16 g\/m2<br \/>\nRollenbreite: 9,3 cm<br \/>\nBlattl\u00e4nge: 11 cm<br \/>\nAnzahl der Bl\u00e4tter: 200<br \/>\nInnendurchmesser der H\u00fclse: 46 mm<br \/>\nRollendurchmesser: 12,3 cm<br \/>\nPr\u00e4gung: laminiert<br \/>\nRollen pro Packung: 8<br \/>\nVerpackungsart: PE-Folie, bedruckt<br \/>\nNettogewicht der Packung: 0,536 kg<br \/>\nBruttogewicht der Packung: 0,553 kg<br \/>\nPackungen pro Sack: 7<br \/>\nVerpackungen pro Palette: 140<\/p>\n","protected":false},"excerpt":{"rendered":"<p><a href=\"https:\/\/serviclean.be\/produit\/papier-toilette-2plis-400-coupons40-rouleaux\/\"><strong><span style=\"color: #d83131;\">Dieses Produkt wurde ersetzt<\/span><\/strong><\/a><\/p>\n","protected":false},"featured_media":28027,"template":"","meta":[],"product_brand":[],"product_cat":[588],"product_tag":[],"class_list":{"0":"post-29354","1":"product","2":"type-product","3":"status-publish","4":"has-post-thumbnail","6":"product_cat-spender-und-toilettenpapier","8":"first","9":"outofstock","10":"taxable","11":"shipping-taxable","12":"purchasable","13":"product-type-simple"},"acf":[],"_links":{"self":[{"href":"https:\/\/serviclean.be\/de\/wp-json\/wp\/v2\/product\/29354","targetHints":{"allow":["GET"]}}],"collection":[{"href":"https:\/\/serviclean.be\/de\/wp-json\/wp\/v2\/product"}],"about":[{"href":"https:\/\/serviclean.be\/de\/wp-json\/wp\/v2\/types\/product"}],"wp:featuredmedia":[{"embeddable":true,"href":"https:\/\/serviclean.be\/de\/wp-json\/wp\/v2\/media\/28027"}],"wp:attachment":[{"href":"https:\/\/serviclean.be\/de\/wp-json\/wp\/v2\/media?parent=29354"}],"wp:term":[{"taxonomy":"product_brand","embeddable":true,"href":"https:\/\/serviclean.be\/de\/wp-json\/wp\/v2\/product_brand?post=29354"},{"taxonomy":"product_cat","embeddable":true,"href":"https:\/\/serviclean.be\/de\/wp-json\/wp\/v2\/product_cat?post=29354"},{"taxonomy":"product_tag","embeddable":true,"href":"https:\/\/serviclean.be\/de\/wp-json\/wp\/v2\/product_tag?post=29354"}],"curies":[{"name":"wp","href":"https:\/\/api.w.org\/{rel}","templated":true}]}}