{"id":29353,"date":"2023-04-17T21:56:01","date_gmt":"2023-04-17T19:56:01","guid":{"rendered":"https:\/\/serviclean.be\/produit\/carolin-1-l-natuerliches-schwarzes-seifenprodukt-vielseitig-einsetzbar\/"},"modified":"2023-04-17T21:56:01","modified_gmt":"2023-04-17T19:56:01","slug":"carolin-1-l-natuerliches-schwarzes-seifenprodukt-vielseitig-einsetzbar","status":"publish","type":"product","link":"https:\/\/serviclean.be\/de\/produit\/carolin-1-l-natuerliches-schwarzes-seifenprodukt-vielseitig-einsetzbar\/","title":{"rendered":"Carolin 1 L \u2013 Nat\u00fcrliches Schwarzes Seifenprodukt, vielseitig einsetzbar"},"content":{"rendered":"<div id=\"gotoSection6\" class=\"pdp-sec-style col-xs-12 hidden-sm visible-sm-hz visible-xs visible-md visible-lg no-padding\">\n<div class=\"section-content desc-sixsection-content col-xs-12 no-padding\">\n<div class=\"sixsection-content\">\n<div class=\"pdp-table-sec-outer-style col-xs-12 no-padding\">\n<div class=\"col-xs-12 pdp-table-sec-head-style\">Carolin Nat\u00fcrliches Schwarzes Seifenprodukt 1 L ist der traditionelle Vielzweckreiniger, der Wirksamkeit und Schonung der Oberfl\u00e4chen vereint. Auf Basis pflanzlicher schwarzer Seife formuliert, reinigt, entfettet und bringt er zum Gl\u00e4nzen, ohne die Materialien anzugreifen.<br \/>\nVielseitig einsetzbar \u2013 ideal f\u00fcr die Pflege von Fliesen, Terrakottafliesen, Naturstein, Kunststoffb\u00f6den und anderen modernen Oberfl\u00e4chen.<br \/>\nDie nat\u00fcrliche Formel bewahrt das Gleichgewicht der Materialien und sorgt f\u00fcr ein makelloses Ergebnis, w\u00e4hrend sie einen authentischen, warmen Duft verstr\u00f6mt.<br \/>\nBei regelm\u00e4\u00dfiger Anwendung tr\u00e4gt er zur Sauberkeit und dauerhaften Sch\u00f6nheit Ihrer B\u00f6den und Oberfl\u00e4chen bei \u2013 schonend und umweltfreundlich. <\/div>\n<div>\n<p><strong>Technisches Datenblatt<\/strong><\/p>\n<ul>\n<li>Produktname: Carolin Nat\u00fcrliches Schwarzes Seifenprodukt<\/li>\n<li>Inhalt: 1 L<\/li>\n<li>Typ: Vielzweckreiniger f\u00fcr B\u00f6den und Oberfl\u00e4chen<\/li>\n<li>Hauptbestandteil: Pflanzliche schwarze Seife<\/li>\n<\/ul>\n<p><strong>Eigenschaften:<\/strong><\/p>\n<ul>\n<li>Reinigt und entfettet effektiv<\/li>\n<li>Bringt Glanz, ohne zu besch\u00e4digen<\/li>\n<li>Wahrt das Gleichgewicht der Oberfl\u00e4chen<\/li>\n<li>Sorgt f\u00fcr einen nat\u00fcrlichen, lang anhaltenden Glanz<\/li>\n<li>Geeignete Untergr\u00fcnde: Fliesen, Terrakottafliesen, Naturstein, Kunststoffb\u00f6den, moderne abwaschbare Oberfl\u00e4chen<\/li>\n<li>Duft: Authentisch und nat\u00fcrlich<\/li>\n<\/ul>\n<p><strong>Gebrauchsanweisung<\/strong><\/p>\n<ul>\n<li>Einen Verschlusskappeninhalt Carolin Nat\u00fcrliches Schwarzes Seifenprodukt in einem Eimer lauwarmem Wasser (5 L) verd\u00fcnnen.<\/li>\n<li>Die L\u00f6sung mit einem Wischmopp, Schwamm oder Besen auftragen.<\/li>\n<li>B\u00f6den oder Oberfl\u00e4chen ohne \u00fcberm\u00e4\u00dfige Wassermenge reinigen.<\/li>\n<li>Nat\u00fcrlich trocknen lassen, f\u00fcr ein besseres Ergebnis nicht nachsp\u00fclen.<\/li>\n<li>Regelm\u00e4\u00dfige Anwendung empfohlen, um Sauberkeit und Glanz der Oberfl\u00e4chen zu erhalten.<\/li>\n<\/ul>\n<\/div>\n<\/div>\n<\/div>\n<\/div>\n<\/div>\n","protected":false},"excerpt":{"rendered":"<p>Vielzweckreiniger 1 L mit pflanzlicher schwarzer Seife. Entfettet, reinigt und bringt Fliesen, Terrakottafliesen, Naturstein und Kunststoffb\u00f6den zum Gl\u00e4nzen. <\/p>\n<p><span style=\"color: #008000;\"><strong>Ref.: 0461<\/strong><\/span><\/p>\n","protected":false},"featured_media":29358,"template":"","meta":[],"product_brand":[],"product_cat":[578,579],"product_tag":[],"class_list":{"0":"post-29353","1":"product","2":"type-product","3":"status-publish","4":"has-post-thumbnail","6":"product_cat-pflegeprodukte","7":"product_cat-bodenreinigung","9":"first","10":"instock","11":"taxable","12":"shipping-taxable","13":"purchasable","14":"product-type-simple"},"acf":[],"_links":{"self":[{"href":"https:\/\/serviclean.be\/de\/wp-json\/wp\/v2\/product\/29353","targetHints":{"allow":["GET"]}}],"collection":[{"href":"https:\/\/serviclean.be\/de\/wp-json\/wp\/v2\/product"}],"about":[{"href":"https:\/\/serviclean.be\/de\/wp-json\/wp\/v2\/types\/product"}],"wp:featuredmedia":[{"embeddable":true,"href":"https:\/\/serviclean.be\/de\/wp-json\/wp\/v2\/media\/29358"}],"wp:attachment":[{"href":"https:\/\/serviclean.be\/de\/wp-json\/wp\/v2\/media?parent=29353"}],"wp:term":[{"taxonomy":"product_brand","embeddable":true,"href":"https:\/\/serviclean.be\/de\/wp-json\/wp\/v2\/product_brand?post=29353"},{"taxonomy":"product_cat","embeddable":true,"href":"https:\/\/serviclean.be\/de\/wp-json\/wp\/v2\/product_cat?post=29353"},{"taxonomy":"product_tag","embeddable":true,"href":"https:\/\/serviclean.be\/de\/wp-json\/wp\/v2\/product_tag?post=29353"}],"curies":[{"name":"wp","href":"https:\/\/api.w.org\/{rel}","templated":true}]}}