{"id":29331,"date":"2023-04-22T14:09:04","date_gmt":"2023-04-22T12:09:04","guid":{"rendered":"https:\/\/serviclean.be\/produit\/autosensor-rollenspender-fuer-perfekte-hygiene\/"},"modified":"2023-04-22T14:09:04","modified_gmt":"2023-04-22T12:09:04","slug":"autosensor-rollenspender-fuer-perfekte-hygiene","status":"publish","type":"product","link":"https:\/\/serviclean.be\/de\/produit\/autosensor-rollenspender-fuer-perfekte-hygiene\/","title":{"rendered":"AutoSensor Rollenspender f\u00fcr perfekte Hygiene"},"content":{"rendered":"<p>Der AutoSensor Rollenspender f\u00fcr ber\u00fchrungslose Ausgabe erm\u00f6glicht es Ihnen zudem, die Pausenzeit zwischen der Ausgabe jedes Formats zu w\u00e4hlen. Der Rollenspender <\/p>\n<p>AutoSensor ist ADA-konform. Blatt-f\u00fcr-Blatt-Ausgabesystem mit gro\u00dfer Kapazit\u00e4t. <\/p>\n<p>Blatt-f\u00fcr-Blatt-Ausgabesystem mit gro\u00dfer Kapazit\u00e4t<\/p>\n<p>Mehr Papier, weniger Abfall, besser f\u00fcr die Umwelt<\/p>\n<p>INFORMATIONEN ZUM SPENDER<\/p>\n<table class=\"table table-striped\" style=\"height: 75px;\" width=\"376\">\n<thead>\n<tr>\n<th scope=\"col\">H\u00f6he<\/th>\n<th scope=\"col\">Breite<\/th>\n<th scope=\"col\">Tiefe<\/th>\n<th scope=\"col\"><\/th>\n<\/tr>\n<\/thead>\n<tbody>\n<tr>\n<td style=\"text-align: center;\">34,7 cm<\/td>\n<td style=\"text-align: center;\">33,8 cm<\/td>\n<td style=\"text-align: center;\">21,8 cm<\/td>\n<td><\/td>\n<\/tr>\n<\/tbody>\n<\/table>\n","protected":false},"excerpt":{"rendered":"<p>AutoSensor Rollenspender f\u00fcr perfekte Hygiene Der AutoSensor Rollenspender stellt eine innovative L\u00f6sung dar, um einwandfreie Hygiene zu gew\u00e4hrleisten und gleichzeitig die Umweltbelastung zu minimieren. Durch die Vermeidung von Papierverschwendung tr\u00e4gt dieses Ger\u00e4t zu einer nachhaltigeren Ressourcenverwaltung bei. Dank seiner ber\u00fchrungslosen Funktionsweise gew\u00e4hrleistet es eine optimale und hygienische Nutzung und erf\u00fcllt damit moderne Anforderungen an Sauberkeit. Den AutoSensor Spender zu w\u00e4hlen bedeutet, eine verantwortungsvolle Entscheidung f\u00fcr die Umwelt zu treffen.   <\/p>\n<p><span style=\"color: #00a859;\"><strong>Ref: 0882-11566<\/strong><\/span><\/p>\n","protected":false},"featured_media":29334,"template":"","meta":[],"product_brand":[],"product_cat":[585],"product_tag":[704],"class_list":{"0":"post-29331","1":"product","2":"type-product","3":"status-publish","4":"has-post-thumbnail","6":"product_cat-handtuchspender","7":"product_tag-tubeless","9":"first","10":"instock","11":"taxable","12":"shipping-taxable","13":"purchasable","14":"product-type-variable"},"acf":[],"_links":{"self":[{"href":"https:\/\/serviclean.be\/de\/wp-json\/wp\/v2\/product\/29331","targetHints":{"allow":["GET"]}}],"collection":[{"href":"https:\/\/serviclean.be\/de\/wp-json\/wp\/v2\/product"}],"about":[{"href":"https:\/\/serviclean.be\/de\/wp-json\/wp\/v2\/types\/product"}],"wp:featuredmedia":[{"embeddable":true,"href":"https:\/\/serviclean.be\/de\/wp-json\/wp\/v2\/media\/29334"}],"wp:attachment":[{"href":"https:\/\/serviclean.be\/de\/wp-json\/wp\/v2\/media?parent=29331"}],"wp:term":[{"taxonomy":"product_brand","embeddable":true,"href":"https:\/\/serviclean.be\/de\/wp-json\/wp\/v2\/product_brand?post=29331"},{"taxonomy":"product_cat","embeddable":true,"href":"https:\/\/serviclean.be\/de\/wp-json\/wp\/v2\/product_cat?post=29331"},{"taxonomy":"product_tag","embeddable":true,"href":"https:\/\/serviclean.be\/de\/wp-json\/wp\/v2\/product_tag?post=29331"}],"curies":[{"name":"wp","href":"https:\/\/api.w.org\/{rel}","templated":true}]}}