{"id":29327,"date":"2023-06-10T19:17:01","date_gmt":"2023-06-10T17:17:01","guid":{"rendered":"https:\/\/serviclean.be\/produit\/muellsack-60x90-cm-grau-schwarz-lpde-typ-50\/"},"modified":"2023-06-10T19:17:01","modified_gmt":"2023-06-10T17:17:01","slug":"muellsack-60x90-cm-grau-schwarz-lpde-typ-50","status":"publish","type":"product","link":"https:\/\/serviclean.be\/de\/produit\/muellsack-60x90-cm-grau-schwarz-lpde-typ-50\/","title":{"rendered":"M\u00fcllsack 60&#215;90 cm Grau\/Schwarz LPDE Typ 50"},"content":{"rendered":"<p>M\u00fcllsack Grau\/Schwarz 60&#215;90 cm \u2013 80 L aus LDPE Typ 50, robust, dicht und flexibel. Ideal f\u00fcr Haushalts- oder Gewerbeabf\u00e4lle. <\/p>\n<p>Eigenschaften:<\/p>\n<ul>\n<li>Farbe: Schwarz<\/li>\n<li>Abmessungen: 60 x 90 cm<\/li>\n<li>Fassungsverm\u00f6gen: \u00b1 80 L<\/li>\n<li>Material: Kunststoff LDPE Typ 60<\/li>\n<li>Verpackung: Karton mit 250 S\u00e4cken (10 Rollen \u00e0 25 S\u00e4cke)<\/li>\n<\/ul>\n","protected":false},"excerpt":{"rendered":"<p>M\u00fcllsack Grau\/Schwarz 60&#215;90 cm \u2013 80 L aus LDPE Typ 50, robust, dicht und flexibel. Ideal f\u00fcr Haushalts- oder Gewerbeabf\u00e4lle. <\/p>\n<p><strong><span style=\"color: #008000;\">Ref: 5775, 8667<\/span><\/strong><\/p>\n","protected":false},"featured_media":28468,"template":"","meta":[],"product_brand":[],"product_cat":[652],"product_tag":[],"class_list":{"0":"post-29327","1":"product","2":"type-product","3":"status-publish","4":"has-post-thumbnail","6":"product_cat-mullsacke","8":"first","9":"instock","10":"taxable","11":"shipping-taxable","12":"purchasable","13":"product-type-variable"},"acf":[],"_links":{"self":[{"href":"https:\/\/serviclean.be\/de\/wp-json\/wp\/v2\/product\/29327","targetHints":{"allow":["GET"]}}],"collection":[{"href":"https:\/\/serviclean.be\/de\/wp-json\/wp\/v2\/product"}],"about":[{"href":"https:\/\/serviclean.be\/de\/wp-json\/wp\/v2\/types\/product"}],"wp:featuredmedia":[{"embeddable":true,"href":"https:\/\/serviclean.be\/de\/wp-json\/wp\/v2\/media\/28468"}],"wp:attachment":[{"href":"https:\/\/serviclean.be\/de\/wp-json\/wp\/v2\/media?parent=29327"}],"wp:term":[{"taxonomy":"product_brand","embeddable":true,"href":"https:\/\/serviclean.be\/de\/wp-json\/wp\/v2\/product_brand?post=29327"},{"taxonomy":"product_cat","embeddable":true,"href":"https:\/\/serviclean.be\/de\/wp-json\/wp\/v2\/product_cat?post=29327"},{"taxonomy":"product_tag","embeddable":true,"href":"https:\/\/serviclean.be\/de\/wp-json\/wp\/v2\/product_tag?post=29327"}],"curies":[{"name":"wp","href":"https:\/\/api.w.org\/{rel}","templated":true}]}}