{"id":29326,"date":"2025-02-01T00:16:29","date_gmt":"2025-01-31T23:16:29","guid":{"rendered":"https:\/\/serviclean.be\/produit\/finish-maschinenreiniger-waehrend-des-spuelgangs\/"},"modified":"2025-02-01T00:16:29","modified_gmt":"2025-01-31T23:16:29","slug":"finish-maschinenreiniger-waehrend-des-spuelgangs","status":"publish","type":"product","link":"https:\/\/serviclean.be\/de\/produit\/finish-maschinenreiniger-waehrend-des-spuelgangs\/","title":{"rendered":"Finish Maschinenreiniger W\u00e4hrend des Sp\u00fclgangs"},"content":{"rendered":"<p>Holen Sie sich die optimale Leistung Ihrer Sp\u00fclmaschine zur\u00fcck mit dem Finish Maschinenreiniger W\u00e4hrend des Sp\u00fclgangs.<\/p>\n<p>Praktisch und effektiv l\u00e4sst sich dieser Reiniger w\u00e4hrend eines normalen Sp\u00fclgangs verwenden, ohne die Maschine ausr\u00e4umen zu m\u00fcssen. Er wirkt selbst bei Kurzprogrammen und niedrigen Temperaturen und entfernt Fett, Speisereste und Kalkablagerungen, die sich in den wesentlichen Teilen des Ger\u00e4ts ansammeln (Spr\u00fcharme, Filter, Schl\u00e4uche). <\/p>\n<p>Ergebnis: eine saubere, frische und leistungsstarke Sp\u00fclmaschine f\u00fcr stets einwandfreies Geschirr.<\/p>\n<p><strong>F\u00fcr eine optimale Pflege wird eine Anwendung 1-mal pro Monat empfohlen.<\/strong><\/p>\n<p><strong>Technische Daten:<\/strong><\/p>\n<ul>\n<li>Produkt: Finish Maschinenreiniger W\u00e4hrend des Sp\u00fclgangs<\/li>\n<li>Typ: Geschirrsp\u00fclmaschinenreiniger<\/li>\n<li>Format: Tablette\/L\u00f6sung zur monatlichen Anwendung<\/li>\n<\/ul>\n<p><strong>Eigenschaften:<\/strong><\/p>\n<ul>\n<li>Reinigt gr\u00fcndlich ohne Leerlaufzyklus<\/li>\n<li>Entfernt Fett und Kalk<\/li>\n<li>Funktioniert selbst bei Kurzprogrammen und niedrigen Temperaturen<\/li>\n<li>Verleiht dem Ger\u00e4t neuen Glanz und Frische<\/li>\n<\/ul>\n<p><strong>Vorteile:<\/strong><\/p>\n<ul>\n<li>Einfach anzuwenden<\/li>\n<li>Erh\u00e4lt die Leistung der Sp\u00fclmaschine<\/li>\n<li>Verbessert die Langlebigkeit des Ger\u00e4ts<\/li>\n<\/ul>\n<p><strong>Gebrauchsanweisung:<\/strong><\/p>\n<ul>\n<li>Finish Maschinenreiniger in die Sp\u00fclmaschine legen (beliebiges Fach oder Korb).<\/li>\n<li>Einen gew\u00f6hnlichen Sp\u00fclgang starten (auch Kurzprogramm oder niedrige Temperatur).<\/li>\n<li>1-mal pro Monat f\u00fcr eine regelm\u00e4\u00dfige Pflege verwenden.<\/li>\n<\/ul>\n","protected":false},"excerpt":{"rendered":"<p>Der Finish Geschirrsp\u00fclmaschinenreiniger w\u00e4hrend des Sp\u00fclgangs entfernt effektiv Fett und Kalk, ohne einen Leerlaufzyklus zu ben\u00f6tigen, und verleiht Ihrem Ger\u00e4t gleichzeitig neuen Glanz und Leistung. G\u00f6nnen Sie Ihrer Sp\u00fclmaschine die Pflege, die sie verdient, mit diesem innovativen Produkt. <\/p>\n","protected":false},"featured_media":29328,"template":"","meta":[],"product_brand":[],"product_cat":[642,573],"product_tag":[],"class_list":{"0":"post-29326","1":"product","2":"type-product","3":"status-publish","4":"has-post-thumbnail","6":"product_cat-geschirrspulmaschinen-professionell","7":"product_cat-kuchenhygiene","9":"first","10":"instock","11":"taxable","12":"shipping-taxable","13":"purchasable","14":"product-type-simple"},"acf":[],"_links":{"self":[{"href":"https:\/\/serviclean.be\/de\/wp-json\/wp\/v2\/product\/29326","targetHints":{"allow":["GET"]}}],"collection":[{"href":"https:\/\/serviclean.be\/de\/wp-json\/wp\/v2\/product"}],"about":[{"href":"https:\/\/serviclean.be\/de\/wp-json\/wp\/v2\/types\/product"}],"wp:featuredmedia":[{"embeddable":true,"href":"https:\/\/serviclean.be\/de\/wp-json\/wp\/v2\/media\/29328"}],"wp:attachment":[{"href":"https:\/\/serviclean.be\/de\/wp-json\/wp\/v2\/media?parent=29326"}],"wp:term":[{"taxonomy":"product_brand","embeddable":true,"href":"https:\/\/serviclean.be\/de\/wp-json\/wp\/v2\/product_brand?post=29326"},{"taxonomy":"product_cat","embeddable":true,"href":"https:\/\/serviclean.be\/de\/wp-json\/wp\/v2\/product_cat?post=29326"},{"taxonomy":"product_tag","embeddable":true,"href":"https:\/\/serviclean.be\/de\/wp-json\/wp\/v2\/product_tag?post=29326"}],"curies":[{"name":"wp","href":"https:\/\/api.w.org\/{rel}","templated":true}]}}