{"id":29323,"date":"2023-09-23T18:12:00","date_gmt":"2023-09-23T16:12:00","guid":{"rendered":"https:\/\/serviclean.be\/produit\/grossraum-abfallbehaelter-43-l-freistehend-oder-zur-wandmontage\/"},"modified":"2023-09-23T18:12:00","modified_gmt":"2023-09-23T16:12:00","slug":"grossraum-abfallbehaelter-43-l-freistehend-oder-zur-wandmontage","status":"publish","type":"product","link":"https:\/\/serviclean.be\/de\/produit\/grossraum-abfallbehaelter-43-l-freistehend-oder-zur-wandmontage\/","title":{"rendered":"Gro\u00dfraum-Abfallbeh\u00e4lter 43 l, freistehend oder zur Wandmontage"},"content":{"rendered":"<div class=\"product-content\">\n<div class=\"column1 container \">\n<div class=\"row\">\n<div class=\"col text-center\">\n<p>Modernes Design mit verdecktem Deckel, hergestellt aus recyceltem Polypropylen und recyceltem ABS<\/p>\n<\/div>\n<\/div>\n<\/div>\n<\/div>\n<div class=\"product-content\">\n<div class=\"highlight_block\">\n<div class=\"container\">\n<div class=\"row\">\n<div class=\"col align-self-center aos-init aos-animate\" data-aos=\"fade-in\" data-aos-duration=\"1000\"><\/div>\n<\/div>\n<\/div>\n<\/div>\n<\/div>\n","protected":false},"excerpt":{"rendered":"<p>Gro\u00dfraum-Abfallbeh\u00e4lter f\u00fcr stark frequentierte Toiletten<\/p>\n<p><strong><span style=\"color: #008000;\">Ref.: 5865-5864<\/span><\/strong><\/p>\n","protected":false},"featured_media":27395,"template":"","meta":[],"product_brand":[],"product_cat":[572],"product_tag":[],"class_list":{"0":"post-29323","1":"product","2":"type-product","3":"status-publish","4":"has-post-thumbnail","6":"product_cat-mulleimer","8":"first","9":"instock","10":"taxable","11":"shipping-taxable","12":"purchasable","13":"product-type-variable"},"acf":[],"_links":{"self":[{"href":"https:\/\/serviclean.be\/de\/wp-json\/wp\/v2\/product\/29323","targetHints":{"allow":["GET"]}}],"collection":[{"href":"https:\/\/serviclean.be\/de\/wp-json\/wp\/v2\/product"}],"about":[{"href":"https:\/\/serviclean.be\/de\/wp-json\/wp\/v2\/types\/product"}],"wp:featuredmedia":[{"embeddable":true,"href":"https:\/\/serviclean.be\/de\/wp-json\/wp\/v2\/media\/27395"}],"wp:attachment":[{"href":"https:\/\/serviclean.be\/de\/wp-json\/wp\/v2\/media?parent=29323"}],"wp:term":[{"taxonomy":"product_brand","embeddable":true,"href":"https:\/\/serviclean.be\/de\/wp-json\/wp\/v2\/product_brand?post=29323"},{"taxonomy":"product_cat","embeddable":true,"href":"https:\/\/serviclean.be\/de\/wp-json\/wp\/v2\/product_cat?post=29323"},{"taxonomy":"product_tag","embeddable":true,"href":"https:\/\/serviclean.be\/de\/wp-json\/wp\/v2\/product_tag?post=29323"}],"curies":[{"name":"wp","href":"https:\/\/api.w.org\/{rel}","templated":true}]}}