{"id":29275,"date":"2023-12-09T18:58:46","date_gmt":"2023-12-09T17:58:46","guid":{"rendered":"https:\/\/serviclean.be\/produit\/kenocid-210-professionelle-breitband-desinfektion\/"},"modified":"2023-12-09T18:58:46","modified_gmt":"2023-12-09T17:58:46","slug":"kenocid-210-professionelle-breitband-desinfektion","status":"publish","type":"product","link":"https:\/\/serviclean.be\/de\/produit\/kenocid-210-professionelle-breitband-desinfektion\/","title":{"rendered":"Keno\u2122cid 210 \u2013 Professionelle Breitband-Desinfektion"},"content":{"rendered":"<p>Keno\u2122cid 210 ist ein konzentriertes Desinfektionsmittel mit einer fortschrittlichen Formulierung, die Glutaraldehyd und zwei Arten von quart\u00e4ren Ammoniumverbindungen kombiniert. Seine Wirksamkeit macht es zu einer optimalen L\u00f6sung f\u00fcr die Desinfektion von Oberfl\u00e4chen und R\u00e4umen in der Lebensmittelindustrie und garantiert eine saubere und sichere Umgebung. Dank seiner Breitbandwirkung erf\u00fcllt cid 210 die strengsten Hygieneanforderungen. Seine Anwendung beugt Kontaminationen vor und erh\u00e4lt hohe Sanit\u00e4tsstandards aufrecht.   <\/p>\n","protected":false},"excerpt":{"rendered":"<p>Keno\u2122cid 210 ist ein konzentriertes Desinfektionsmittel auf Basis von Glutaraldehyd und zwei Arten von quart\u00e4ren Ammoniumverbindungen. Ideal f\u00fcr die Desinfektion aller Oberfl\u00e4chen und R\u00e4ume in der Lebensmittelindustrie. (PT4)  <\/p>\n<p><strong><span style=\"color: #008000;\">Art.-Nr.: 5939<\/span><\/strong><\/p>\n","protected":false},"featured_media":29277,"template":"","meta":[],"product_brand":[],"product_cat":[574],"product_tag":[],"class_list":{"0":"post-29275","1":"product","2":"type-product","3":"status-publish","4":"has-post-thumbnail","6":"product_cat-hand-und-flachendesinfektion","8":"first","9":"onbackorder","10":"taxable","11":"shipping-taxable","12":"purchasable","13":"product-type-simple"},"acf":[],"_links":{"self":[{"href":"https:\/\/serviclean.be\/de\/wp-json\/wp\/v2\/product\/29275","targetHints":{"allow":["GET"]}}],"collection":[{"href":"https:\/\/serviclean.be\/de\/wp-json\/wp\/v2\/product"}],"about":[{"href":"https:\/\/serviclean.be\/de\/wp-json\/wp\/v2\/types\/product"}],"wp:featuredmedia":[{"embeddable":true,"href":"https:\/\/serviclean.be\/de\/wp-json\/wp\/v2\/media\/29277"}],"wp:attachment":[{"href":"https:\/\/serviclean.be\/de\/wp-json\/wp\/v2\/media?parent=29275"}],"wp:term":[{"taxonomy":"product_brand","embeddable":true,"href":"https:\/\/serviclean.be\/de\/wp-json\/wp\/v2\/product_brand?post=29275"},{"taxonomy":"product_cat","embeddable":true,"href":"https:\/\/serviclean.be\/de\/wp-json\/wp\/v2\/product_cat?post=29275"},{"taxonomy":"product_tag","embeddable":true,"href":"https:\/\/serviclean.be\/de\/wp-json\/wp\/v2\/product_tag?post=29275"}],"curies":[{"name":"wp","href":"https:\/\/api.w.org\/{rel}","templated":true}]}}