{"id":29261,"date":"2023-12-09T19:42:09","date_gmt":"2023-12-09T18:42:09","guid":{"rendered":"https:\/\/serviclean.be\/produit\/green-stop-5-l\/"},"modified":"2023-12-09T19:42:09","modified_gmt":"2023-12-09T18:42:09","slug":"green-stop-5-l","status":"publish","type":"product","link":"https:\/\/serviclean.be\/de\/produit\/green-stop-5-l\/","title":{"rendered":"Green Stop 5 l"},"content":{"rendered":"<div class=\"field field-name-field-intro field-type-text-long field-label-hidden\">\n<div class=\"field-items\">\n<div class=\"field-item even\">Entfernt Algen und gr\u00fcne Ablagerungen!<\/div>\n<\/div>\n<\/div>\n<div class=\"field field-name-field-usps field-type-text-long field-label-hidden\">\n<div class=\"field-items\">\n<div class=\"field-item even\">\n<ul>\n<li>Algen und alle gr\u00fcnen Ablagerungen entfernen<\/li>\n<li>ohne Schrubben<\/li>\n<li>kein Risiko von Farbver\u00e4nderungen<\/li>\n<\/ul>\n<\/div>\n<\/div>\n<\/div>\n","protected":false},"excerpt":{"rendered":"<p>Greenstop entfernt ohne Schrubben Algen und alle gr\u00fcnen Ablagerungen auf allen Oberfl\u00e4chen: Wege, Mauern, D\u00e4cher, Terrassen und Terrassenm\u00f6bel, Holzb\u00f6den, Verschl\u00fcsse, &#8230; Kein Risiko von Farbver\u00e4nderungen. <\/p>\n<p><strong><span style=\"color: #008000;\">Ref.: 1476<\/span><\/strong><\/p>\n","protected":false},"featured_media":29274,"template":"","meta":[],"product_brand":[],"product_cat":[701],"product_tag":[],"class_list":{"0":"post-29261","1":"product","2":"type-product","3":"status-publish","4":"has-post-thumbnail","6":"product_cat-unkrautbekaempfung","8":"first","9":"instock","10":"taxable","11":"shipping-taxable","12":"purchasable","13":"product-type-simple"},"acf":[],"_links":{"self":[{"href":"https:\/\/serviclean.be\/de\/wp-json\/wp\/v2\/product\/29261","targetHints":{"allow":["GET"]}}],"collection":[{"href":"https:\/\/serviclean.be\/de\/wp-json\/wp\/v2\/product"}],"about":[{"href":"https:\/\/serviclean.be\/de\/wp-json\/wp\/v2\/types\/product"}],"wp:featuredmedia":[{"embeddable":true,"href":"https:\/\/serviclean.be\/de\/wp-json\/wp\/v2\/media\/29274"}],"wp:attachment":[{"href":"https:\/\/serviclean.be\/de\/wp-json\/wp\/v2\/media?parent=29261"}],"wp:term":[{"taxonomy":"product_brand","embeddable":true,"href":"https:\/\/serviclean.be\/de\/wp-json\/wp\/v2\/product_brand?post=29261"},{"taxonomy":"product_cat","embeddable":true,"href":"https:\/\/serviclean.be\/de\/wp-json\/wp\/v2\/product_cat?post=29261"},{"taxonomy":"product_tag","embeddable":true,"href":"https:\/\/serviclean.be\/de\/wp-json\/wp\/v2\/product_tag?post=29261"}],"curies":[{"name":"wp","href":"https:\/\/api.w.org\/{rel}","templated":true}]}}