{"id":29257,"date":"2023-11-25T19:18:47","date_gmt":"2023-11-25T18:18:47","guid":{"rendered":"https:\/\/serviclean.be\/produit\/alco-cid-a-1-l-flaechendesinfektionsmittel-mit-80-alkohol\/"},"modified":"2023-11-25T19:18:47","modified_gmt":"2023-11-25T18:18:47","slug":"alco-cid-a-1-l-flaechendesinfektionsmittel-mit-80-alkohol","status":"publish","type":"product","link":"https:\/\/serviclean.be\/de\/produit\/alco-cid-a-1-l-flaechendesinfektionsmittel-mit-80-alkohol\/","title":{"rendered":"Alco Cid A 1 l \u2013 Fl\u00e4chendesinfektionsmittel mit 80 % Alkohol"},"content":{"rendered":"<div>Alco Cid A 1 l ist eine gebrauchsfertige Desinfektionsl\u00f6sung auf Basis von 80 % Alkohol. Ideal f\u00fcr die Schnelldesinfektion kleiner Fl\u00e4chen, eliminiert sie effektiv Bakterien, Hefen und Viren. Die schnelle Wirkung (Einwirkzeit von 5 Minuten) und die Anwendung ohne Absp\u00fclen machen sie zum perfekten Partner f\u00fcr professionelle, medizinische und h\u00e4usliche Umgebungen. Einfach aufspr\u00fchen und trocknen lassen.   <\/div>\n<div><\/div>\n<div class=\"pane-header\"><a href=\"https:\/\/www.cidlines.com\/fr-BE\/produits\/alco-cid-0#pane-technical-info\" target=\"_blank\" rel=\"noopener\">Technische Informationen<\/a><\/div>\n<div class=\"col-md-12 product_technicalinformation pane-main\">\n<div class=\"field field-name-field-technical-information field-type-text-long field-label-hidden\">\n<div class=\"field-items\">\n<div class=\"field-item even\">\n<ul>\n<li>Zusammensetzung: 80 % Alkohol<\/li>\n<li>Gebrauchsanweisung: Auf kleine Fl\u00e4chen aufspr\u00fchen und trocknen lassen<\/li>\n<li>Eigenschaften: Bakterizid, levurozid, viruzid<\/li>\n<li>Einwirkzeit: 5 Minuten<\/li>\n<li>Anwendung: Ohne Absp\u00fclen, gewerbliche oder private Nutzung<\/li>\n<\/ul>\n<\/div>\n<\/div>\n<\/div>\n<\/div>\n","protected":false},"excerpt":{"rendered":"<p>Gebrauchsfertiges Desinfektionsmittel mit 80 % Alkohol f\u00fcr kleine Fl\u00e4chen. Bakterizide, levurozide und viruzide Wirkung in 5 Minuten, ohne Absp\u00fclen. <\/p>\n<p><strong><span style=\"color: #008000;\">Art.-Nr.: 0063<\/span><\/strong><\/p>\n","protected":false},"featured_media":29269,"template":"","meta":[],"product_brand":[],"product_cat":[574,619],"product_tag":[],"class_list":{"0":"post-29257","1":"product","2":"type-product","3":"status-publish","4":"has-post-thumbnail","6":"product_cat-hand-und-flachendesinfektion","7":"product_cat-medizinische-hygiene","9":"first","10":"instock","11":"taxable","12":"shipping-taxable","13":"purchasable","14":"product-type-simple"},"acf":[],"_links":{"self":[{"href":"https:\/\/serviclean.be\/de\/wp-json\/wp\/v2\/product\/29257","targetHints":{"allow":["GET"]}}],"collection":[{"href":"https:\/\/serviclean.be\/de\/wp-json\/wp\/v2\/product"}],"about":[{"href":"https:\/\/serviclean.be\/de\/wp-json\/wp\/v2\/types\/product"}],"wp:featuredmedia":[{"embeddable":true,"href":"https:\/\/serviclean.be\/de\/wp-json\/wp\/v2\/media\/29269"}],"wp:attachment":[{"href":"https:\/\/serviclean.be\/de\/wp-json\/wp\/v2\/media?parent=29257"}],"wp:term":[{"taxonomy":"product_brand","embeddable":true,"href":"https:\/\/serviclean.be\/de\/wp-json\/wp\/v2\/product_brand?post=29257"},{"taxonomy":"product_cat","embeddable":true,"href":"https:\/\/serviclean.be\/de\/wp-json\/wp\/v2\/product_cat?post=29257"},{"taxonomy":"product_tag","embeddable":true,"href":"https:\/\/serviclean.be\/de\/wp-json\/wp\/v2\/product_tag?post=29257"}],"curies":[{"name":"wp","href":"https:\/\/api.w.org\/{rel}","templated":true}]}}