{"id":29235,"date":"2023-11-25T19:35:30","date_gmt":"2023-11-25T18:35:30","guid":{"rendered":"https:\/\/serviclean.be\/produit\/comprimex-schwamm-duo-5-stk\/"},"modified":"2023-11-25T19:35:30","modified_gmt":"2023-11-25T18:35:30","slug":"comprimex-schwamm-duo-5-stk","status":"publish","type":"product","link":"https:\/\/serviclean.be\/de\/produit\/comprimex-schwamm-duo-5-stk\/","title":{"rendered":"COMPRIMEX SCHWAMM DUO 5 Stk."},"content":{"rendered":"<p>Das Comprimex Pad besteht aus einem Melaminradierer, der auf einen Klettverschluss geklebt ist.<\/p>\n<p>Der Melaminradierer entfernt m\u00fchelos Spuren von Markern, Filzstiften, Tinte, Bleistiften, Sohlenabdr\u00fccke und Schuhcreme usw. auf den unterschiedlichsten Oberfl\u00e4chen mit etwas Wasser oder Reinigungsmitteln. Er wirkt durch &#8222;Mikro-Abrasion&#8220;. <\/p>\n<p>Beim Comprimex Pad ist dieser Radierer komprimiert, um ein dichteres und widerstandsf\u00e4higeres Material zu erhalten. Der Padhalter erm\u00f6glicht die Verwendung des Comprimex Pads mit Komfort und Effizienz. Er liegt perfekt in der Hand. Er erm\u00f6glicht es, einen angemessenen Druck auszu\u00fcben, um gro\u00dfe Fl\u00e4chen m\u00fchelos zu reinigen.   <\/p>\n","protected":false},"excerpt":{"rendered":"<p>Melaminschwamm, der wie ein Schmutzradierer wirkt<\/p>\n<p>Abmessungen: 142 x 77 mm<\/p>\n<p><strong><span style=\"color: #008000;\">Ref: 11549<\/span><\/strong><\/p>\n","protected":false},"featured_media":29237,"template":"","meta":[],"product_brand":[],"product_cat":[609],"product_tag":[],"class_list":{"0":"post-29235","1":"product","2":"type-product","3":"status-publish","4":"has-post-thumbnail","6":"product_cat-schwamme","8":"first","9":"instock","10":"taxable","11":"shipping-taxable","12":"purchasable","13":"product-type-simple"},"acf":[],"_links":{"self":[{"href":"https:\/\/serviclean.be\/de\/wp-json\/wp\/v2\/product\/29235","targetHints":{"allow":["GET"]}}],"collection":[{"href":"https:\/\/serviclean.be\/de\/wp-json\/wp\/v2\/product"}],"about":[{"href":"https:\/\/serviclean.be\/de\/wp-json\/wp\/v2\/types\/product"}],"wp:featuredmedia":[{"embeddable":true,"href":"https:\/\/serviclean.be\/de\/wp-json\/wp\/v2\/media\/29237"}],"wp:attachment":[{"href":"https:\/\/serviclean.be\/de\/wp-json\/wp\/v2\/media?parent=29235"}],"wp:term":[{"taxonomy":"product_brand","embeddable":true,"href":"https:\/\/serviclean.be\/de\/wp-json\/wp\/v2\/product_brand?post=29235"},{"taxonomy":"product_cat","embeddable":true,"href":"https:\/\/serviclean.be\/de\/wp-json\/wp\/v2\/product_cat?post=29235"},{"taxonomy":"product_tag","embeddable":true,"href":"https:\/\/serviclean.be\/de\/wp-json\/wp\/v2\/product_tag?post=29235"}],"curies":[{"name":"wp","href":"https:\/\/api.w.org\/{rel}","templated":true}]}}