{"id":29234,"date":"2023-12-23T17:13:54","date_gmt":"2023-12-23T16:13:54","guid":{"rendered":"https:\/\/serviclean.be\/produit\/professioneller-glaeserreiniger-5-l-antikalk\/"},"modified":"2023-12-23T17:13:54","modified_gmt":"2023-12-23T16:13:54","slug":"professioneller-glaeserreiniger-5-l-antikalk","status":"publish","type":"product","link":"https:\/\/serviclean.be\/de\/produit\/professioneller-glaeserreiniger-5-l-antikalk\/","title":{"rendered":"Professioneller Gl\u00e4serreiniger 5 L \u2013 Antikalk"},"content":{"rendered":"<p>Der professionelle Gl\u00e4serreiniger 5 L wurde speziell f\u00fcr die regelm\u00e4\u00dfige Pflege von professionellen Geschirrsp\u00fcl- und Gl\u00e4sersp\u00fclmaschinen entwickelt.<\/p>\n<p>Seine leistungsstarke Formel wirkt effektiv gegen Kalk- und Mineralablagerungen, die f\u00fcr Leistungseinbu\u00dfen und vorzeitigen Verschlei\u00df der Ger\u00e4te verantwortlich sind. Bei regelm\u00e4\u00dfiger Anwendung gew\u00e4hrleistet er eine optimale Reinigung, erh\u00e4lt die Langlebigkeit der Ger\u00e4te und garantiert ein makelloses Ergebnis auf Ihren Gl\u00e4sern und Geschirr. <\/p>\n<p>Ideal f\u00fcr Bars, Restaurants, Hotels, Gro\u00dfk\u00fcchen und HORECA-Betriebe ist dieses Produkt unerl\u00e4sslich, um Ihre Maschinen in einwandfreiem Betriebszustand zu halten.<\/p>\n<p><strong>Technische Daten:<\/strong><\/p>\n<ul>\n<li>Produkt: Professioneller Gl\u00e4serreiniger<\/li>\n<li>Format: 5-L-Kanister<\/li>\n<li>Typ: Reiniger und Antikalkmittel f\u00fcr Geschirrsp\u00fcl-\/Gl\u00e4sersp\u00fclmaschinen<\/li>\n<\/ul>\n<p><strong>Eigenschaften:<\/strong><\/p>\n<ul>\n<li>Entfernt Kalk und beugt dessen Bildung vor<\/li>\n<li>Erh\u00e4lt die Maschinenleistung<\/li>\n<li>Sorgt f\u00fcr strahlendes Geschirr und Gl\u00e4ser<\/li>\n<li>Intensive professionelle Nutzung<\/li>\n<\/ul>\n<p><strong>Anwendungsbereiche:<\/strong><\/p>\n<ul>\n<li>Bars und Restaurants<\/li>\n<li>Hotels und Gro\u00dfk\u00fcchen<\/li>\n<li>HORECA-Sektor<\/li>\n<\/ul>\n<p><strong>Gebrauchsanweisung:<\/strong><\/p>\n<ul>\n<li>Befolgen Sie die Empfehlungen des Herstellers Ihrer Gl\u00e4sersp\u00fcl-\/Geschirrsp\u00fclmaschine.<\/li>\n<li>Geben Sie die entsprechende Dosis in den daf\u00fcr vorgesehenen Beh\u00e4lter.<\/li>\n<li>Starten Sie den Sp\u00fclzyklus.<\/li>\n<li>Regelm\u00e4\u00dfig verwenden, um Kalkablagerungen zu vermeiden und die Lebensdauer der Maschine zu verl\u00e4ngern.<\/li>\n<\/ul>\n","protected":false},"excerpt":{"rendered":"<p>Professioneller Gl\u00e4serreiniger 5 L. Effektives Antikalkmittel f\u00fcr die regelm\u00e4\u00dfige Pflege von Geschirrsp\u00fcl- und Gl\u00e4sersp\u00fclmaschinen. Makellose Ergebnisse, intensive HORECA-Nutzung.  <\/p>\n<p><span style=\"color: #008000;\"><strong>Art.-Nr.: 1557<\/strong><\/span><\/p>\n","protected":false},"featured_media":29236,"template":"","meta":[],"product_brand":[],"product_cat":[642],"product_tag":[],"class_list":{"0":"post-29234","1":"product","2":"type-product","3":"status-publish","4":"has-post-thumbnail","6":"product_cat-geschirrspulmaschinen-professionell","8":"first","9":"instock","10":"taxable","11":"shipping-taxable","12":"purchasable","13":"product-type-simple"},"acf":[],"_links":{"self":[{"href":"https:\/\/serviclean.be\/de\/wp-json\/wp\/v2\/product\/29234","targetHints":{"allow":["GET"]}}],"collection":[{"href":"https:\/\/serviclean.be\/de\/wp-json\/wp\/v2\/product"}],"about":[{"href":"https:\/\/serviclean.be\/de\/wp-json\/wp\/v2\/types\/product"}],"wp:featuredmedia":[{"embeddable":true,"href":"https:\/\/serviclean.be\/de\/wp-json\/wp\/v2\/media\/29236"}],"wp:attachment":[{"href":"https:\/\/serviclean.be\/de\/wp-json\/wp\/v2\/media?parent=29234"}],"wp:term":[{"taxonomy":"product_brand","embeddable":true,"href":"https:\/\/serviclean.be\/de\/wp-json\/wp\/v2\/product_brand?post=29234"},{"taxonomy":"product_cat","embeddable":true,"href":"https:\/\/serviclean.be\/de\/wp-json\/wp\/v2\/product_cat?post=29234"},{"taxonomy":"product_tag","embeddable":true,"href":"https:\/\/serviclean.be\/de\/wp-json\/wp\/v2\/product_tag?post=29234"}],"curies":[{"name":"wp","href":"https:\/\/api.w.org\/{rel}","templated":true}]}}