{"id":29230,"date":"2023-12-11T18:02:34","date_gmt":"2023-12-11T17:02:34","guid":{"rendered":"https:\/\/serviclean.be\/produit\/wc-gel-fort-750-ml\/"},"modified":"2023-12-11T18:02:34","modified_gmt":"2023-12-11T17:02:34","slug":"wc-gel-fort-750-ml","status":"publish","type":"product","link":"https:\/\/serviclean.be\/de\/produit\/wc-gel-fort-750-ml\/","title":{"rendered":"WC-GEL FORT 750 ML"},"content":{"rendered":"<h3 class=\"kor-tabset-content-contents long-description\" data-dynamic-block-name=\"ProductTabs-Description\" data-dynamic-block-id=\"PRODUCTTABS-DESCRIPTION\">Hochaktiver WC-Entkalker zur Beseitigung von Kalkablagerungen in WC-Sch\u00fcsseln und Urinalen. Enth\u00e4lt Phosphors\u00e4ure. Die Viskosit\u00e4t des Produkts verl\u00e4ngert die Einwirkzeit und erm\u00f6glicht die Entfernung hartn\u00e4ckiger Verschmutzungen. Nicht auf s\u00e4ureempfindlichen Oberfl\u00e4chen verwenden, dies w\u00fcrde irreparable Sch\u00e4den verursachen!   <\/h3>\n","protected":false},"excerpt":{"rendered":"<p>WC-GEL FORT 750 ML ist ein Sanit\u00e4r-Entkalker mit Phosphors\u00e4ure.<br \/>\n<span style=\"color: #008000;\"><strong>Ref: 0547<\/strong><\/span><\/p>\n","protected":false},"featured_media":29232,"template":"","meta":[],"product_brand":[],"product_cat":[614],"product_tag":[],"class_list":{"0":"post-29230","1":"product","2":"type-product","3":"status-publish","4":"has-post-thumbnail","6":"product_cat-sanitarprodukte","8":"first","9":"instock","10":"taxable","11":"shipping-taxable","12":"purchasable","13":"product-type-simple"},"acf":[],"_links":{"self":[{"href":"https:\/\/serviclean.be\/de\/wp-json\/wp\/v2\/product\/29230","targetHints":{"allow":["GET"]}}],"collection":[{"href":"https:\/\/serviclean.be\/de\/wp-json\/wp\/v2\/product"}],"about":[{"href":"https:\/\/serviclean.be\/de\/wp-json\/wp\/v2\/types\/product"}],"wp:featuredmedia":[{"embeddable":true,"href":"https:\/\/serviclean.be\/de\/wp-json\/wp\/v2\/media\/29232"}],"wp:attachment":[{"href":"https:\/\/serviclean.be\/de\/wp-json\/wp\/v2\/media?parent=29230"}],"wp:term":[{"taxonomy":"product_brand","embeddable":true,"href":"https:\/\/serviclean.be\/de\/wp-json\/wp\/v2\/product_brand?post=29230"},{"taxonomy":"product_cat","embeddable":true,"href":"https:\/\/serviclean.be\/de\/wp-json\/wp\/v2\/product_cat?post=29230"},{"taxonomy":"product_tag","embeddable":true,"href":"https:\/\/serviclean.be\/de\/wp-json\/wp\/v2\/product_tag?post=29230"}],"curies":[{"name":"wp","href":"https:\/\/api.w.org\/{rel}","templated":true}]}}