{"id":29229,"date":"2023-12-23T18:42:40","date_gmt":"2023-12-23T17:42:40","guid":{"rendered":"https:\/\/serviclean.be\/produit\/cif-professional-edelstahlreiniger-glanz\/"},"modified":"2023-12-23T18:42:40","modified_gmt":"2023-12-23T17:42:40","slug":"cif-professional-edelstahlreiniger-glanz","status":"publish","type":"product","link":"https:\/\/serviclean.be\/de\/produit\/cif-professional-edelstahlreiniger-glanz\/","title":{"rendered":"Cif Professional \u2013 Edelstahlreiniger &amp; Glanz"},"content":{"rendered":"<p>Cif Professional Edelstahlreiniger  Glanz ist speziell f\u00fcr die Pflege von Edelstahloberfl\u00e4chen in professionellen und privaten K\u00fcchen formuliert.<\/p>\n<p>Parf\u00fcmfrei reinigt er effektiv und bringt Edelstahl zum Gl\u00e4nzen, ohne Streifen oder R\u00fcckst\u00e4nde zu hinterlassen. Er entfernt Fett, Schmutz und Fingerabdr\u00fccke und verleiht Ihren Oberfl\u00e4chen wieder ein makelloses, strahlendes Aussehen. <\/p>\n<p>Ideal f\u00fcr Arbeitsfl\u00e4chen, Dunstabzugshauben, Sp\u00fclen, \u00d6fen, K\u00fchlschr\u00e4nke und Edelstahl-Haushaltsger\u00e4te: Er vereint Hygiene und Glanz f\u00fcr anspruchsvolle Umgebungen wie Profik\u00fcchen (HORECA, Gemeinschaftsverpflegung, Gastronomie).<\/p>\n<p><strong>Technische Daten:<\/strong><\/p>\n<ul>\n<li>Produkt: Cif Professional Edelstahlreiniger  Glanz<\/li>\n<li>Typ: Parf\u00fcmfreier Edelstahlreiniger<\/li>\n<\/ul>\n<p><strong>Eigenschaften:<\/strong><\/p>\n<ul>\n<li>Reinigt und bringt Edelstahl zum Gl\u00e4nzen<\/li>\n<li>Parf\u00fcmfrei, geeignet f\u00fcr lebensmittelnahe Oberfl\u00e4chen<\/li>\n<li>Entfernt Fett, Fingerabdr\u00fccke und Verschmutzungen<\/li>\n<li>Hinterl\u00e4sst ein streifenfreies Finish<\/li>\n<\/ul>\n<p><strong>Kompatible Untergr\u00fcnde:<\/strong><\/p>\n<ul>\n<li>Arbeitsfl\u00e4chen<\/li>\n<li>Dunstabzugshauben und Sp\u00fclen<\/li>\n<li>\u00d6fen, K\u00fchlschr\u00e4nke, Edelstahl-Haushaltsger\u00e4te<\/li>\n<\/ul>\n<p><strong>Anwendungsbereiche:<\/strong><\/p>\n<ul>\n<li>Professionelle K\u00fcchen (Restaurants, Hotels, Gemeinschaftseinrichtungen)<\/li>\n<li>Anspruchsvoller Haushaltsgebrauch<\/li>\n<\/ul>\n<p><strong>Gebrauchsanweisung:<\/strong><\/p>\n<ul>\n<li>Produkt direkt auf ein weiches Tuch oder Mikrofasertuch auftragen.<\/li>\n<li>Edelstahloberfl\u00e4che abwischen.<\/li>\n<li>Leicht polieren f\u00fcr ein gl\u00e4nzendes, streifenfreies Finish.<\/li>\n<\/ul>\n","protected":false},"excerpt":{"rendered":"<p>Cif Professional Edelstahlreiniger. Parf\u00fcmfrei, entfernt Fett und Verschmutzungen, bringt Glanz und Strahlkraft auf all Ihre Edelstahloberfl\u00e4chen in der K\u00fcche zur\u00fcck. <\/p>\n<p><strong><span style=\"color: #008000;\">Ref.: 0532<\/span><\/strong><\/p>\n","protected":false},"featured_media":29231,"template":"","meta":[],"product_brand":[],"product_cat":[597],"product_tag":[],"class_list":{"0":"post-29229","1":"product","2":"type-product","3":"status-publish","4":"has-post-thumbnail","6":"product_cat-fettloser","8":"first","9":"onbackorder","10":"taxable","11":"shipping-taxable","12":"purchasable","13":"product-type-simple"},"acf":[],"_links":{"self":[{"href":"https:\/\/serviclean.be\/de\/wp-json\/wp\/v2\/product\/29229","targetHints":{"allow":["GET"]}}],"collection":[{"href":"https:\/\/serviclean.be\/de\/wp-json\/wp\/v2\/product"}],"about":[{"href":"https:\/\/serviclean.be\/de\/wp-json\/wp\/v2\/types\/product"}],"wp:featuredmedia":[{"embeddable":true,"href":"https:\/\/serviclean.be\/de\/wp-json\/wp\/v2\/media\/29231"}],"wp:attachment":[{"href":"https:\/\/serviclean.be\/de\/wp-json\/wp\/v2\/media?parent=29229"}],"wp:term":[{"taxonomy":"product_brand","embeddable":true,"href":"https:\/\/serviclean.be\/de\/wp-json\/wp\/v2\/product_brand?post=29229"},{"taxonomy":"product_cat","embeddable":true,"href":"https:\/\/serviclean.be\/de\/wp-json\/wp\/v2\/product_cat?post=29229"},{"taxonomy":"product_tag","embeddable":true,"href":"https:\/\/serviclean.be\/de\/wp-json\/wp\/v2\/product_tag?post=29229"}],"curies":[{"name":"wp","href":"https:\/\/api.w.org\/{rel}","templated":true}]}}