{"id":29227,"date":"2024-02-07T17:28:07","date_gmt":"2024-02-07T16:28:07","guid":{"rendered":"https:\/\/serviclean.be\/produit\/lomouss-dusch-haar-rose-5-l\/"},"modified":"2024-02-07T17:28:07","modified_gmt":"2024-02-07T16:28:07","slug":"lomouss-dusch-haar-rose-5-l","status":"publish","type":"product","link":"https:\/\/serviclean.be\/de\/produit\/lomouss-dusch-haar-rose-5-l\/","title":{"rendered":"Lomouss Dusch- &amp; Haar Rose \u2013 5 L"},"content":{"rendered":"<p>Das Lomouss Dusch- &amp; Haar Rose \u2013 5 L ist ein 2-in-1 Waschgel f\u00fcr K\u00f6rper und Haare, ideal f\u00fcr professionelle Umgebungen, Gemeinschaftseinrichtungen und Sportst\u00e4tten. Seine sanfte Formel reinigt effektiv, ohne Haut oder Kopfhaut anzugreifen. Sein leichter Blumenduft sorgt f\u00fcr ein Gef\u00fchl von Frische und Wohlbefinden. Das wirtschaftliche 5-Liter-Format ist perfekt zum Nachf\u00fcllen von Spendern.   <\/p>\n","protected":false},"excerpt":{"rendered":"<p>Lomouss Dusch- &amp; Shampoo Rose 5 L, sanfte Formel, Blumenduft, ideal f\u00fcr Gemeinschaftseinrichtungen und h\u00e4ufigen Gebrauch.<\/p>\n<p><span style=\"color: #008000;\"><strong>Art.-Nr.: 1172<\/strong><\/span><\/p>\n","protected":false},"featured_media":28882,"template":"","meta":[],"product_brand":[],"product_cat":[571],"product_tag":[],"class_list":{"0":"post-29227","1":"product","2":"type-product","3":"status-publish","4":"has-post-thumbnail","6":"product_cat-handhygiene","8":"first","9":"instock","10":"taxable","11":"shipping-taxable","12":"purchasable","13":"product-type-simple"},"acf":[],"_links":{"self":[{"href":"https:\/\/serviclean.be\/de\/wp-json\/wp\/v2\/product\/29227","targetHints":{"allow":["GET"]}}],"collection":[{"href":"https:\/\/serviclean.be\/de\/wp-json\/wp\/v2\/product"}],"about":[{"href":"https:\/\/serviclean.be\/de\/wp-json\/wp\/v2\/types\/product"}],"wp:featuredmedia":[{"embeddable":true,"href":"https:\/\/serviclean.be\/de\/wp-json\/wp\/v2\/media\/28882"}],"wp:attachment":[{"href":"https:\/\/serviclean.be\/de\/wp-json\/wp\/v2\/media?parent=29227"}],"wp:term":[{"taxonomy":"product_brand","embeddable":true,"href":"https:\/\/serviclean.be\/de\/wp-json\/wp\/v2\/product_brand?post=29227"},{"taxonomy":"product_cat","embeddable":true,"href":"https:\/\/serviclean.be\/de\/wp-json\/wp\/v2\/product_cat?post=29227"},{"taxonomy":"product_tag","embeddable":true,"href":"https:\/\/serviclean.be\/de\/wp-json\/wp\/v2\/product_tag?post=29227"}],"curies":[{"name":"wp","href":"https:\/\/api.w.org\/{rel}","templated":true}]}}