{"id":29217,"date":"2024-04-27T15:30:51","date_gmt":"2024-04-27T13:30:51","guid":{"rendered":"https:\/\/serviclean.be\/produit\/reiniger-komplettpflege-waschmaschine-250-ml\/"},"modified":"2024-04-27T15:30:51","modified_gmt":"2024-04-27T13:30:51","slug":"reiniger-komplettpflege-waschmaschine-250-ml","status":"publish","type":"product","link":"https:\/\/serviclean.be\/de\/produit\/reiniger-komplettpflege-waschmaschine-250-ml\/","title":{"rendered":"Reiniger &amp; Komplettpflege Waschmaschine 250 ml"},"content":{"rendered":"<p>Der Reiniger &amp; die Komplettpflege Waschmaschine 250 ml reinigt effektiv das Innere Ihrer Waschmaschine. Er entfernt Kalk, Schmutz, Ablagerungen und Waschmittelr\u00fcckst\u00e4nde, die sich in schwer zug\u00e4nglichen Bereichen wie Trommel, Leitungen und Heizelementen ansammeln. <\/p>\n<p>Diese Pflege sch\u00fctzt und wartet zudem Gummi- und Metallteile, wodurch Ausf\u00e4lle und Fehlfunktionen verhindert werden. Eine regelm\u00e4\u00dfige Anwendung tr\u00e4gt dazu bei, die Lebensdauer Ihrer Waschmaschine zu verl\u00e4ngern. <\/p>\n<p><strong>Haupteigenschaften<\/strong><\/p>\n<ul>\n<li>Reinigt gr\u00fcndlich Trommel, Leitungen und Heizelemente<\/li>\n<li>Entfernt Kalk, Schmutz, Ablagerungen und Waschmittelr\u00fcckst\u00e4nde<\/li>\n<li>Sch\u00fctzt Gummi- und Metallteile<\/li>\n<li>Verhindert Ausf\u00e4lle und Fehlfunktionen<\/li>\n<li>Verl\u00e4ngert die Lebensdauer der Maschine<\/li>\n<li>Inhalt: 250 ml<\/li>\n<\/ul>\n","protected":false},"excerpt":{"rendered":"<p>Reiniger &amp; Komplettpflege Waschmaschine 250 ml. Entfernt Kalk und R\u00fcckst\u00e4nde, sch\u00fctzt die Teile und verl\u00e4ngert die Lebensdauer Ihrer Maschine. <\/p>\n<p><strong><span style=\"color: #008000;\">Art.-Nr.: 5936<\/span><\/strong><\/p>\n","protected":false},"featured_media":29224,"template":"","meta":[],"product_brand":[],"product_cat":[615,602],"product_tag":[],"class_list":{"0":"post-29217","1":"product","2":"type-product","3":"status-publish","4":"has-post-thumbnail","6":"product_cat-waschepflege","7":"product_cat-waschmittel-und-weichspuler","9":"first","10":"instock","11":"taxable","12":"shipping-taxable","13":"purchasable","14":"product-type-simple"},"acf":[],"_links":{"self":[{"href":"https:\/\/serviclean.be\/de\/wp-json\/wp\/v2\/product\/29217","targetHints":{"allow":["GET"]}}],"collection":[{"href":"https:\/\/serviclean.be\/de\/wp-json\/wp\/v2\/product"}],"about":[{"href":"https:\/\/serviclean.be\/de\/wp-json\/wp\/v2\/types\/product"}],"wp:featuredmedia":[{"embeddable":true,"href":"https:\/\/serviclean.be\/de\/wp-json\/wp\/v2\/media\/29224"}],"wp:attachment":[{"href":"https:\/\/serviclean.be\/de\/wp-json\/wp\/v2\/media?parent=29217"}],"wp:term":[{"taxonomy":"product_brand","embeddable":true,"href":"https:\/\/serviclean.be\/de\/wp-json\/wp\/v2\/product_brand?post=29217"},{"taxonomy":"product_cat","embeddable":true,"href":"https:\/\/serviclean.be\/de\/wp-json\/wp\/v2\/product_cat?post=29217"},{"taxonomy":"product_tag","embeddable":true,"href":"https:\/\/serviclean.be\/de\/wp-json\/wp\/v2\/product_tag?post=29217"}],"curies":[{"name":"wp","href":"https:\/\/api.w.org\/{rel}","templated":true}]}}