{"id":29211,"date":"2024-04-07T01:44:04","date_gmt":"2024-04-06T23:44:04","guid":{"rendered":"https:\/\/serviclean.be\/produit\/natron-vielseitiger-natuerlicher-reiniger\/"},"modified":"2024-04-07T01:44:04","modified_gmt":"2024-04-06T23:44:04","slug":"natron-vielseitiger-natuerlicher-reiniger","status":"publish","type":"product","link":"https:\/\/serviclean.be\/de\/produit\/natron-vielseitiger-natuerlicher-reiniger\/","title":{"rendered":"Natron \u2013 Vielseitiger nat\u00fcrlicher Reiniger"},"content":{"rendered":"<p>&nbsp;<\/p>\n<p>Nutzen Sie Natron f\u00fcr tadellose Sauberkeit!<br \/>\nUnser Natron ist eine \u00f6kologische, wirtschaftliche und extrem vielseitige Reinigungsl\u00f6sung. Es ersetzt effektiv aggressive Haushaltsreiniger und schont dabei Ihre Gesundheit sowie die Umwelt. <\/p>\n<ul>\n<li>\u00d6kologischer Reiniger: Nat\u00fcrliche Alternative zu herk\u00f6mmlichen chemischen Produkten.<\/li>\n<li>Nat\u00fcrlicher Geruchsentferner: Neutralisiert Ger\u00fcche in Teppichen, M\u00fclleimern, K\u00fchlschr\u00e4nken, Schuhen usw.<\/li>\n<li>Kraftvoller Fleckentferner: Entfernt hartn\u00e4ckige Flecken auf Textilien, harten Oberfl\u00e4chen und Teppichb\u00f6den.<\/li>\n<li>Sanftes Desinfektionsmittel: Antibakterielle und antifungale Eigenschaften f\u00fcr eine sichere Anwendung, auch in der N\u00e4he von Kindern.<\/li>\n<li>Vielseitig einsetzbar: Perfekt zur Reinigung von Sp\u00fclbecken, Badewannen, \u00d6fen, Grills, Spielzeug, Arbeitsplatten usw.<\/li>\n<li>Wirtschaftliche Alternative: Ein einziges Produkt f\u00fcr Dutzende Anwendungen zum kleinen Preis.<\/li>\n<\/ul>\n<p>Setzen Sie auf Natron, ein Muss f\u00fcr die nat\u00fcrliche und effektive Reinigung!<\/p>\n<p>.<\/p>\n","protected":false},"excerpt":{"rendered":"<p>Nat\u00fcrliches Natron, vielseitig einsetzbar: Reiniger, Deodorant, Fleckentferner und Desinfektionsmittel. \u00d6kologisch, wirtschaftlich und sicher f\u00fcr die ganze Familie. <\/p>\n<p><strong><span style=\"color: #008000;\">Ref.: 0266<\/span><\/strong><\/p>\n","protected":false},"featured_media":29216,"template":"","meta":[],"product_brand":[],"product_cat":[644],"product_tag":[],"class_list":{"0":"post-29211","1":"product","2":"type-product","3":"status-publish","4":"has-post-thumbnail","6":"product_cat-umweltzeichen-produkte","8":"first","9":"instock","10":"taxable","11":"shipping-taxable","12":"purchasable","13":"product-type-simple"},"acf":[],"_links":{"self":[{"href":"https:\/\/serviclean.be\/de\/wp-json\/wp\/v2\/product\/29211","targetHints":{"allow":["GET"]}}],"collection":[{"href":"https:\/\/serviclean.be\/de\/wp-json\/wp\/v2\/product"}],"about":[{"href":"https:\/\/serviclean.be\/de\/wp-json\/wp\/v2\/types\/product"}],"wp:featuredmedia":[{"embeddable":true,"href":"https:\/\/serviclean.be\/de\/wp-json\/wp\/v2\/media\/29216"}],"wp:attachment":[{"href":"https:\/\/serviclean.be\/de\/wp-json\/wp\/v2\/media?parent=29211"}],"wp:term":[{"taxonomy":"product_brand","embeddable":true,"href":"https:\/\/serviclean.be\/de\/wp-json\/wp\/v2\/product_brand?post=29211"},{"taxonomy":"product_cat","embeddable":true,"href":"https:\/\/serviclean.be\/de\/wp-json\/wp\/v2\/product_cat?post=29211"},{"taxonomy":"product_tag","embeddable":true,"href":"https:\/\/serviclean.be\/de\/wp-json\/wp\/v2\/product_tag?post=29211"}],"curies":[{"name":"wp","href":"https:\/\/api.w.org\/{rel}","templated":true}]}}