{"id":29207,"date":"2024-04-27T15:44:49","date_gmt":"2024-04-27T13:44:49","guid":{"rendered":"https:\/\/serviclean.be\/produit\/sanytol-waeschedesinfektionsmittel-600-ml\/"},"modified":"2024-04-27T15:44:49","modified_gmt":"2024-04-27T13:44:49","slug":"sanytol-waeschedesinfektionsmittel-600-ml","status":"publish","type":"product","link":"https:\/\/serviclean.be\/de\/produit\/sanytol-waeschedesinfektionsmittel-600-ml\/","title":{"rendered":"Sanytol W\u00e4schedesinfektionsmittel 600 ml"},"content":{"rendered":"<p>Sanytol W\u00e4schedesinfektionsmittel 600 ml beseitigt wirksam die f\u00fcr schlechte Ger\u00fcche verantwortlichen Keime auf allen Textilarten. Wirksam selbst bei niedriger Temperatur, wirkt dieses Desinfektionsmittel ohne Bleichmittel und garantiert optimalen Schutz bei gleichzeitiger Schonung der Fasern Ihrer Kleidung. <\/p>\n<p>Ideal zum Desinfizieren und Hygienisieren empfindlicher oder allt\u00e4glicher W\u00e4sche, f\u00fcr ein sauberes, frisches und hygienisches Ergebnis bei jedem Waschgang.<\/p>\n<p><strong>Hauptmerkmale<\/strong><\/p>\n<ul>\n<li>Beseitigt die f\u00fcr schlechte Ger\u00fcche verantwortlichen Keime<\/li>\n<li>Wirksam bei niedriger Temperatur<\/li>\n<li>Ohne Bleichmittel, schont die Textilfasern<\/li>\n<li>F\u00fcr alle Textilarten geeignet<\/li>\n<li>Inhalt: 600 ml<\/li>\n<\/ul>\n","protected":false},"excerpt":{"rendered":"<p>Sanytol W\u00e4schedesinfektionsmittel 600 ml. Beseitigt Keime und schlechte Ger\u00fcche, wirksam bei niedriger Temperatur, ohne Bleichmittel. <\/p>\n<p><strong><span style=\"color: #008000;\">Ref: 5926<\/span><\/strong><\/p>\n","protected":false},"featured_media":29215,"template":"","meta":[],"product_brand":[],"product_cat":[615,602],"product_tag":[],"class_list":{"0":"post-29207","1":"product","2":"type-product","3":"status-publish","4":"has-post-thumbnail","6":"product_cat-waschepflege","7":"product_cat-waschmittel-und-weichspuler","9":"first","10":"instock","11":"taxable","12":"shipping-taxable","13":"purchasable","14":"product-type-simple"},"acf":[],"_links":{"self":[{"href":"https:\/\/serviclean.be\/de\/wp-json\/wp\/v2\/product\/29207","targetHints":{"allow":["GET"]}}],"collection":[{"href":"https:\/\/serviclean.be\/de\/wp-json\/wp\/v2\/product"}],"about":[{"href":"https:\/\/serviclean.be\/de\/wp-json\/wp\/v2\/types\/product"}],"wp:featuredmedia":[{"embeddable":true,"href":"https:\/\/serviclean.be\/de\/wp-json\/wp\/v2\/media\/29215"}],"wp:attachment":[{"href":"https:\/\/serviclean.be\/de\/wp-json\/wp\/v2\/media?parent=29207"}],"wp:term":[{"taxonomy":"product_brand","embeddable":true,"href":"https:\/\/serviclean.be\/de\/wp-json\/wp\/v2\/product_brand?post=29207"},{"taxonomy":"product_cat","embeddable":true,"href":"https:\/\/serviclean.be\/de\/wp-json\/wp\/v2\/product_cat?post=29207"},{"taxonomy":"product_tag","embeddable":true,"href":"https:\/\/serviclean.be\/de\/wp-json\/wp\/v2\/product_tag?post=29207"}],"curies":[{"name":"wp","href":"https:\/\/api.w.org\/{rel}","templated":true}]}}