{"id":29201,"date":"2024-04-27T16:12:54","date_gmt":"2024-04-27T14:12:54","guid":{"rendered":"https:\/\/serviclean.be\/produit\/teppichfleckenentferner-650-ml-dr-beckmann\/"},"modified":"2024-04-27T16:12:54","modified_gmt":"2024-04-27T14:12:54","slug":"teppichfleckenentferner-650-ml-dr-beckmann","status":"publish","type":"product","link":"https:\/\/serviclean.be\/de\/produit\/teppichfleckenentferner-650-ml-dr-beckmann\/","title":{"rendered":"Teppichfleckenentferner 650 ml Dr. Beckmann"},"content":{"rendered":"<p>Der Dr. Beckmann Teppichfleckenentferner 650 ml ist speziell formuliert, um hartn\u00e4ckige Flecken auf Teppichen und Teppichb\u00f6den effektiv zu entfernen (Getr\u00e4nke, Fett, Erde usw.). Dank der integrierten Applikatorb\u00fcrste dringt er tief in die Fasern ein f\u00fcr eine gezielte Reinigung, ohne die Oberfl\u00e4chen zu besch\u00e4digen. Seine schnelle Wirkung und sein frischer Duft hinterlassen Ihre Teppiche sauber und angenehm. Ideal f\u00fcr den regelm\u00e4\u00dfigen Hausgebrauch.    <\/p>\n","protected":false},"excerpt":{"rendered":"<p>Teppichfleckenentferner Dr. Beckmann 650 ml mit B\u00fcrste. Entfernt hartn\u00e4ckige Flecken tiefenwirksam, schnell und effektiv.  <\/p>\n<p><strong><span style=\"color: #008000;\">Art.-Nr.: 5937<\/span><\/strong><\/p>\n","protected":false},"featured_media":29205,"template":"","meta":[],"product_brand":[],"product_cat":[649],"product_tag":[],"class_list":{"0":"post-29201","1":"product","2":"type-product","3":"status-publish","4":"has-post-thumbnail","6":"product_cat-teppiche-auslegewaren","8":"first","9":"instock","10":"taxable","11":"shipping-taxable","12":"purchasable","13":"product-type-simple"},"acf":[],"_links":{"self":[{"href":"https:\/\/serviclean.be\/de\/wp-json\/wp\/v2\/product\/29201","targetHints":{"allow":["GET"]}}],"collection":[{"href":"https:\/\/serviclean.be\/de\/wp-json\/wp\/v2\/product"}],"about":[{"href":"https:\/\/serviclean.be\/de\/wp-json\/wp\/v2\/types\/product"}],"wp:featuredmedia":[{"embeddable":true,"href":"https:\/\/serviclean.be\/de\/wp-json\/wp\/v2\/media\/29205"}],"wp:attachment":[{"href":"https:\/\/serviclean.be\/de\/wp-json\/wp\/v2\/media?parent=29201"}],"wp:term":[{"taxonomy":"product_brand","embeddable":true,"href":"https:\/\/serviclean.be\/de\/wp-json\/wp\/v2\/product_brand?post=29201"},{"taxonomy":"product_cat","embeddable":true,"href":"https:\/\/serviclean.be\/de\/wp-json\/wp\/v2\/product_cat?post=29201"},{"taxonomy":"product_tag","embeddable":true,"href":"https:\/\/serviclean.be\/de\/wp-json\/wp\/v2\/product_tag?post=29201"}],"curies":[{"name":"wp","href":"https:\/\/api.w.org\/{rel}","templated":true}]}}