{"id":29192,"date":"2024-05-29T17:08:31","date_gmt":"2024-05-29T15:08:31","guid":{"rendered":"https:\/\/serviclean.be\/produit\/wagen-magic-system-800-safety\/"},"modified":"2024-05-29T17:08:31","modified_gmt":"2024-05-29T15:08:31","slug":"wagen-magic-system-800-safety","status":"publish","type":"product","link":"https:\/\/serviclean.be\/de\/produit\/wagen-magic-system-800-safety\/","title":{"rendered":"WAGEN Magic System 800 Safety"},"content":{"rendered":"<p>Der Wagen Magic System ist vielseitig, aus modularem Polypropylen und mit Zubeh\u00f6r ausgestattet, um allen Reinigungsanforderungen gerecht zu werden<\/p>\n<p>Ideal f\u00fcr professionelle Hochleistungsreinigung.<\/p>\n<p><strong>Zugeh\u00f6rige Artikel gegen Aufpreis<\/strong><\/p>\n<ul>\n<li>Sack und Deckel optional.<\/li>\n<li>Dosely-Impr\u00e4gniersystem.<\/li>\n<li>Faltbarer 120-L-Sackhalter.<\/li>\n<\/ul>\n<p>&nbsp;<\/p>\n","protected":false},"excerpt":{"rendered":"<p>Der WAGEN Magic System 800 Safety ist mit drei funktionalen Bereichen konzipiert und bietet eine Halterung f\u00fcr einen faltbaren 120-L-Sack. Er verf\u00fcgt \u00fcber einen geschlossenen Stauraum mit Schublade, der eine optimale Organisation des Zubeh\u00f6rs gew\u00e4hrleistet. Zudem besitzt er ein integriertes Impr\u00e4gniersystem f\u00fcr die Reinigung, das jedoch nicht im Lieferumfang enthalten ist. Dieser Wagen ist ideal f\u00fcr den professionellen Einsatz und vereint Praktikabilit\u00e4t und Sicherheit.   <\/p>\n<p><strong><span style=\"color: #008000;\">REF: 0474<\/span><\/strong><\/p>\n","protected":false},"featured_media":29193,"template":"","meta":[],"product_brand":[],"product_cat":[606],"product_tag":[],"class_list":{"0":"post-29192","1":"product","2":"type-product","3":"status-publish","4":"has-post-thumbnail","6":"product_cat-reinigungswagen-staubsauger","8":"first","9":"instock","10":"taxable","11":"shipping-taxable","12":"purchasable","13":"product-type-simple"},"acf":[],"_links":{"self":[{"href":"https:\/\/serviclean.be\/de\/wp-json\/wp\/v2\/product\/29192","targetHints":{"allow":["GET"]}}],"collection":[{"href":"https:\/\/serviclean.be\/de\/wp-json\/wp\/v2\/product"}],"about":[{"href":"https:\/\/serviclean.be\/de\/wp-json\/wp\/v2\/types\/product"}],"wp:featuredmedia":[{"embeddable":true,"href":"https:\/\/serviclean.be\/de\/wp-json\/wp\/v2\/media\/29193"}],"wp:attachment":[{"href":"https:\/\/serviclean.be\/de\/wp-json\/wp\/v2\/media?parent=29192"}],"wp:term":[{"taxonomy":"product_brand","embeddable":true,"href":"https:\/\/serviclean.be\/de\/wp-json\/wp\/v2\/product_brand?post=29192"},{"taxonomy":"product_cat","embeddable":true,"href":"https:\/\/serviclean.be\/de\/wp-json\/wp\/v2\/product_cat?post=29192"},{"taxonomy":"product_tag","embeddable":true,"href":"https:\/\/serviclean.be\/de\/wp-json\/wp\/v2\/product_tag?post=29192"}],"curies":[{"name":"wp","href":"https:\/\/api.w.org\/{rel}","templated":true}]}}