{"id":29188,"date":"2024-05-30T13:52:51","date_gmt":"2024-05-30T11:52:51","guid":{"rendered":"https:\/\/serviclean.be\/produit\/pockety-lampo-halter\/"},"modified":"2024-05-30T13:52:51","modified_gmt":"2024-05-30T11:52:51","slug":"pockety-lampo-halter","status":"publish","type":"product","link":"https:\/\/serviclean.be\/de\/produit\/pockety-lampo-halter\/","title":{"rendered":"Pockety Lampo Halter."},"content":{"rendered":"<p>Flachsystem mit Taschen, zur Verwendung mit Vorimpr\u00e4gnierungssystem, bedarfsgerechter Impr\u00e4gnierung mit Impr\u00e4gnierstation oder mit Stielen mit Reservoir<\/p>\n<p>Ideal f\u00fcr professionelle Hochleistungsreinigung,<\/p>\n","protected":false},"excerpt":{"rendered":"<p>Pockety Lampo Halter aus Polyamid, komplett mit Jack Lampo f\u00fcr Stiele \u00f8 23 mm<\/p>\n<p><strong>Art.-Nr.: 2777<\/strong><\/p>\n","protected":false},"featured_media":29190,"template":"","meta":[],"product_brand":[],"product_cat":[664,591],"product_tag":[],"class_list":{"0":"post-29188","1":"product","2":"type-product","3":"status-publish","4":"has-post-thumbnail","6":"product_cat-moppbezuge-und-mopps","7":"product_cat-material-zubehor","9":"first","10":"outofstock","11":"taxable","12":"shipping-taxable","13":"purchasable","14":"product-type-simple"},"acf":[],"_links":{"self":[{"href":"https:\/\/serviclean.be\/de\/wp-json\/wp\/v2\/product\/29188","targetHints":{"allow":["GET"]}}],"collection":[{"href":"https:\/\/serviclean.be\/de\/wp-json\/wp\/v2\/product"}],"about":[{"href":"https:\/\/serviclean.be\/de\/wp-json\/wp\/v2\/types\/product"}],"wp:featuredmedia":[{"embeddable":true,"href":"https:\/\/serviclean.be\/de\/wp-json\/wp\/v2\/media\/29190"}],"wp:attachment":[{"href":"https:\/\/serviclean.be\/de\/wp-json\/wp\/v2\/media?parent=29188"}],"wp:term":[{"taxonomy":"product_brand","embeddable":true,"href":"https:\/\/serviclean.be\/de\/wp-json\/wp\/v2\/product_brand?post=29188"},{"taxonomy":"product_cat","embeddable":true,"href":"https:\/\/serviclean.be\/de\/wp-json\/wp\/v2\/product_cat?post=29188"},{"taxonomy":"product_tag","embeddable":true,"href":"https:\/\/serviclean.be\/de\/wp-json\/wp\/v2\/product_tag?post=29188"}],"curies":[{"name":"wp","href":"https:\/\/api.w.org\/{rel}","templated":true}]}}