{"id":29187,"date":"2024-06-04T16:47:53","date_gmt":"2024-06-04T14:47:53","guid":{"rendered":"https:\/\/serviclean.be\/produit\/serviette-vanille-mikrogepraegt-2-lagig-1-8-falz-38-x-38-cm\/"},"modified":"2024-06-04T16:47:53","modified_gmt":"2024-06-04T14:47:53","slug":"serviette-vanille-mikrogepraegt-2-lagig-1-8-falz-38-x-38-cm","status":"publish","type":"product","link":"https:\/\/serviclean.be\/de\/produit\/serviette-vanille-mikrogepraegt-2-lagig-1-8-falz-38-x-38-cm\/","title":{"rendered":"Serviette Vanille, mikrogepr\u00e4gt, 2-lagig, 1\/8-Falz, 38 x 38 cm"},"content":{"rendered":"<p>Diese Servietten sind in einer breiten Farbpalette erh\u00e4ltlich, passend zu unseren anderen farbigen Produktreihen. Sie sind leicht zu falten und in zwei Gr\u00f6\u00dfen verf\u00fcgbar, wodurch sie sich f\u00fcr alle Ihre Mahlzeiten, Cocktails, Kaffeepausen oder Brunches eignen. <\/p>\n<h4><strong>FORMAT(E)<\/strong><\/h4>\n<ul class=\"items-list\">\n<li>38 \u00d7 38 cm<\/li>\n<\/ul>\n<p><strong>Dicke: <\/strong><\/p>\n<p>2-lagig.<\/p>\n<p><strong>Material: <\/strong><\/p>\n<p>Reine mikrogepr\u00e4gte Zellstoffwatte \u2013 FSC-zertifiziert<\/p>\n","protected":false},"excerpt":{"rendered":"<p>Vanille-Tischservietten aus mikrogepr\u00e4gter Zellstoffwatte, 2-lagig, 1\/8-Falz (38 x 38 cm)<\/p>\n<p>Verkauf in einem Karton mit 30&#215;50 St\u00fcck.<\/p>\n<p><strong><span style=\"color: #008000;\">Art.-Nr.: 11539<\/span><\/strong><\/p>\n","protected":false},"featured_media":29153,"template":"","meta":[],"product_brand":[],"product_cat":[601],"product_tag":[],"class_list":{"0":"post-29187","1":"product","2":"type-product","3":"status-publish","4":"has-post-thumbnail","6":"product_cat-tischservietten","8":"first","9":"instock","10":"taxable","11":"shipping-taxable","12":"purchasable","13":"product-type-simple"},"acf":[],"_links":{"self":[{"href":"https:\/\/serviclean.be\/de\/wp-json\/wp\/v2\/product\/29187","targetHints":{"allow":["GET"]}}],"collection":[{"href":"https:\/\/serviclean.be\/de\/wp-json\/wp\/v2\/product"}],"about":[{"href":"https:\/\/serviclean.be\/de\/wp-json\/wp\/v2\/types\/product"}],"wp:featuredmedia":[{"embeddable":true,"href":"https:\/\/serviclean.be\/de\/wp-json\/wp\/v2\/media\/29153"}],"wp:attachment":[{"href":"https:\/\/serviclean.be\/de\/wp-json\/wp\/v2\/media?parent=29187"}],"wp:term":[{"taxonomy":"product_brand","embeddable":true,"href":"https:\/\/serviclean.be\/de\/wp-json\/wp\/v2\/product_brand?post=29187"},{"taxonomy":"product_cat","embeddable":true,"href":"https:\/\/serviclean.be\/de\/wp-json\/wp\/v2\/product_cat?post=29187"},{"taxonomy":"product_tag","embeddable":true,"href":"https:\/\/serviclean.be\/de\/wp-json\/wp\/v2\/product_tag?post=29187"}],"curies":[{"name":"wp","href":"https:\/\/api.w.org\/{rel}","templated":true}]}}