{"id":29174,"date":"2024-06-05T12:24:45","date_gmt":"2024-06-05T10:24:45","guid":{"rendered":"https:\/\/serviclean.be\/produit\/bordeauxfarbene-servietten-mikrogepraegt-2-lagig-1-8-falz-38-x-38-cm\/"},"modified":"2024-06-05T12:24:45","modified_gmt":"2024-06-05T10:24:45","slug":"bordeauxfarbene-servietten-mikrogepraegt-2-lagig-1-8-falz-38-x-38-cm","status":"publish","type":"product","link":"https:\/\/serviclean.be\/de\/produit\/bordeauxfarbene-servietten-mikrogepraegt-2-lagig-1-8-falz-38-x-38-cm\/","title":{"rendered":"Bordeauxfarbene Servietten, mikrogepr\u00e4gt, 2-lagig, 1\/8-Falz \u2013 38 x 38 cm"},"content":{"rendered":"<p>Diese Servietten sind in einer gro\u00dfen Farbauswahl erh\u00e4ltlich und lassen sich mit dem Rest unserer farbigen Produktreihen kombinieren. Sie sind leicht zu falten und in zwei Gr\u00f6\u00dfen verf\u00fcgbar \u2013 passend f\u00fcr alle Ihre Mahlzeiten, Cocktails, Nachmittagsimbisse oder Brunches. <\/p>\n<h4><strong>FORMAT(E)<\/strong><\/h4>\n<ul class=\"items-list\">\n<li>38 \u00d7 38 cm<\/li>\n<li>25 \u00d7 25 cm<\/li>\n<\/ul>\n<p><strong>St\u00e4rke:  <\/strong><\/p>\n<p>2-lagig.<\/p>\n<p><strong>Material: <\/strong><\/p>\n<p>Reine mikrogepr\u00e4gte Zellulosewatte \u2013 FSC-zertifiziert<\/p>\n","protected":false},"excerpt":{"rendered":"<p>Bordeauxfarbene Tischservietten aus mikrogepr\u00e4gter Zellulosewatte, 2-lagig, 1\/8-Falz (38 x 38 cm)<\/p>\n<p>Verkauft im Karton mit 30 x 50 St\u00fcck.<\/p>\n<p><strong><span style=\"color: #008000;\">Ref.: 11485<\/span><\/strong><\/p>\n","protected":false},"featured_media":29171,"template":"","meta":[],"product_brand":[],"product_cat":[601],"product_tag":[],"class_list":{"0":"post-29174","1":"product","2":"type-product","3":"status-publish","4":"has-post-thumbnail","6":"product_cat-tischservietten","8":"first","9":"instock","10":"taxable","11":"shipping-taxable","12":"purchasable","13":"product-type-simple"},"acf":[],"_links":{"self":[{"href":"https:\/\/serviclean.be\/de\/wp-json\/wp\/v2\/product\/29174","targetHints":{"allow":["GET"]}}],"collection":[{"href":"https:\/\/serviclean.be\/de\/wp-json\/wp\/v2\/product"}],"about":[{"href":"https:\/\/serviclean.be\/de\/wp-json\/wp\/v2\/types\/product"}],"wp:featuredmedia":[{"embeddable":true,"href":"https:\/\/serviclean.be\/de\/wp-json\/wp\/v2\/media\/29171"}],"wp:attachment":[{"href":"https:\/\/serviclean.be\/de\/wp-json\/wp\/v2\/media?parent=29174"}],"wp:term":[{"taxonomy":"product_brand","embeddable":true,"href":"https:\/\/serviclean.be\/de\/wp-json\/wp\/v2\/product_brand?post=29174"},{"taxonomy":"product_cat","embeddable":true,"href":"https:\/\/serviclean.be\/de\/wp-json\/wp\/v2\/product_cat?post=29174"},{"taxonomy":"product_tag","embeddable":true,"href":"https:\/\/serviclean.be\/de\/wp-json\/wp\/v2\/product_tag?post=29174"}],"curies":[{"name":"wp","href":"https:\/\/api.w.org\/{rel}","templated":true}]}}