{"id":29167,"date":"2024-06-04T16:18:53","date_gmt":"2024-06-04T14:18:53","guid":{"rendered":"https:\/\/serviclean.be\/produit\/servietten-mandarine-mikrogepraegt-2-lagig-1-8-falz-38-x-38-cm\/"},"modified":"2024-06-04T16:18:53","modified_gmt":"2024-06-04T14:18:53","slug":"servietten-mandarine-mikrogepraegt-2-lagig-1-8-falz-38-x-38-cm","status":"publish","type":"product","link":"https:\/\/serviclean.be\/de\/produit\/servietten-mandarine-mikrogepraegt-2-lagig-1-8-falz-38-x-38-cm\/","title":{"rendered":"Servietten Mandarine, mikrogepr\u00e4gt, 2-lagig, 1\/8-Falz \u2013 38 x 38 cm"},"content":{"rendered":"<p>Diese Servietten sind in einer breiten Farbpalette erh\u00e4ltlich, die auf unsere anderen farbigen Produktsortimente abgestimmt ist. Sie sind leicht zu falten, in zwei Gr\u00f6\u00dfen verf\u00fcgbar und eignen sich f\u00fcr alle Ihre Mahlzeiten, Cocktails, Snacks oder Brunches. <\/p>\n<h4><strong>FORMAT(E)<\/strong><\/h4>\n<ul class=\"items-list\">\n<li>38 \u00d7 38 cm<\/li>\n<\/ul>\n<p><strong>St\u00e4rke:  <\/strong><\/p>\n<p>2-lagig.<\/p>\n<p><strong>Material: <\/strong><\/p>\n<p>Reine Zellstoff-Watte, mikrogepr\u00e4gt \u2013 FSC-zertifiziert<\/p>\n","protected":false},"excerpt":{"rendered":"<p>Servietten Mandarine aus Zellstoff-Watte, mikrogepr\u00e4gt, 2-lagig, 1\/8-Falz (38 x 38 cm)<\/p>\n<p>Verkauf im Karton zu 30 x 50 St\u00fcck.<\/p>\n<p><strong><span style=\"color: #339966;\">Art.-Nr.: 2599<\/span><\/strong><\/p>\n","protected":false},"featured_media":29175,"template":"","meta":[],"product_brand":[],"product_cat":[601],"product_tag":[],"class_list":{"0":"post-29167","1":"product","2":"type-product","3":"status-publish","4":"has-post-thumbnail","6":"product_cat-tischservietten","8":"first","9":"instock","10":"taxable","11":"shipping-taxable","12":"purchasable","13":"product-type-simple"},"acf":[],"_links":{"self":[{"href":"https:\/\/serviclean.be\/de\/wp-json\/wp\/v2\/product\/29167","targetHints":{"allow":["GET"]}}],"collection":[{"href":"https:\/\/serviclean.be\/de\/wp-json\/wp\/v2\/product"}],"about":[{"href":"https:\/\/serviclean.be\/de\/wp-json\/wp\/v2\/types\/product"}],"wp:featuredmedia":[{"embeddable":true,"href":"https:\/\/serviclean.be\/de\/wp-json\/wp\/v2\/media\/29175"}],"wp:attachment":[{"href":"https:\/\/serviclean.be\/de\/wp-json\/wp\/v2\/media?parent=29167"}],"wp:term":[{"taxonomy":"product_brand","embeddable":true,"href":"https:\/\/serviclean.be\/de\/wp-json\/wp\/v2\/product_brand?post=29167"},{"taxonomy":"product_cat","embeddable":true,"href":"https:\/\/serviclean.be\/de\/wp-json\/wp\/v2\/product_cat?post=29167"},{"taxonomy":"product_tag","embeddable":true,"href":"https:\/\/serviclean.be\/de\/wp-json\/wp\/v2\/product_tag?post=29167"}],"curies":[{"name":"wp","href":"https:\/\/api.w.org\/{rel}","templated":true}]}}