{"id":29166,"date":"2024-06-05T12:35:23","date_gmt":"2024-06-05T10:35:23","guid":{"rendered":"https:\/\/serviclean.be\/produit\/schwarze-servietten-mikrogepraegt-2-lagig-1-8-falz-38-x-38-cm\/"},"modified":"2024-06-05T12:35:23","modified_gmt":"2024-06-05T10:35:23","slug":"schwarze-servietten-mikrogepraegt-2-lagig-1-8-falz-38-x-38-cm","status":"publish","type":"product","link":"https:\/\/serviclean.be\/de\/produit\/schwarze-servietten-mikrogepraegt-2-lagig-1-8-falz-38-x-38-cm\/","title":{"rendered":"Schwarze Servietten, mikrogepr\u00e4gt, 2-lagig, 1\/8-Falz \u2013 38 x 38 cm"},"content":{"rendered":"<p>Diese Servietten sind in einer breiten Farbpalette erh\u00e4ltlich, die auf unsere restlichen Farbsortimente abgestimmt ist. Sie lassen sich leicht falten, sind in zwei Gr\u00f6\u00dfen verf\u00fcgbar und passen zu all Ihren Mahlzeiten, Cocktails, Kaffeekr\u00e4nzchen oder Brunches. <\/p>\n<h4><strong>FORMAT(E)<\/strong><\/h4>\n<ul class=\"items-list\">\n<li>38 \u00d7 38 cm<\/li>\n<\/ul>\n<p><strong>St\u00e4rke:  <\/strong><\/p>\n<p>2-lagig.<\/p>\n<p><strong>Material: <\/strong><\/p>\n<p>Reine Zellstoff-Watte, mikrogepr\u00e4gt \u2013 FSC-zertifiziert<\/p>\n","protected":false},"excerpt":{"rendered":"<p>Schwarze Servietten aus Zellstoff-Watte, mikrogepr\u00e4gt, 2-lagig, 1\/8-Falz (38 x 38 cm)<\/p>\n<p>Verkauf im Karton zu 30 x 50 St\u00fcck.<\/p>\n<p><strong><span style=\"color: #008000;\">Ref: 11476<\/span><\/strong><\/p>\n","protected":false},"featured_media":29148,"template":"","meta":[],"product_brand":[],"product_cat":[601],"product_tag":[],"class_list":{"0":"post-29166","1":"product","2":"type-product","3":"status-publish","4":"has-post-thumbnail","6":"product_cat-tischservietten","8":"first","9":"instock","10":"taxable","11":"shipping-taxable","12":"purchasable","13":"product-type-simple"},"acf":[],"_links":{"self":[{"href":"https:\/\/serviclean.be\/de\/wp-json\/wp\/v2\/product\/29166","targetHints":{"allow":["GET"]}}],"collection":[{"href":"https:\/\/serviclean.be\/de\/wp-json\/wp\/v2\/product"}],"about":[{"href":"https:\/\/serviclean.be\/de\/wp-json\/wp\/v2\/types\/product"}],"wp:featuredmedia":[{"embeddable":true,"href":"https:\/\/serviclean.be\/de\/wp-json\/wp\/v2\/media\/29148"}],"wp:attachment":[{"href":"https:\/\/serviclean.be\/de\/wp-json\/wp\/v2\/media?parent=29166"}],"wp:term":[{"taxonomy":"product_brand","embeddable":true,"href":"https:\/\/serviclean.be\/de\/wp-json\/wp\/v2\/product_brand?post=29166"},{"taxonomy":"product_cat","embeddable":true,"href":"https:\/\/serviclean.be\/de\/wp-json\/wp\/v2\/product_cat?post=29166"},{"taxonomy":"product_tag","embeddable":true,"href":"https:\/\/serviclean.be\/de\/wp-json\/wp\/v2\/product_tag?post=29166"}],"curies":[{"name":"wp","href":"https:\/\/api.w.org\/{rel}","templated":true}]}}