{"id":29162,"date":"2024-06-07T18:09:40","date_gmt":"2024-06-07T16:09:40","guid":{"rendered":"https:\/\/serviclean.be\/produit\/servietten-orchidee-mikrogepraegt-2-lagig-1-4-38x38-cm\/"},"modified":"2024-06-07T18:09:40","modified_gmt":"2024-06-07T16:09:40","slug":"servietten-orchidee-mikrogepraegt-2-lagig-1-4-38x38-cm","status":"publish","type":"product","link":"https:\/\/serviclean.be\/de\/produit\/servietten-orchidee-mikrogepraegt-2-lagig-1-4-38x38-cm\/","title":{"rendered":"Servietten Orchidee Mikrogepr\u00e4gt 2-lagig 1\/4 &#8211; 38&#215;38 cm"},"content":{"rendered":"<p>Diese Servietten sind in einer breiten Farbpalette erh\u00e4ltlich, die sich mit dem Rest unserer farbigen Produktlinien kombinieren lassen. Leicht zu falten und in zwei Gr\u00f6\u00dfen verf\u00fcgbar, passen sie zu allen Ihren Mahlzeiten, Cocktails, Snacks oder Brunches. <\/p>\n<h4><strong>FORMAT(E)<\/strong><\/h4>\n<ul class=\"items-list\">\n<li>25 \u00d7 25 cm<\/li>\n<li>38 \u00d7 38 cm<\/li>\n<\/ul>\n<p><strong>St\u00e4rke:  <\/strong><\/p>\n<p>2-lagig.<\/p>\n<p><strong>Material: <\/strong><\/p>\n<p>Reine mikrogepr\u00e4gte Zellstoffwatte &#8211; FSC-zertifiziert<\/p>\n","protected":false},"excerpt":{"rendered":"<p>Servietten Orchidee aus Zellstoffwatte mikrogepr\u00e4gt 2-lagig, Faltung 1\/4 (38&#215;38 cm)<\/p>\n<p>Verkauft im Karton \u00e0 24&#215;50 St\u00fcck.<\/p>\n<p><span style=\"color: #008000;\"><strong>Ref: 2597<\/strong><\/span><\/p>\n","protected":false},"featured_media":29165,"template":"","meta":[],"product_brand":[],"product_cat":[601],"product_tag":[],"class_list":{"0":"post-29162","1":"product","2":"type-product","3":"status-publish","4":"has-post-thumbnail","6":"product_cat-tischservietten","8":"first","9":"instock","10":"taxable","11":"shipping-taxable","12":"purchasable","13":"product-type-simple"},"acf":[],"_links":{"self":[{"href":"https:\/\/serviclean.be\/de\/wp-json\/wp\/v2\/product\/29162","targetHints":{"allow":["GET"]}}],"collection":[{"href":"https:\/\/serviclean.be\/de\/wp-json\/wp\/v2\/product"}],"about":[{"href":"https:\/\/serviclean.be\/de\/wp-json\/wp\/v2\/types\/product"}],"wp:featuredmedia":[{"embeddable":true,"href":"https:\/\/serviclean.be\/de\/wp-json\/wp\/v2\/media\/29165"}],"wp:attachment":[{"href":"https:\/\/serviclean.be\/de\/wp-json\/wp\/v2\/media?parent=29162"}],"wp:term":[{"taxonomy":"product_brand","embeddable":true,"href":"https:\/\/serviclean.be\/de\/wp-json\/wp\/v2\/product_brand?post=29162"},{"taxonomy":"product_cat","embeddable":true,"href":"https:\/\/serviclean.be\/de\/wp-json\/wp\/v2\/product_cat?post=29162"},{"taxonomy":"product_tag","embeddable":true,"href":"https:\/\/serviclean.be\/de\/wp-json\/wp\/v2\/product_tag?post=29162"}],"curies":[{"name":"wp","href":"https:\/\/api.w.org\/{rel}","templated":true}]}}