{"id":29157,"date":"2024-06-12T11:18:09","date_gmt":"2024-06-12T09:18:09","guid":{"rendered":"https:\/\/serviclean.be\/produit\/moerman-sponge-dry-fensterabzieher-25-cm\/"},"modified":"2024-06-12T11:18:09","modified_gmt":"2024-06-12T09:18:09","slug":"moerman-sponge-dry-fensterabzieher-25-cm","status":"publish","type":"product","link":"https:\/\/serviclean.be\/de\/produit\/moerman-sponge-dry-fensterabzieher-25-cm\/","title":{"rendered":"Moerman Sponge &amp; Dry Fensterabzieher 25 cm"},"content":{"rendered":"","protected":false},"excerpt":{"rendered":"<p>Der Moerman Sponge &amp; Dry Abzieher ist ein Werkzeug, <span class=\"Y2IQFc\" lang=\"fr\">ideal f\u00fcr die einfache, schnelle und komfortable Reinigung von Fenstern, Spiegeln und anderen gro\u00dfen Fl\u00e4chen.<\/span><\/p>\n<p><span style=\"color: #008000;\"><strong>Art.-Nr.: 0055<\/strong><\/span><\/p>\n","protected":false},"featured_media":29159,"template":"","meta":[],"product_brand":[],"product_cat":[576,591],"product_tag":[],"class_list":{"0":"post-29157","1":"product","2":"type-product","3":"status-publish","4":"has-post-thumbnail","6":"product_cat-fensterreinigungszubehor","7":"product_cat-material-zubehor","9":"first","10":"instock","11":"taxable","12":"shipping-taxable","13":"purchasable","14":"product-type-simple"},"acf":[],"_links":{"self":[{"href":"https:\/\/serviclean.be\/de\/wp-json\/wp\/v2\/product\/29157","targetHints":{"allow":["GET"]}}],"collection":[{"href":"https:\/\/serviclean.be\/de\/wp-json\/wp\/v2\/product"}],"about":[{"href":"https:\/\/serviclean.be\/de\/wp-json\/wp\/v2\/types\/product"}],"wp:featuredmedia":[{"embeddable":true,"href":"https:\/\/serviclean.be\/de\/wp-json\/wp\/v2\/media\/29159"}],"wp:attachment":[{"href":"https:\/\/serviclean.be\/de\/wp-json\/wp\/v2\/media?parent=29157"}],"wp:term":[{"taxonomy":"product_brand","embeddable":true,"href":"https:\/\/serviclean.be\/de\/wp-json\/wp\/v2\/product_brand?post=29157"},{"taxonomy":"product_cat","embeddable":true,"href":"https:\/\/serviclean.be\/de\/wp-json\/wp\/v2\/product_cat?post=29157"},{"taxonomy":"product_tag","embeddable":true,"href":"https:\/\/serviclean.be\/de\/wp-json\/wp\/v2\/product_tag?post=29157"}],"curies":[{"name":"wp","href":"https:\/\/api.w.org\/{rel}","templated":true}]}}