{"id":29151,"date":"2025-05-01T18:13:06","date_gmt":"2025-05-01T16:13:06","guid":{"rendered":"https:\/\/serviclean.be\/produit\/dr-beckmann-intensive-black-6-tuecher\/"},"modified":"2025-05-01T18:13:06","modified_gmt":"2025-05-01T16:13:06","slug":"dr-beckmann-intensive-black-6-tuecher","status":"publish","type":"product","link":"https:\/\/serviclean.be\/de\/produit\/dr-beckmann-intensive-black-6-tuecher\/","title":{"rendered":"DR BECKMANN INTENSIVE BLACK 6 T\u00dcCHER"},"content":{"rendered":"<p>Dr Beckmann Intensive Black \u2013 6 T\u00fccher ist speziell entwickelt, um schwarze und dunkle Kleidung zu sch\u00fctzen und aufzufrischen. Diese praktischen T\u00fccher verhindern Verf\u00e4rbungen, reduzieren Farb\u00fcbertragungen und erhalten die Intensit\u00e4t dunkler Farbt\u00f6ne W\u00e4sche f\u00fcr W\u00e4sche. Einfach anzuwenden, verl\u00e4ngern sie die Lebensdauer Ihrer Textilien und bewahren deren neuwertiges Aussehen.  <\/p>\n","protected":false},"excerpt":{"rendered":"<p>6 T\u00fccher Dr Beckmann Intensive Black zum Schutz und Auffrischen schwarzer Kleidung. Verhindert Verf\u00e4rbungen und Farb\u00fcbertragungen. <\/p>\n<p><strong><span style=\"color: #008000;\">Art.-Nr.: 6042<\/span><\/strong><\/p>\n","protected":false},"featured_media":20527,"template":"","meta":[],"product_brand":[],"product_cat":[602,615],"product_tag":[],"class_list":{"0":"post-29151","1":"product","2":"type-product","3":"status-publish","4":"has-post-thumbnail","6":"product_cat-waschmittel-und-weichspuler","7":"product_cat-waschepflege","9":"first","10":"instock","11":"taxable","12":"shipping-taxable","13":"purchasable","14":"product-type-simple"},"acf":[],"_links":{"self":[{"href":"https:\/\/serviclean.be\/de\/wp-json\/wp\/v2\/product\/29151","targetHints":{"allow":["GET"]}}],"collection":[{"href":"https:\/\/serviclean.be\/de\/wp-json\/wp\/v2\/product"}],"about":[{"href":"https:\/\/serviclean.be\/de\/wp-json\/wp\/v2\/types\/product"}],"wp:featuredmedia":[{"embeddable":true,"href":"https:\/\/serviclean.be\/de\/wp-json\/wp\/v2\/media\/20527"}],"wp:attachment":[{"href":"https:\/\/serviclean.be\/de\/wp-json\/wp\/v2\/media?parent=29151"}],"wp:term":[{"taxonomy":"product_brand","embeddable":true,"href":"https:\/\/serviclean.be\/de\/wp-json\/wp\/v2\/product_brand?post=29151"},{"taxonomy":"product_cat","embeddable":true,"href":"https:\/\/serviclean.be\/de\/wp-json\/wp\/v2\/product_cat?post=29151"},{"taxonomy":"product_tag","embeddable":true,"href":"https:\/\/serviclean.be\/de\/wp-json\/wp\/v2\/product_tag?post=29151"}],"curies":[{"name":"wp","href":"https:\/\/api.w.org\/{rel}","templated":true}]}}