{"id":29147,"date":"2025-05-03T15:59:39","date_gmt":"2025-05-03T13:59:39","guid":{"rendered":"https:\/\/serviclean.be\/produit\/febreze-0-orchidee-300-ml\/"},"modified":"2025-05-03T15:59:39","modified_gmt":"2025-05-03T13:59:39","slug":"febreze-0-orchidee-300-ml","status":"publish","type":"product","link":"https:\/\/serviclean.be\/de\/produit\/febreze-0-orchidee-300-ml\/","title":{"rendered":"FEBREZE 0% ORCHIDEE 300 ML"},"content":{"rendered":"<p>Das Febreze 0% Orchidee Spray 300 ml ist ohne Allergene und Farbstoffe formuliert, um eine reine und sanfte Frische zu bieten, ideal f\u00fcr empfindliche Personen. Es neutralisiert effektiv unangenehme Ger\u00fcche und verbreitet gleichzeitig einen leichten und eleganten Orchideenduft. Perfekt f\u00fcr den t\u00e4glichen Gebrauch im Haus, im B\u00fcro oder in jedem Innenraum, sorgt dieses Spray f\u00fcr eine angenehme Atmosph\u00e4re ohne Kompromisse bei Sicherheit und Sanftheit.  <\/p>\n","protected":false},"excerpt":{"rendered":"<p>Febreze 0% Orchidee Spray 300 ml, ohne Allergene oder Farbstoffe, neutralisiert Ger\u00fcche mit einem leichten Duft.<\/p>\n<p><strong><span style=\"color: #008000;\">Ref: 1235<\/span><\/strong><\/p>\n","protected":false},"featured_media":20555,"template":"","meta":[],"product_brand":[],"product_cat":[651],"product_tag":[],"class_list":{"0":"post-29147","1":"product","2":"type-product","3":"status-publish","4":"has-post-thumbnail","6":"product_cat-lufterfrischer","8":"first","9":"onbackorder","10":"taxable","11":"shipping-taxable","12":"purchasable","13":"product-type-simple"},"acf":[],"_links":{"self":[{"href":"https:\/\/serviclean.be\/de\/wp-json\/wp\/v2\/product\/29147","targetHints":{"allow":["GET"]}}],"collection":[{"href":"https:\/\/serviclean.be\/de\/wp-json\/wp\/v2\/product"}],"about":[{"href":"https:\/\/serviclean.be\/de\/wp-json\/wp\/v2\/types\/product"}],"wp:featuredmedia":[{"embeddable":true,"href":"https:\/\/serviclean.be\/de\/wp-json\/wp\/v2\/media\/20555"}],"wp:attachment":[{"href":"https:\/\/serviclean.be\/de\/wp-json\/wp\/v2\/media?parent=29147"}],"wp:term":[{"taxonomy":"product_brand","embeddable":true,"href":"https:\/\/serviclean.be\/de\/wp-json\/wp\/v2\/product_brand?post=29147"},{"taxonomy":"product_cat","embeddable":true,"href":"https:\/\/serviclean.be\/de\/wp-json\/wp\/v2\/product_cat?post=29147"},{"taxonomy":"product_tag","embeddable":true,"href":"https:\/\/serviclean.be\/de\/wp-json\/wp\/v2\/product_tag?post=29147"}],"curies":[{"name":"wp","href":"https:\/\/api.w.org\/{rel}","templated":true}]}}